{"id":1097,"date":"2025-04-28T03:56:41","date_gmt":"2025-04-28T01:56:41","guid":{"rendered":"https:\/\/www.regionalis.shop\/les-frotteurs\/product\/schluesselanhaenger-frosch-auch-als-taschenclip-gluecksbringer\/"},"modified":"2025-11-05T09:50:57","modified_gmt":"2025-11-05T08:50:57","slug":"schluesselanhaenger-frosch-auch-als-taschenclip-gluecksbringer","status":"publish","type":"product","link":"https:\/\/www.regionalis.shop\/les-frotteurs\/shop\/schluesselanhaenger-frosch-auch-als-taschenclip-gluecksbringer\/","title":{"rendered":"Schl\u00fcsselanh\u00e4nger Frosch, Taschenclip"},"content":{"rendered":"<p>Frosch Anh\u00e4nger, wird auf Bestellung gemacht mit Schl\u00fcsselring und\/oder Karabiner.<\/p>\n<p>Handlich gemacht als best\u00e4ndigen Begleiter.<br \/>\nKann als Taschenanh\u00e4nger, Schl\u00fcsselhalter oder Mitfahrer verwendet werden, es gibt jede Menge M\u00f6glichkeiten f\u00fcr das Tierchen um n\u00fctzlich zu sein.<br \/>\nAuch die Kugelkette kann ge\u00f6ffnet und gek\u00fcrzt werden.<\/p>\n<p>Ma\u00dfe: ca. 6 x 4,5 cm<\/p>\n<p>Material: Baumwollgarn, F\u00fcllwatte, Metall<\/p>\n<p>Jedes St\u00fcck wurde von mir kreiert und handgefertigt<br \/>\nMehr in meinem regionalis Shop \ud83d\ude42<\/p>\n","protected":false},"excerpt":{"rendered":"<p>Frosch Anh\u00e4nger, wird auf Bestellung gemacht mit Schl\u00fcsselring und\/oder Karabiner. Handlich gemacht als best\u00e4ndigen Begleiter. Kann als Taschenanh\u00e4nger, Schl\u00fcsselhalter oder Mitfahrer verwendet werden, es gibt jede Menge M\u00f6glichkeiten f\u00fcr das Tierchen um n\u00fctzlich zu sein. Auch die Kugelkette kann ge\u00f6ffnet und gek\u00fcrzt werden. Ma\u00dfe: ca. 6 x 4,5 cm Material: Baumwollgarn, F\u00fcllwatte, Metall Jedes St\u00fcck &hellip; <a href=\"https:\/\/www.regionalis.shop\/les-frotteurs\/shop\/schluesselanhaenger-frosch-auch-als-taschenclip-gluecksbringer\/\">Continued<\/a><\/p>\n","protected":false},"featured_media":1098,"template":"","meta":{"_acf_changed":false},"product_brand":[],"product_cat":[37,107,38,68,82],"product_tag":[236,219,237,201,223,238,209,184],"class_list":{"0":"post-1097","1":"product","2":"type-product","3":"status-publish","4":"has-post-thumbnail","6":"product_cat-accessoires","7":"product_cat-accessoires-baby-kinder","8":"product_cat-baby-kinder","9":"product_cat-schluesselanhaenger","10":"product_cat-sonstiges-accessoires","11":"product_tag-frosch-anhaenger","12":"product_tag-gluecksbringer","13":"product_tag-gruener-frosch","14":"product_tag-haekeltier","15":"product_tag-herz-karabiner","16":"product_tag-kroete","17":"product_tag-rucksack-clip","18":"product_tag-taschenanhaenger","20":"first","21":"instock","22":"purchasable","23":"product-type-simple"},"acf":[],"_links":{"self":[{"href":"https:\/\/www.regionalis.shop\/les-frotteurs\/wp-json\/wp\/v2\/product\/1097","targetHints":{"allow":["GET"]}}],"collection":[{"href":"https:\/\/www.regionalis.shop\/les-frotteurs\/wp-json\/wp\/v2\/product"}],"about":[{"href":"https:\/\/www.regionalis.shop\/les-frotteurs\/wp-json\/wp\/v2\/types\/product"}],"wp:featuredmedia":[{"embeddable":true,"href":"https:\/\/www.regionalis.shop\/les-frotteurs\/wp-json\/wp\/v2\/media\/1098"}],"wp:attachment":[{"href":"https:\/\/www.regionalis.shop\/les-frotteurs\/wp-json\/wp\/v2\/media?parent=1097"}],"wp:term":[{"taxonomy":"product_brand","embeddable":true,"href":"https:\/\/www.regionalis.shop\/les-frotteurs\/wp-json\/wp\/v2\/product_brand?post=1097"},{"taxonomy":"product_cat","embeddable":true,"href":"https:\/\/www.regionalis.shop\/les-frotteurs\/wp-json\/wp\/v2\/product_cat?post=1097"},{"taxonomy":"product_tag","embeddable":true,"href":"https:\/\/www.regionalis.shop\/les-frotteurs\/wp-json\/wp\/v2\/product_tag?post=1097"}],"curies":[{"name":"wp","href":"https:\/\/api.w.org\/{rel}","templated":true}]}}