{"id":1101,"date":"2025-04-28T03:52:49","date_gmt":"2025-04-28T01:52:49","guid":{"rendered":"https:\/\/www.regionalis.shop\/les-frotteurs\/product\/giraffe-mit-bleistift-haekeltier-aufsatz-fuer-stift-im-regenbogendesign\/"},"modified":"2025-11-05T21:14:08","modified_gmt":"2025-11-05T20:14:08","slug":"giraffe-mit-bleistift-haekeltier-aufsatz-fuer-stift-im-regenbogendesign","status":"publish","type":"product","link":"https:\/\/www.regionalis.shop\/les-frotteurs\/shop\/giraffe-mit-bleistift-haekeltier-aufsatz-fuer-stift-im-regenbogendesign\/","title":{"rendered":"Giraffe mit Bleistift, H\u00e4keltier"},"content":{"rendered":"<p>Giraffen Aufsatz f\u00fcr einen Graphitbleistift im tollem Regenbogendesign<br \/>\nDie Kappe ist nicht fixiert und kann auf jeden anderen Bleistift mit \u00e4hnlicher Gr\u00f6\u00dfe gesteckt werden<\/p>\n<p>Stift: Standard HB Bleistift<br \/>\ndie bunten Schichten wurden aus Papier gemacht<\/p>\n<p>Handgemachte Giraffe, Aufsatz in Gelb und Beige<br \/>\nBaumwollgarn, feine Handarbeit<\/p>\n<p>Wunschfarbe m\u00f6glich!<\/p>\n<p>L\u00e4nge insgesamt: ca. 20 cm<\/p>\n<p>Jedes St\u00fcck wurde von mir kreiert und handgefertigt<br \/>\nMehr in meinem Shop \ud83d\ude42<\/p>\n","protected":false},"excerpt":{"rendered":"<p>Giraffen Aufsatz f\u00fcr einen Graphitbleistift im tollem Regenbogendesign Die Kappe ist nicht fixiert und kann auf jeden anderen Bleistift mit \u00e4hnlicher Gr\u00f6\u00dfe gesteckt werden Stift: Standard HB Bleistift die bunten Schichten wurden aus Papier gemacht Handgemachte Giraffe, Aufsatz in Gelb und Beige Baumwollgarn, feine Handarbeit Wunschfarbe m\u00f6glich! L\u00e4nge insgesamt: ca. 20 cm Jedes St\u00fcck wurde &hellip; <a href=\"https:\/\/www.regionalis.shop\/les-frotteurs\/shop\/giraffe-mit-bleistift-haekeltier-aufsatz-fuer-stift-im-regenbogendesign\/\">Continued<\/a><\/p>\n","protected":false},"featured_media":1102,"template":"","meta":{"_acf_changed":false},"product_brand":[],"product_cat":[38,72,75,80,87],"product_tag":[],"class_list":{"0":"post-1101","1":"product","2":"type-product","3":"status-publish","4":"has-post-thumbnail","6":"product_cat-baby-kinder","7":"product_cat-schreibwaren","8":"product_cat-schule-lernen","9":"product_cat-sonstiges-baby-kinder","10":"product_cat-sonstiges-papeterie-schreibwaren","12":"first","13":"instock","14":"purchasable","15":"product-type-simple"},"acf":[],"_links":{"self":[{"href":"https:\/\/www.regionalis.shop\/les-frotteurs\/wp-json\/wp\/v2\/product\/1101","targetHints":{"allow":["GET"]}}],"collection":[{"href":"https:\/\/www.regionalis.shop\/les-frotteurs\/wp-json\/wp\/v2\/product"}],"about":[{"href":"https:\/\/www.regionalis.shop\/les-frotteurs\/wp-json\/wp\/v2\/types\/product"}],"wp:featuredmedia":[{"embeddable":true,"href":"https:\/\/www.regionalis.shop\/les-frotteurs\/wp-json\/wp\/v2\/media\/1102"}],"wp:attachment":[{"href":"https:\/\/www.regionalis.shop\/les-frotteurs\/wp-json\/wp\/v2\/media?parent=1101"}],"wp:term":[{"taxonomy":"product_brand","embeddable":true,"href":"https:\/\/www.regionalis.shop\/les-frotteurs\/wp-json\/wp\/v2\/product_brand?post=1101"},{"taxonomy":"product_cat","embeddable":true,"href":"https:\/\/www.regionalis.shop\/les-frotteurs\/wp-json\/wp\/v2\/product_cat?post=1101"},{"taxonomy":"product_tag","embeddable":true,"href":"https:\/\/www.regionalis.shop\/les-frotteurs\/wp-json\/wp\/v2\/product_tag?post=1101"}],"curies":[{"name":"wp","href":"https:\/\/api.w.org\/{rel}","templated":true}]}}