{"id":1111,"date":"2025-04-28T03:52:49","date_gmt":"2025-04-28T01:52:49","guid":{"rendered":"https:\/\/www.regionalis.shop\/les-frotteurs\/product\/rosa-einhorn-bleistift-topper-mit-stift-im-regenbogendesign\/"},"modified":"2025-11-05T09:55:58","modified_gmt":"2025-11-05T08:55:58","slug":"rosa-einhorn-bleistift-topper-mit-stift-im-regenbogendesign","status":"publish","type":"product","link":"https:\/\/www.regionalis.shop\/les-frotteurs\/shop\/rosa-einhorn-bleistift-topper-mit-stift-im-regenbogendesign\/","title":{"rendered":"Rosa Einhorn Bleistift, Topper mit Stift"},"content":{"rendered":"<p>Einhorn mit rosa M\u00e4hne, Aufsatz mit einem Graphitbleistift im tollem Regenbogendesign<br \/>\nDie Kappe ist nicht fixiert und kann auf jeden anderen Bleistift mit \u00e4hnlicher Gr\u00f6\u00dfe gesteckt werden<\/p>\n<p>Stift: Standard HB Bleistift<br \/>\ndie bunten Schichten wurden aus Papier gemacht und hinterlassen beim Anspitzen einen sch\u00f6nen Regenbogen \ud83d\ude42<\/p>\n<p>Handgemachter Einhorn Aufsatz in Wei\u00df und Rosafarben<br \/>\nBaumwollgarn, feine Handarbeit<\/p>\n<p>Wunschfarbe m\u00f6glich!<\/p>\n<p>L\u00e4nge insgesamt: ca. 20 cm<\/p>\n<p>Jedes St\u00fcck wurde von mir kreiert und handgefertigt<br \/>\nMehr in meinem regionalis Shop \ud83d\ude42<\/p>\n","protected":false},"excerpt":{"rendered":"<p>Einhorn mit rosa M\u00e4hne, Aufsatz mit einem Graphitbleistift im tollem Regenbogendesign Die Kappe ist nicht fixiert und kann auf jeden anderen Bleistift mit \u00e4hnlicher Gr\u00f6\u00dfe gesteckt werden Stift: Standard HB Bleistift die bunten Schichten wurden aus Papier gemacht und hinterlassen beim Anspitzen einen sch\u00f6nen Regenbogen \ud83d\ude42 Handgemachter Einhorn Aufsatz in Wei\u00df und Rosafarben Baumwollgarn, feine &hellip; <a href=\"https:\/\/www.regionalis.shop\/les-frotteurs\/shop\/rosa-einhorn-bleistift-topper-mit-stift-im-regenbogendesign\/\">Continued<\/a><\/p>\n","protected":false},"featured_media":1112,"template":"","meta":{"_acf_changed":false},"product_brand":[],"product_cat":[38,72,75,80,87],"product_tag":[212,241,192,191,240,207,239],"class_list":{"0":"post-1111","1":"product","2":"type-product","3":"status-publish","4":"has-post-thumbnail","6":"product_cat-baby-kinder","7":"product_cat-schreibwaren","8":"product_cat-schule-lernen","9":"product_cat-sonstiges-baby-kinder","10":"product_cat-sonstiges-papeterie-schreibwaren","11":"product_tag-bleistift-topper","12":"product_tag-buntes-pferd","13":"product_tag-home-office","14":"product_tag-homeschooling","15":"product_tag-rosa-einhorn","16":"product_tag-stift-aufsatz","17":"product_tag-unicorn","19":"first","20":"instock","21":"purchasable","22":"product-type-simple"},"acf":[],"_links":{"self":[{"href":"https:\/\/www.regionalis.shop\/les-frotteurs\/wp-json\/wp\/v2\/product\/1111","targetHints":{"allow":["GET"]}}],"collection":[{"href":"https:\/\/www.regionalis.shop\/les-frotteurs\/wp-json\/wp\/v2\/product"}],"about":[{"href":"https:\/\/www.regionalis.shop\/les-frotteurs\/wp-json\/wp\/v2\/types\/product"}],"wp:featuredmedia":[{"embeddable":true,"href":"https:\/\/www.regionalis.shop\/les-frotteurs\/wp-json\/wp\/v2\/media\/1112"}],"wp:attachment":[{"href":"https:\/\/www.regionalis.shop\/les-frotteurs\/wp-json\/wp\/v2\/media?parent=1111"}],"wp:term":[{"taxonomy":"product_brand","embeddable":true,"href":"https:\/\/www.regionalis.shop\/les-frotteurs\/wp-json\/wp\/v2\/product_brand?post=1111"},{"taxonomy":"product_cat","embeddable":true,"href":"https:\/\/www.regionalis.shop\/les-frotteurs\/wp-json\/wp\/v2\/product_cat?post=1111"},{"taxonomy":"product_tag","embeddable":true,"href":"https:\/\/www.regionalis.shop\/les-frotteurs\/wp-json\/wp\/v2\/product_tag?post=1111"}],"curies":[{"name":"wp","href":"https:\/\/api.w.org\/{rel}","templated":true}]}}