{"id":1116,"date":"2025-04-28T03:52:49","date_gmt":"2025-04-28T01:52:49","guid":{"rendered":"https:\/\/www.regionalis.shop\/les-frotteurs\/product\/esel-bleistift-haekeltier-aufsatz-mit-stift-im-regenbogendesign\/"},"modified":"2025-11-04T21:07:40","modified_gmt":"2025-11-04T20:07:40","slug":"esel-bleistift-haekeltier-aufsatz-mit-stift-im-regenbogendesign","status":"publish","type":"product","link":"https:\/\/www.regionalis.shop\/les-frotteurs\/shop\/esel-bleistift-haekeltier-aufsatz-mit-stift-im-regenbogendesign\/","title":{"rendered":"Esel Bleistift, H\u00e4keltier mit Stift"},"content":{"rendered":"<p>Esel Aufsatz f\u00fcr einen Graphitbleistift im speziellem Regenbogendesign<br \/>\nDie Kappe ist nicht fixiert und kann auf jeden anderen Bleistift mit \u00e4hnlicher Gr\u00f6\u00dfe gesteckt werden<\/p>\n<p>Stift: Standard HB Bleistift<br \/>\ndie bunten Schichten wurden aus Papier gemacht und hinterlassen beim Anspitzen einen Regenbogen \ud83d\ude42<\/p>\n<p>Handgemachter Esel Aufsatz in Graut\u00f6nen<br \/>\nBaumwollgarn, Handarbeit<\/p>\n<p>L\u00e4nge insgesamt: ca. 20 cm<\/p>\n<p>Jedes St\u00fcck wurde von mir kreiert und handgefertigt<br \/>\nMehr in meinem Shop \ud83d\ude42<\/p>\n","protected":false},"excerpt":{"rendered":"<p>Esel Aufsatz f\u00fcr einen Graphitbleistift im speziellem Regenbogendesign Die Kappe ist nicht fixiert und kann auf jeden anderen Bleistift mit \u00e4hnlicher Gr\u00f6\u00dfe gesteckt werden Stift: Standard HB Bleistift die bunten Schichten wurden aus Papier gemacht und hinterlassen beim Anspitzen einen Regenbogen \ud83d\ude42 Handgemachter Esel Aufsatz in Graut\u00f6nen Baumwollgarn, Handarbeit L\u00e4nge insgesamt: ca. 20 cm Jedes &hellip; <a href=\"https:\/\/www.regionalis.shop\/les-frotteurs\/shop\/esel-bleistift-haekeltier-aufsatz-mit-stift-im-regenbogendesign\/\">Continued<\/a><\/p>\n","protected":false},"featured_media":1117,"template":"","meta":{"_acf_changed":false},"product_brand":[],"product_cat":[38,75,80,82],"product_tag":[205,204,185,201,187,181,192,191,188,206,207],"class_list":{"0":"post-1116","1":"product","2":"type-product","3":"status-publish","4":"has-post-thumbnail","6":"product_cat-baby-kinder","7":"product_cat-schule-lernen","8":"product_cat-sonstiges-baby-kinder","9":"product_cat-sonstiges-accessoires","10":"product_tag-bleistift","11":"product_tag-esel-topper","12":"product_tag-geschenkidee","13":"product_tag-haekeltier","14":"product_tag-handarbeit","15":"product_tag-handgemacht","16":"product_tag-home-office","17":"product_tag-homeschooling","18":"product_tag-kleines-geschenk","19":"product_tag-pony-pferd","20":"product_tag-stift-aufsatz","22":"first","23":"instock","24":"purchasable","25":"product-type-simple"},"acf":[],"_links":{"self":[{"href":"https:\/\/www.regionalis.shop\/les-frotteurs\/wp-json\/wp\/v2\/product\/1116","targetHints":{"allow":["GET"]}}],"collection":[{"href":"https:\/\/www.regionalis.shop\/les-frotteurs\/wp-json\/wp\/v2\/product"}],"about":[{"href":"https:\/\/www.regionalis.shop\/les-frotteurs\/wp-json\/wp\/v2\/types\/product"}],"wp:featuredmedia":[{"embeddable":true,"href":"https:\/\/www.regionalis.shop\/les-frotteurs\/wp-json\/wp\/v2\/media\/1117"}],"wp:attachment":[{"href":"https:\/\/www.regionalis.shop\/les-frotteurs\/wp-json\/wp\/v2\/media?parent=1116"}],"wp:term":[{"taxonomy":"product_brand","embeddable":true,"href":"https:\/\/www.regionalis.shop\/les-frotteurs\/wp-json\/wp\/v2\/product_brand?post=1116"},{"taxonomy":"product_cat","embeddable":true,"href":"https:\/\/www.regionalis.shop\/les-frotteurs\/wp-json\/wp\/v2\/product_cat?post=1116"},{"taxonomy":"product_tag","embeddable":true,"href":"https:\/\/www.regionalis.shop\/les-frotteurs\/wp-json\/wp\/v2\/product_tag?post=1116"}],"curies":[{"name":"wp","href":"https:\/\/api.w.org\/{rel}","templated":true}]}}