{"id":1131,"date":"2025-04-28T03:52:49","date_gmt":"2025-04-28T01:52:49","guid":{"rendered":"https:\/\/www.regionalis.shop\/les-frotteurs\/product\/dackel-bleistift\/"},"modified":"2025-11-05T20:59:43","modified_gmt":"2025-11-05T19:59:43","slug":"dackel-bleistift","status":"publish","type":"product","link":"https:\/\/www.regionalis.shop\/les-frotteurs\/shop\/dackel-bleistift\/","title":{"rendered":"Dackel Bleistift"},"content":{"rendered":"<p>Dackel Aufsatz auf einem Graphitbleistift im Regenbogendesign<br \/>\nDie Kappe ist nicht fixiert und kann auf jeden anderen Bleistift mit \u00e4hnlicher Gr\u00f6\u00dfe gesteckt werden<\/p>\n<p>Stift: Standard HB Bleistift<br \/>\ndie bunten Schichten wurden aus Papier gemacht<\/p>\n<p>Handgemachter Dackel Aufsatz in schwarz und braun<br \/>\nBaumwollgarn, feine Handarbeit<\/p>\n<p>L\u00e4nge: ca. 20 cm<\/p>\n<p>Jedes St\u00fcck wurde von mir kreiert und handgefertigt<br \/>\nMehr in meinem Shop \ud83d\ude42<\/p>\n","protected":false},"excerpt":{"rendered":"<p>Dackel Aufsatz auf einem Graphitbleistift im Regenbogendesign Die Kappe ist nicht fixiert und kann auf jeden anderen Bleistift mit \u00e4hnlicher Gr\u00f6\u00dfe gesteckt werden Stift: Standard HB Bleistift die bunten Schichten wurden aus Papier gemacht Handgemachter Dackel Aufsatz in schwarz und braun Baumwollgarn, feine Handarbeit L\u00e4nge: ca. 20 cm Jedes St\u00fcck wurde von mir kreiert und &hellip; <a href=\"https:\/\/www.regionalis.shop\/les-frotteurs\/shop\/dackel-bleistift\/\">Continued<\/a><\/p>\n","protected":false},"featured_media":1132,"template":"","meta":{"_acf_changed":false},"product_brand":[],"product_cat":[62,72,75,80,87],"product_tag":[247,245,248,249,246],"class_list":{"0":"post-1131","1":"product","2":"type-product","3":"status-publish","4":"has-post-thumbnail","6":"product_cat-papeterie-schreibwaren","7":"product_cat-schreibwaren","8":"product_cat-schule-lernen","9":"product_cat-sonstiges-baby-kinder","10":"product_cat-sonstiges-papeterie-schreibwaren","11":"product_tag-brauner-hund","12":"product_tag-dackel-stift","13":"product_tag-haustier-begleiter","14":"product_tag-naturfreund","15":"product_tag-rauhaardackel","17":"first","18":"instock","19":"purchasable","20":"product-type-simple"},"acf":[],"_links":{"self":[{"href":"https:\/\/www.regionalis.shop\/les-frotteurs\/wp-json\/wp\/v2\/product\/1131","targetHints":{"allow":["GET"]}}],"collection":[{"href":"https:\/\/www.regionalis.shop\/les-frotteurs\/wp-json\/wp\/v2\/product"}],"about":[{"href":"https:\/\/www.regionalis.shop\/les-frotteurs\/wp-json\/wp\/v2\/types\/product"}],"wp:featuredmedia":[{"embeddable":true,"href":"https:\/\/www.regionalis.shop\/les-frotteurs\/wp-json\/wp\/v2\/media\/1132"}],"wp:attachment":[{"href":"https:\/\/www.regionalis.shop\/les-frotteurs\/wp-json\/wp\/v2\/media?parent=1131"}],"wp:term":[{"taxonomy":"product_brand","embeddable":true,"href":"https:\/\/www.regionalis.shop\/les-frotteurs\/wp-json\/wp\/v2\/product_brand?post=1131"},{"taxonomy":"product_cat","embeddable":true,"href":"https:\/\/www.regionalis.shop\/les-frotteurs\/wp-json\/wp\/v2\/product_cat?post=1131"},{"taxonomy":"product_tag","embeddable":true,"href":"https:\/\/www.regionalis.shop\/les-frotteurs\/wp-json\/wp\/v2\/product_tag?post=1131"}],"curies":[{"name":"wp","href":"https:\/\/api.w.org\/{rel}","templated":true}]}}