{"id":1136,"date":"2025-04-28T03:52:49","date_gmt":"2025-04-28T01:52:49","guid":{"rendered":"https:\/\/www.regionalis.shop\/les-frotteurs\/product\/katze-mit-bleistift-haekeltier-topper-auf-stift\/"},"modified":"2025-11-05T20:55:25","modified_gmt":"2025-11-05T19:55:25","slug":"katze-mit-bleistift-haekeltier-topper-auf-stift","status":"publish","type":"product","link":"https:\/\/www.regionalis.shop\/les-frotteurs\/shop\/katze-mit-bleistift-haekeltier-topper-auf-stift\/","title":{"rendered":"Katze mit Bleistift, H\u00e4keltier auf Stift"},"content":{"rendered":"<p>Katzen Topper f\u00fcr einen Graphitbleistift im tollem Regenbogendesign<br \/>\nDie Kappe ist nicht fixiert und kann auf jeden anderen Bleistift mit \u00e4hnlicher Gr\u00f6\u00dfe gesteckt werden<\/p>\n<p>Stift: Standard HB Bleistift<br \/>\ndie bunten Schichten wurden aus Papier gemacht<\/p>\n<p>Handgemachter K\u00e4tzchen Aufsatz, grau getigert<br \/>\nBaumwollgarn, feine Handarbeit<\/p>\n<p>Wunschfarbe m\u00f6glich!<\/p>\n<p>L\u00e4nge insgesamt: ca. 20 cm<\/p>\n<p>Jedes St\u00fcck wurde von mir kreiert und handgefertigt<br \/>\nMehr in meinem regionalis Shop \ud83d\ude42<\/p>\n","protected":false},"excerpt":{"rendered":"<p>Katzen Topper f\u00fcr einen Graphitbleistift im tollem Regenbogendesign Die Kappe ist nicht fixiert und kann auf jeden anderen Bleistift mit \u00e4hnlicher Gr\u00f6\u00dfe gesteckt werden Stift: Standard HB Bleistift die bunten Schichten wurden aus Papier gemacht Handgemachter K\u00e4tzchen Aufsatz, grau getigert Baumwollgarn, feine Handarbeit Wunschfarbe m\u00f6glich! L\u00e4nge insgesamt: ca. 20 cm Jedes St\u00fcck wurde von mir &hellip; <a href=\"https:\/\/www.regionalis.shop\/les-frotteurs\/shop\/katze-mit-bleistift-haekeltier-topper-auf-stift\/\">Continued<\/a><\/p>\n","protected":false},"featured_media":1137,"template":"","meta":{"_acf_changed":false},"product_brand":[],"product_cat":[62,72],"product_tag":[219,201,244,192,191,242,243],"class_list":{"0":"post-1136","1":"product","2":"type-product","3":"status-publish","4":"has-post-thumbnail","6":"product_cat-papeterie-schreibwaren","7":"product_cat-schreibwaren","8":"product_tag-gluecksbringer","9":"product_tag-haekeltier","10":"product_tag-haustier","11":"product_tag-home-office","12":"product_tag-homeschooling","13":"product_tag-katzen-bleistift","14":"product_tag-topper-stift","16":"first","17":"instock","18":"purchasable","19":"product-type-simple"},"acf":[],"_links":{"self":[{"href":"https:\/\/www.regionalis.shop\/les-frotteurs\/wp-json\/wp\/v2\/product\/1136","targetHints":{"allow":["GET"]}}],"collection":[{"href":"https:\/\/www.regionalis.shop\/les-frotteurs\/wp-json\/wp\/v2\/product"}],"about":[{"href":"https:\/\/www.regionalis.shop\/les-frotteurs\/wp-json\/wp\/v2\/types\/product"}],"wp:featuredmedia":[{"embeddable":true,"href":"https:\/\/www.regionalis.shop\/les-frotteurs\/wp-json\/wp\/v2\/media\/1137"}],"wp:attachment":[{"href":"https:\/\/www.regionalis.shop\/les-frotteurs\/wp-json\/wp\/v2\/media?parent=1136"}],"wp:term":[{"taxonomy":"product_brand","embeddable":true,"href":"https:\/\/www.regionalis.shop\/les-frotteurs\/wp-json\/wp\/v2\/product_brand?post=1136"},{"taxonomy":"product_cat","embeddable":true,"href":"https:\/\/www.regionalis.shop\/les-frotteurs\/wp-json\/wp\/v2\/product_cat?post=1136"},{"taxonomy":"product_tag","embeddable":true,"href":"https:\/\/www.regionalis.shop\/les-frotteurs\/wp-json\/wp\/v2\/product_tag?post=1136"}],"curies":[{"name":"wp","href":"https:\/\/api.w.org\/{rel}","templated":true}]}}