{"id":1147,"date":"2025-04-28T03:48:47","date_gmt":"2025-04-28T01:48:47","guid":{"rendered":"https:\/\/www.regionalis.shop\/les-frotteurs\/product\/fuchs-bleistift\/"},"modified":"2025-11-05T21:18:00","modified_gmt":"2025-11-05T20:18:00","slug":"fuchs-bleistift","status":"publish","type":"product","link":"https:\/\/www.regionalis.shop\/les-frotteurs\/shop\/fuchs-bleistift\/","title":{"rendered":"Fuchs Bleistift"},"content":{"rendered":"<p>Fuchs auf einen Graphitbleistift im Regenbogendesign<br \/>\nDas Tier ist nicht fixiert und kann auf jeden anderen Bleistift mit \u00e4hnlicher Gr\u00f6\u00dfe gesteckt werden<\/p>\n<p>Stift: Standard HB Bleistift<br \/>\ndie bunten Schichten wurden aus Papier gemacht<\/p>\n<p>Handgemachter Fuchs Aufsatz<br \/>\nBaumwollgarn, feine Handarbeit<br \/>\nWunschfarbe m\u00f6glich<\/p>\n<p>L\u00e4nge: ca. 20 cm<\/p>\n<p>Mehr Tiere hier in meinen Shop auf regionalis<\/p>\n","protected":false},"excerpt":{"rendered":"<p>Fuchs auf einen Graphitbleistift im Regenbogendesign Das Tier ist nicht fixiert und kann auf jeden anderen Bleistift mit \u00e4hnlicher Gr\u00f6\u00dfe gesteckt werden Stift: Standard HB Bleistift die bunten Schichten wurden aus Papier gemacht Handgemachter Fuchs Aufsatz Baumwollgarn, feine Handarbeit Wunschfarbe m\u00f6glich L\u00e4nge: ca. 20 cm Mehr Tiere hier in meinen Shop auf regionalis<\/p>\n","protected":false},"featured_media":1148,"template":"","meta":{"_acf_changed":false},"product_brand":[],"product_cat":[62,72],"product_tag":[],"class_list":{"0":"post-1147","1":"product","2":"type-product","3":"status-publish","4":"has-post-thumbnail","6":"product_cat-papeterie-schreibwaren","7":"product_cat-schreibwaren","9":"first","10":"instock","11":"purchasable","12":"product-type-simple"},"acf":[],"_links":{"self":[{"href":"https:\/\/www.regionalis.shop\/les-frotteurs\/wp-json\/wp\/v2\/product\/1147","targetHints":{"allow":["GET"]}}],"collection":[{"href":"https:\/\/www.regionalis.shop\/les-frotteurs\/wp-json\/wp\/v2\/product"}],"about":[{"href":"https:\/\/www.regionalis.shop\/les-frotteurs\/wp-json\/wp\/v2\/types\/product"}],"wp:featuredmedia":[{"embeddable":true,"href":"https:\/\/www.regionalis.shop\/les-frotteurs\/wp-json\/wp\/v2\/media\/1148"}],"wp:attachment":[{"href":"https:\/\/www.regionalis.shop\/les-frotteurs\/wp-json\/wp\/v2\/media?parent=1147"}],"wp:term":[{"taxonomy":"product_brand","embeddable":true,"href":"https:\/\/www.regionalis.shop\/les-frotteurs\/wp-json\/wp\/v2\/product_brand?post=1147"},{"taxonomy":"product_cat","embeddable":true,"href":"https:\/\/www.regionalis.shop\/les-frotteurs\/wp-json\/wp\/v2\/product_cat?post=1147"},{"taxonomy":"product_tag","embeddable":true,"href":"https:\/\/www.regionalis.shop\/les-frotteurs\/wp-json\/wp\/v2\/product_tag?post=1147"}],"curies":[{"name":"wp","href":"https:\/\/api.w.org\/{rel}","templated":true}]}}