{"id":1166,"date":"2025-04-18T05:04:54","date_gmt":"2025-04-18T03:04:54","guid":{"rendered":"https:\/\/www.regionalis.shop\/les-frotteurs\/product\/schwan-bleistift\/"},"modified":"2025-11-05T21:29:57","modified_gmt":"2025-11-05T20:29:57","slug":"schwan-bleistift","status":"publish","type":"product","link":"https:\/\/www.regionalis.shop\/les-frotteurs\/shop\/schwan-bleistift\/","title":{"rendered":"Schwan Bleistift"},"content":{"rendered":"<p>Schwan mit Krone f\u00fcr Prinzessinnen<br \/>\nDie Kappe ist nicht fixiert und kann auf jeden anderen Bleistift mit \u00e4hnlicher Gr\u00f6\u00dfe gesteckt werden<\/p>\n<p>Stift: Standard HB Bleistift, rosa-marmor Print<\/p>\n<p>Handgemachter Schwan Aufsatz<br \/>\nBaumwollgarn, feine Handarbeit<br \/>\nWunschfarbe m\u00f6glich<\/p>\n<p>L\u00e4nge: ca. 22 cm<\/p>\n<p>Jedes St\u00fcck wurde von mir kreiert und handgefertigt<br \/>\nMehr in meinem regionalis Shop \ud83d\ude42<\/p>\n","protected":false},"excerpt":{"rendered":"<p>Schwan mit Krone f\u00fcr Prinzessinnen Die Kappe ist nicht fixiert und kann auf jeden anderen Bleistift mit \u00e4hnlicher Gr\u00f6\u00dfe gesteckt werden Stift: Standard HB Bleistift, rosa-marmor Print Handgemachter Schwan Aufsatz Baumwollgarn, feine Handarbeit Wunschfarbe m\u00f6glich L\u00e4nge: ca. 22 cm Jedes St\u00fcck wurde von mir kreiert und handgefertigt Mehr in meinem regionalis Shop \ud83d\ude42<\/p>\n","protected":false},"featured_media":1167,"template":"","meta":{"_acf_changed":false},"product_brand":[],"product_cat":[62,72,75,80,87],"product_tag":[],"class_list":{"0":"post-1166","1":"product","2":"type-product","3":"status-publish","4":"has-post-thumbnail","6":"product_cat-papeterie-schreibwaren","7":"product_cat-schreibwaren","8":"product_cat-schule-lernen","9":"product_cat-sonstiges-baby-kinder","10":"product_cat-sonstiges-papeterie-schreibwaren","12":"first","13":"instock","14":"purchasable","15":"product-type-simple"},"acf":[],"_links":{"self":[{"href":"https:\/\/www.regionalis.shop\/les-frotteurs\/wp-json\/wp\/v2\/product\/1166","targetHints":{"allow":["GET"]}}],"collection":[{"href":"https:\/\/www.regionalis.shop\/les-frotteurs\/wp-json\/wp\/v2\/product"}],"about":[{"href":"https:\/\/www.regionalis.shop\/les-frotteurs\/wp-json\/wp\/v2\/types\/product"}],"wp:featuredmedia":[{"embeddable":true,"href":"https:\/\/www.regionalis.shop\/les-frotteurs\/wp-json\/wp\/v2\/media\/1167"}],"wp:attachment":[{"href":"https:\/\/www.regionalis.shop\/les-frotteurs\/wp-json\/wp\/v2\/media?parent=1166"}],"wp:term":[{"taxonomy":"product_brand","embeddable":true,"href":"https:\/\/www.regionalis.shop\/les-frotteurs\/wp-json\/wp\/v2\/product_brand?post=1166"},{"taxonomy":"product_cat","embeddable":true,"href":"https:\/\/www.regionalis.shop\/les-frotteurs\/wp-json\/wp\/v2\/product_cat?post=1166"},{"taxonomy":"product_tag","embeddable":true,"href":"https:\/\/www.regionalis.shop\/les-frotteurs\/wp-json\/wp\/v2\/product_tag?post=1166"}],"curies":[{"name":"wp","href":"https:\/\/api.w.org\/{rel}","templated":true}]}}