{"id":1171,"date":"2025-04-18T04:43:32","date_gmt":"2025-04-18T02:43:32","guid":{"rendered":"https:\/\/www.regionalis.shop\/les-frotteurs\/product\/schutzengel-bleistift-wunschfarben\/"},"modified":"2025-11-05T21:39:34","modified_gmt":"2025-11-05T20:39:34","slug":"schutzengel-bleistift-wunschfarben","status":"publish","type":"product","link":"https:\/\/www.regionalis.shop\/les-frotteurs\/shop\/schutzengel-bleistift-wunschfarben\/","title":{"rendered":"Schutzengel Bleistift, Wunschfarben"},"content":{"rendered":"<p>Engel Aufsatz mit einem Graphitbleistift<br \/>\nDie Kappe ist nicht fixiert und kann auf jeden anderen Bleistift mit \u00e4hnlicher Gr\u00f6\u00dfe gesteckt werden<\/p>\n<p>Stift: Standard HB Bleistift in gold-marmor Druck<\/p>\n<p>Handgemachter Engel Aufsatz in Flieder, Wei\u00df und Gold<br \/>\nWunschfarben m\u00f6glich, einfach bei Bestellung angeben!<\/p>\n<p>L\u00e4nge insgesamt: ca. 20 cm<\/p>\n<p>Jedes St\u00fcck wurde von mir kreiert und wird auf Bestellung handgefertigt<br \/>\nMehr in meinem Shop \ud83d\ude42<\/p>\n","protected":false},"excerpt":{"rendered":"<p>Engel Aufsatz mit einem Graphitbleistift Die Kappe ist nicht fixiert und kann auf jeden anderen Bleistift mit \u00e4hnlicher Gr\u00f6\u00dfe gesteckt werden Stift: Standard HB Bleistift in gold-marmor Druck Handgemachter Engel Aufsatz in Flieder, Wei\u00df und Gold Wunschfarben m\u00f6glich, einfach bei Bestellung angeben! L\u00e4nge insgesamt: ca. 20 cm Jedes St\u00fcck wurde von mir kreiert und wird &hellip; <a href=\"https:\/\/www.regionalis.shop\/les-frotteurs\/shop\/schutzengel-bleistift-wunschfarben\/\">Continued<\/a><\/p>\n","protected":false},"featured_media":1172,"template":"","meta":{"_acf_changed":false},"product_brand":[],"product_cat":[38,75],"product_tag":[185,219,188,256,216,257],"class_list":{"0":"post-1171","1":"product","2":"type-product","3":"status-publish","4":"has-post-thumbnail","6":"product_cat-baby-kinder","7":"product_cat-schule-lernen","8":"product_tag-geschenkidee","9":"product_tag-gluecksbringer","10":"product_tag-kleines-geschenk","11":"product_tag-schutzengel","12":"product_tag-talisman","13":"product_tag-weihnachtlich","15":"first","16":"instock","17":"purchasable","18":"product-type-simple"},"acf":[],"_links":{"self":[{"href":"https:\/\/www.regionalis.shop\/les-frotteurs\/wp-json\/wp\/v2\/product\/1171","targetHints":{"allow":["GET"]}}],"collection":[{"href":"https:\/\/www.regionalis.shop\/les-frotteurs\/wp-json\/wp\/v2\/product"}],"about":[{"href":"https:\/\/www.regionalis.shop\/les-frotteurs\/wp-json\/wp\/v2\/types\/product"}],"wp:featuredmedia":[{"embeddable":true,"href":"https:\/\/www.regionalis.shop\/les-frotteurs\/wp-json\/wp\/v2\/media\/1172"}],"wp:attachment":[{"href":"https:\/\/www.regionalis.shop\/les-frotteurs\/wp-json\/wp\/v2\/media?parent=1171"}],"wp:term":[{"taxonomy":"product_brand","embeddable":true,"href":"https:\/\/www.regionalis.shop\/les-frotteurs\/wp-json\/wp\/v2\/product_brand?post=1171"},{"taxonomy":"product_cat","embeddable":true,"href":"https:\/\/www.regionalis.shop\/les-frotteurs\/wp-json\/wp\/v2\/product_cat?post=1171"},{"taxonomy":"product_tag","embeddable":true,"href":"https:\/\/www.regionalis.shop\/les-frotteurs\/wp-json\/wp\/v2\/product_tag?post=1171"}],"curies":[{"name":"wp","href":"https:\/\/api.w.org\/{rel}","templated":true}]}}