{"id":1181,"date":"2025-04-18T04:43:32","date_gmt":"2025-04-18T02:43:32","guid":{"rendered":"https:\/\/www.regionalis.shop\/les-frotteurs\/product\/2-engel-bleistifte-wunschfarben\/"},"modified":"2025-11-05T21:32:51","modified_gmt":"2025-11-05T20:32:51","slug":"2-engel-bleistifte-wunschfarben","status":"publish","type":"product","link":"https:\/\/www.regionalis.shop\/les-frotteurs\/shop\/2-engel-bleistifte-wunschfarben\/","title":{"rendered":"2 Engel Bleistifte, Wunschfarben"},"content":{"rendered":"<p>2 Engel Topper mit Graphitbleistift<br \/>\nDie Kappen sind nicht fixiert und k\u00f6nnen auf jeden anderen Bleistift mit \u00e4hnlicher Gr\u00f6\u00dfe gesteckt werden<\/p>\n<p>Stift: Standard HB Bleistift in gold-marmor Mantel<\/p>\n<p>Handgemachter Engel Aufsatz in Wei\u00df und Gold \u2026<br \/>\nWunschfarben m\u00f6glich, einfach bei Bestellung angeben!<\/p>\n<p>L\u00e4nge insgesamt: ca. 20 cm<\/p>\n<p>Jedes St\u00fcck wurde von mir kreiert und wird auf Bestellung handgefertigt<br \/>\nMehr in meinem Shop \ud83d\ude42<\/p>\n","protected":false},"excerpt":{"rendered":"<p>2 Engel Topper mit Graphitbleistift Die Kappen sind nicht fixiert und k\u00f6nnen auf jeden anderen Bleistift mit \u00e4hnlicher Gr\u00f6\u00dfe gesteckt werden Stift: Standard HB Bleistift in gold-marmor Mantel Handgemachter Engel Aufsatz in Wei\u00df und Gold \u2026 Wunschfarben m\u00f6glich, einfach bei Bestellung angeben! L\u00e4nge insgesamt: ca. 20 cm Jedes St\u00fcck wurde von mir kreiert und wird &hellip; <a href=\"https:\/\/www.regionalis.shop\/les-frotteurs\/shop\/2-engel-bleistifte-wunschfarben\/\">Continued<\/a><\/p>\n","protected":false},"featured_media":1182,"template":"","meta":{"_acf_changed":false},"product_brand":[],"product_cat":[38,75],"product_tag":[],"class_list":{"0":"post-1181","1":"product","2":"type-product","3":"status-publish","4":"has-post-thumbnail","6":"product_cat-baby-kinder","7":"product_cat-schule-lernen","9":"first","10":"instock","11":"purchasable","12":"product-type-simple"},"acf":[],"_links":{"self":[{"href":"https:\/\/www.regionalis.shop\/les-frotteurs\/wp-json\/wp\/v2\/product\/1181","targetHints":{"allow":["GET"]}}],"collection":[{"href":"https:\/\/www.regionalis.shop\/les-frotteurs\/wp-json\/wp\/v2\/product"}],"about":[{"href":"https:\/\/www.regionalis.shop\/les-frotteurs\/wp-json\/wp\/v2\/types\/product"}],"wp:featuredmedia":[{"embeddable":true,"href":"https:\/\/www.regionalis.shop\/les-frotteurs\/wp-json\/wp\/v2\/media\/1182"}],"wp:attachment":[{"href":"https:\/\/www.regionalis.shop\/les-frotteurs\/wp-json\/wp\/v2\/media?parent=1181"}],"wp:term":[{"taxonomy":"product_brand","embeddable":true,"href":"https:\/\/www.regionalis.shop\/les-frotteurs\/wp-json\/wp\/v2\/product_brand?post=1181"},{"taxonomy":"product_cat","embeddable":true,"href":"https:\/\/www.regionalis.shop\/les-frotteurs\/wp-json\/wp\/v2\/product_cat?post=1181"},{"taxonomy":"product_tag","embeddable":true,"href":"https:\/\/www.regionalis.shop\/les-frotteurs\/wp-json\/wp\/v2\/product_tag?post=1181"}],"curies":[{"name":"wp","href":"https:\/\/api.w.org\/{rel}","templated":true}]}}