{"id":1186,"date":"2025-04-18T02:05:55","date_gmt":"2025-04-18T00:05:55","guid":{"rendered":"https:\/\/www.regionalis.shop\/les-frotteurs\/product\/hasen-bleistift-beigefarben-mit-stift-aus-zeitungspapier\/"},"modified":"2025-11-06T09:39:27","modified_gmt":"2025-11-06T08:39:27","slug":"hasen-bleistift-beigefarben-mit-stift-aus-zeitungspapier","status":"publish","type":"product","link":"https:\/\/www.regionalis.shop\/les-frotteurs\/shop\/hasen-bleistift-beigefarben-mit-stift-aus-zeitungspapier\/","title":{"rendered":"Hasen Bleistift, beigefarben"},"content":{"rendered":"<p>H\u00e4schen Topper und einen Graphitbleistift aus recycle Zeitungspapier<br \/>\nDie Kappe ist nicht fixiert und kann auf jeden anderen Bleistift mit \u00e4hnlicher Gr\u00f6\u00dfe gesteckt werden<\/p>\n<p>Stift: 2B extra dark Bleistift<br \/>\numweltfreundlich aus Altpapier gemacht<\/p>\n<p>Handgemachter Hasen Topper aus melierten Garn<br \/>\nBaumwollgarn, feine Handarbeit<br \/>\nWunschfarbe m\u00f6glich<\/p>\n<p>L\u00e4nge: ca. 20 cm<\/p>\n<p>Jedes St\u00fcck wurde von mir kreiert und handgefertigt<br \/>\nMehr in meinem Shop \ud83d\ude42<\/p>\n","protected":false},"excerpt":{"rendered":"<p>H\u00e4schen Topper und einen Graphitbleistift aus recycle Zeitungspapier Die Kappe ist nicht fixiert und kann auf jeden anderen Bleistift mit \u00e4hnlicher Gr\u00f6\u00dfe gesteckt werden Stift: 2B extra dark Bleistift umweltfreundlich aus Altpapier gemacht Handgemachter Hasen Topper aus melierten Garn Baumwollgarn, feine Handarbeit Wunschfarbe m\u00f6glich L\u00e4nge: ca. 20 cm Jedes St\u00fcck wurde von mir kreiert und &hellip; <a href=\"https:\/\/www.regionalis.shop\/les-frotteurs\/shop\/hasen-bleistift-beigefarben-mit-stift-aus-zeitungspapier\/\">Continued<\/a><\/p>\n","protected":false},"featured_media":1187,"template":"","meta":{"_acf_changed":false},"product_brand":[],"product_cat":[38,72,75,80,87],"product_tag":[261,260,201,181,262,263],"class_list":{"0":"post-1186","1":"product","2":"type-product","3":"status-publish","4":"has-post-thumbnail","6":"product_cat-baby-kinder","7":"product_cat-schreibwaren","8":"product_cat-schule-lernen","9":"product_cat-sonstiges-baby-kinder","10":"product_cat-sonstiges-papeterie-schreibwaren","11":"product_tag-amigurumi","12":"product_tag-beiger-hase","13":"product_tag-haekeltier","14":"product_tag-handgemacht","15":"product_tag-kaninchen","16":"product_tag-stift-topper","18":"first","19":"instock","20":"purchasable","21":"product-type-simple"},"acf":[],"_links":{"self":[{"href":"https:\/\/www.regionalis.shop\/les-frotteurs\/wp-json\/wp\/v2\/product\/1186","targetHints":{"allow":["GET"]}}],"collection":[{"href":"https:\/\/www.regionalis.shop\/les-frotteurs\/wp-json\/wp\/v2\/product"}],"about":[{"href":"https:\/\/www.regionalis.shop\/les-frotteurs\/wp-json\/wp\/v2\/types\/product"}],"wp:featuredmedia":[{"embeddable":true,"href":"https:\/\/www.regionalis.shop\/les-frotteurs\/wp-json\/wp\/v2\/media\/1187"}],"wp:attachment":[{"href":"https:\/\/www.regionalis.shop\/les-frotteurs\/wp-json\/wp\/v2\/media?parent=1186"}],"wp:term":[{"taxonomy":"product_brand","embeddable":true,"href":"https:\/\/www.regionalis.shop\/les-frotteurs\/wp-json\/wp\/v2\/product_brand?post=1186"},{"taxonomy":"product_cat","embeddable":true,"href":"https:\/\/www.regionalis.shop\/les-frotteurs\/wp-json\/wp\/v2\/product_cat?post=1186"},{"taxonomy":"product_tag","embeddable":true,"href":"https:\/\/www.regionalis.shop\/les-frotteurs\/wp-json\/wp\/v2\/product_tag?post=1186"}],"curies":[{"name":"wp","href":"https:\/\/api.w.org\/{rel}","templated":true}]}}