{"id":1191,"date":"2025-04-18T02:05:55","date_gmt":"2025-04-18T00:05:55","guid":{"rendered":"https:\/\/www.regionalis.shop\/les-frotteurs\/product\/bleistift-grauer-hase-mit-stift-aus-zeitungspapier\/"},"modified":"2025-11-06T09:34:11","modified_gmt":"2025-11-06T08:34:11","slug":"bleistift-grauer-hase-mit-stift-aus-zeitungspapier","status":"publish","type":"product","link":"https:\/\/www.regionalis.shop\/les-frotteurs\/shop\/bleistift-grauer-hase-mit-stift-aus-zeitungspapier\/","title":{"rendered":"Bleistift Grauer Hase"},"content":{"rendered":"<p>H\u00e4schen Topper auf einen Graphitbleistift aus recycle Zeitungspapier<br \/>\nDie Kappe ist nicht fixiert und kann auf jeden anderen Bleistift mit \u00e4hnlicher Gr\u00f6\u00dfe gesteckt werden<\/p>\n<p>Stift: 2B extra dark Bleistift<br \/>\numweltfreundlich aus Altpapier gemacht<\/p>\n<p>Handgemachter Hasen Topper aus melierten Garn<br \/>\nBaumwollgarn, feine Handarbeit<br \/>\nWunschfarbe m\u00f6glich<\/p>\n<p>L\u00e4nge: ca. 20 cm<\/p>\n<p>Jedes St\u00fcck wurde von mir kreiert und handgefertigt<br \/>\nMehr in meinem Shop \ud83d\ude42<\/p>\n","protected":false},"excerpt":{"rendered":"<p>H\u00e4schen Topper auf einen Graphitbleistift aus recycle Zeitungspapier Die Kappe ist nicht fixiert und kann auf jeden anderen Bleistift mit \u00e4hnlicher Gr\u00f6\u00dfe gesteckt werden Stift: 2B extra dark Bleistift umweltfreundlich aus Altpapier gemacht Handgemachter Hasen Topper aus melierten Garn Baumwollgarn, feine Handarbeit Wunschfarbe m\u00f6glich L\u00e4nge: ca. 20 cm Jedes St\u00fcck wurde von mir kreiert und &hellip; <a href=\"https:\/\/www.regionalis.shop\/les-frotteurs\/shop\/bleistift-grauer-hase-mit-stift-aus-zeitungspapier\/\">Continued<\/a><\/p>\n","protected":false},"featured_media":1192,"template":"","meta":{"_acf_changed":false},"product_brand":[],"product_cat":[38,72,75,80,87],"product_tag":[],"class_list":{"0":"post-1191","1":"product","2":"type-product","3":"status-publish","4":"has-post-thumbnail","6":"product_cat-baby-kinder","7":"product_cat-schreibwaren","8":"product_cat-schule-lernen","9":"product_cat-sonstiges-baby-kinder","10":"product_cat-sonstiges-papeterie-schreibwaren","12":"first","13":"instock","14":"purchasable","15":"product-type-simple"},"acf":[],"_links":{"self":[{"href":"https:\/\/www.regionalis.shop\/les-frotteurs\/wp-json\/wp\/v2\/product\/1191","targetHints":{"allow":["GET"]}}],"collection":[{"href":"https:\/\/www.regionalis.shop\/les-frotteurs\/wp-json\/wp\/v2\/product"}],"about":[{"href":"https:\/\/www.regionalis.shop\/les-frotteurs\/wp-json\/wp\/v2\/types\/product"}],"wp:featuredmedia":[{"embeddable":true,"href":"https:\/\/www.regionalis.shop\/les-frotteurs\/wp-json\/wp\/v2\/media\/1192"}],"wp:attachment":[{"href":"https:\/\/www.regionalis.shop\/les-frotteurs\/wp-json\/wp\/v2\/media?parent=1191"}],"wp:term":[{"taxonomy":"product_brand","embeddable":true,"href":"https:\/\/www.regionalis.shop\/les-frotteurs\/wp-json\/wp\/v2\/product_brand?post=1191"},{"taxonomy":"product_cat","embeddable":true,"href":"https:\/\/www.regionalis.shop\/les-frotteurs\/wp-json\/wp\/v2\/product_cat?post=1191"},{"taxonomy":"product_tag","embeddable":true,"href":"https:\/\/www.regionalis.shop\/les-frotteurs\/wp-json\/wp\/v2\/product_tag?post=1191"}],"curies":[{"name":"wp","href":"https:\/\/api.w.org\/{rel}","templated":true}]}}