{"id":1196,"date":"2025-04-18T02:05:55","date_gmt":"2025-04-18T00:05:55","guid":{"rendered":"https:\/\/www.regionalis.shop\/les-frotteurs\/product\/baer-bleistift-tier-topper-mit-stift-im-regenbogendesign\/"},"modified":"2025-11-06T09:32:25","modified_gmt":"2025-11-06T08:32:25","slug":"baer-bleistift-tier-topper-mit-stift-im-regenbogendesign","status":"publish","type":"product","link":"https:\/\/www.regionalis.shop\/les-frotteurs\/shop\/baer-bleistift-tier-topper-mit-stift-im-regenbogendesign\/","title":{"rendered":"B\u00e4r Bleistift, Topper mit Stift"},"content":{"rendered":"<p>B\u00e4r Aufsatz f\u00fcr einen Graphitbleistift im tollem Regenbogendesign<br \/>\nDie Kappe ist nicht fixiert und kann auf jeden anderen Bleistift mit \u00e4hnlicher Gr\u00f6\u00dfe gesteckt werden<\/p>\n<p>Stift: Standard HB Bleistift<br \/>\ndie bunten Schichten wurden aus Papier gemacht<\/p>\n<p>Handgemachter Teddyb\u00e4r Aufsatz in dunklen Braunt\u00f6nen<br \/>\nBaumwollgarn, feine Handarbeit<\/p>\n<p>Wunschfarbe m\u00f6glich!<\/p>\n<p>L\u00e4nge insgesamt: ca. 20 cm<\/p>\n<p>Jedes St\u00fcck wurde von mir kreiert und handgefertigt<br \/>\nMehr in meinem regionalis Shop \ud83d\ude42<\/p>\n","protected":false},"excerpt":{"rendered":"<p>B\u00e4r Aufsatz f\u00fcr einen Graphitbleistift im tollem Regenbogendesign Die Kappe ist nicht fixiert und kann auf jeden anderen Bleistift mit \u00e4hnlicher Gr\u00f6\u00dfe gesteckt werden Stift: Standard HB Bleistift die bunten Schichten wurden aus Papier gemacht Handgemachter Teddyb\u00e4r Aufsatz in dunklen Braunt\u00f6nen Baumwollgarn, feine Handarbeit Wunschfarbe m\u00f6glich! L\u00e4nge insgesamt: ca. 20 cm Jedes St\u00fcck wurde von &hellip; <a href=\"https:\/\/www.regionalis.shop\/les-frotteurs\/shop\/baer-bleistift-tier-topper-mit-stift-im-regenbogendesign\/\">Continued<\/a><\/p>\n","protected":false},"featured_media":1197,"template":"","meta":{"_acf_changed":false},"product_brand":[],"product_cat":[38,72,75,80],"product_tag":[258,259,188],"class_list":{"0":"post-1196","1":"product","2":"type-product","3":"status-publish","4":"has-post-thumbnail","6":"product_cat-baby-kinder","7":"product_cat-schreibwaren","8":"product_cat-schule-lernen","9":"product_cat-sonstiges-baby-kinder","10":"product_tag-baer-bleistift","11":"product_tag-fuer-tierfreunde","12":"product_tag-kleines-geschenk","14":"first","15":"instock","16":"purchasable","17":"product-type-simple"},"acf":[],"_links":{"self":[{"href":"https:\/\/www.regionalis.shop\/les-frotteurs\/wp-json\/wp\/v2\/product\/1196","targetHints":{"allow":["GET"]}}],"collection":[{"href":"https:\/\/www.regionalis.shop\/les-frotteurs\/wp-json\/wp\/v2\/product"}],"about":[{"href":"https:\/\/www.regionalis.shop\/les-frotteurs\/wp-json\/wp\/v2\/types\/product"}],"wp:featuredmedia":[{"embeddable":true,"href":"https:\/\/www.regionalis.shop\/les-frotteurs\/wp-json\/wp\/v2\/media\/1197"}],"wp:attachment":[{"href":"https:\/\/www.regionalis.shop\/les-frotteurs\/wp-json\/wp\/v2\/media?parent=1196"}],"wp:term":[{"taxonomy":"product_brand","embeddable":true,"href":"https:\/\/www.regionalis.shop\/les-frotteurs\/wp-json\/wp\/v2\/product_brand?post=1196"},{"taxonomy":"product_cat","embeddable":true,"href":"https:\/\/www.regionalis.shop\/les-frotteurs\/wp-json\/wp\/v2\/product_cat?post=1196"},{"taxonomy":"product_tag","embeddable":true,"href":"https:\/\/www.regionalis.shop\/les-frotteurs\/wp-json\/wp\/v2\/product_tag?post=1196"}],"curies":[{"name":"wp","href":"https:\/\/api.w.org\/{rel}","templated":true}]}}