{"id":1201,"date":"2025-04-18T00:34:41","date_gmt":"2025-04-17T22:34:41","guid":{"rendered":"https:\/\/www.regionalis.shop\/les-frotteurs\/product\/loewe-mit-bleistift-haekeltier-topper-fuer-stift-im-home-office\/"},"modified":"2025-11-06T09:42:36","modified_gmt":"2025-11-06T08:42:36","slug":"loewe-mit-bleistift-haekeltier-topper-fuer-stift-im-home-office","status":"publish","type":"product","link":"https:\/\/www.regionalis.shop\/les-frotteurs\/shop\/loewe-mit-bleistift-haekeltier-topper-fuer-stift-im-home-office\/","title":{"rendered":"L\u00f6we auf Bleistift"},"content":{"rendered":"<p>Mehr Freude im Alltag \ud83d\ude42<br \/>\nL\u00f6wen Topper f\u00fcr einen Graphitbleistift im tollem Regenbogendesign<br \/>\nDie Kappe ist nicht fixiert und kann auf jeden anderen Bleistift mit \u00e4hnlicher Gr\u00f6\u00dfe gesteckt werden<\/p>\n<p>Stift: Standard HB Bleistift<br \/>\ndie bunten Schichten wurden aus Papier gemacht<\/p>\n<p>Handgemachter L\u00f6we, Aufsatz in Maisgelb und braunorange<br \/>\nBaumwollgarn, feine Handarbeit<\/p>\n<p>Wunschfarbe m\u00f6glich!<\/p>\n<p>L\u00e4nge insgesamt: ca. 20 cm<\/p>\n<p>Jedes St\u00fcck wurde von mir kreiert und handgefertigt<br \/>\nMehr in meinem Shop \ud83d\ude42<\/p>\n","protected":false},"excerpt":{"rendered":"<p>Mehr Freude im Alltag \ud83d\ude42 L\u00f6wen Topper f\u00fcr einen Graphitbleistift im tollem Regenbogendesign Die Kappe ist nicht fixiert und kann auf jeden anderen Bleistift mit \u00e4hnlicher Gr\u00f6\u00dfe gesteckt werden Stift: Standard HB Bleistift die bunten Schichten wurden aus Papier gemacht Handgemachter L\u00f6we, Aufsatz in Maisgelb und braunorange Baumwollgarn, feine Handarbeit Wunschfarbe m\u00f6glich! L\u00e4nge insgesamt: ca. &hellip; <a href=\"https:\/\/www.regionalis.shop\/les-frotteurs\/shop\/loewe-mit-bleistift-haekeltier-topper-fuer-stift-im-home-office\/\">Continued<\/a><\/p>\n","protected":false},"featured_media":1202,"template":"","meta":{"_acf_changed":false},"product_brand":[],"product_cat":[62,72,75,80,87],"product_tag":[265,212,201,188,264],"class_list":{"0":"post-1201","1":"product","2":"type-product","3":"status-publish","4":"has-post-thumbnail","6":"product_cat-papeterie-schreibwaren","7":"product_cat-schreibwaren","8":"product_cat-schule-lernen","9":"product_cat-sonstiges-baby-kinder","10":"product_cat-sonstiges-papeterie-schreibwaren","11":"product_tag-amigurumi-stift","12":"product_tag-bleistift-topper","13":"product_tag-haekeltier","14":"product_tag-kleines-geschenk","15":"product_tag-zootier","17":"first","18":"instock","19":"purchasable","20":"product-type-simple"},"acf":[],"_links":{"self":[{"href":"https:\/\/www.regionalis.shop\/les-frotteurs\/wp-json\/wp\/v2\/product\/1201","targetHints":{"allow":["GET"]}}],"collection":[{"href":"https:\/\/www.regionalis.shop\/les-frotteurs\/wp-json\/wp\/v2\/product"}],"about":[{"href":"https:\/\/www.regionalis.shop\/les-frotteurs\/wp-json\/wp\/v2\/types\/product"}],"wp:featuredmedia":[{"embeddable":true,"href":"https:\/\/www.regionalis.shop\/les-frotteurs\/wp-json\/wp\/v2\/media\/1202"}],"wp:attachment":[{"href":"https:\/\/www.regionalis.shop\/les-frotteurs\/wp-json\/wp\/v2\/media?parent=1201"}],"wp:term":[{"taxonomy":"product_brand","embeddable":true,"href":"https:\/\/www.regionalis.shop\/les-frotteurs\/wp-json\/wp\/v2\/product_brand?post=1201"},{"taxonomy":"product_cat","embeddable":true,"href":"https:\/\/www.regionalis.shop\/les-frotteurs\/wp-json\/wp\/v2\/product_cat?post=1201"},{"taxonomy":"product_tag","embeddable":true,"href":"https:\/\/www.regionalis.shop\/les-frotteurs\/wp-json\/wp\/v2\/product_tag?post=1201"}],"curies":[{"name":"wp","href":"https:\/\/api.w.org\/{rel}","templated":true}]}}