{"id":1362,"date":"2025-11-10T18:07:28","date_gmt":"2025-11-10T17:07:28","guid":{"rendered":"https:\/\/www.regionalis.shop\/les-frotteurs\/?post_type=product&#038;p=1362"},"modified":"2025-11-10T20:55:03","modified_gmt":"2025-11-10T19:55:03","slug":"wassermann-anhaenger","status":"publish","type":"product","link":"https:\/\/www.regionalis.shop\/les-frotteurs\/shop\/wassermann-anhaenger\/","title":{"rendered":"Wassermann Anh\u00e4nger"},"content":{"rendered":"<p>Wassermann Gl\u00fccksbringer mit Wunschnamen, Wunschwort oder Initialen, aber auch ohne Namensperle m\u00f6glich<br \/>\nWunschfarben in allen Details m\u00f6glich \ud83d\ude42 (Bei Kauf angeben)<\/p>\n<p>Geh\u00e4kelte Meermann im gr\u00fcnen Outfit<br \/>\nBaumwollgarn, Holzperlen, gewachste Baumwollkordel<br \/>\nWunschfarben m\u00f6glich!<br \/>\nL\u00e4nge ab den Haaren bis zur Schwanzflosse ca. 7 cm<\/p>\n<p>Diese s\u00fc\u00dfe Figur ist auch als Bleistift-Topper erh\u00e4llich!<br \/>\nAu\u00dferdem kann jeder Bleistift-Topper auch als Anh\u00e4nger bestellt werden, einfach deinen Wunsch beim Kauf angeben.<\/p>\n<p>Jeder Anh\u00e4nger wird mit viel Sorgfalt von Hand geh\u00e4kelt \u2013 so ist jeder Anh\u00e4nger ein echtes Einzelst\u00fcck. Die leuchtenden Farben und die verspielte Gestaltung machen sie zum perfekten Begleiter f\u00fcr Kinder, Wasser-Fans und alle, die das Besondere lieben.<\/p>\n<p>Das erwartet dich:<\/p>\n<ul>\n<li>Handgemacht &amp; mit Liebe gefertigt<\/li>\n<li>Inklusive Namensperle (Wunschname bei Bestellung angeben)<\/li>\n<li>Leicht und robust<\/li>\n<li>Geschenkfertig verpackt in umweltfreundlicher Verpackung<\/li>\n<li>Perfekt f\u00fcr Schulranzen, Federm\u00e4ppchen, Schl\u00fcsselbund oder Rucksack<\/li>\n<\/ul>\n<p>Hinweis: Nicht geeignet f\u00fcr Kinder unter 3 Jahren (verschluckbare Kleinteile).<\/p>\n<p>Jede Figur wird von mir handgearbeitet und erst auf Bestellung mit Liebe zum Detail zu einem Unikat geformt.<\/p>\n","protected":false},"excerpt":{"rendered":"<p>Wassermann Gl\u00fccksbringer mit Wunschnamen, Wunschwort oder Initialen, aber auch ohne Namensperle m\u00f6glich Wunschfarben in allen Details m\u00f6glich \ud83d\ude42 (Bei Kauf angeben) Geh\u00e4kelte Meermann im gr\u00fcnen Outfit Baumwollgarn, Holzperlen, gewachste Baumwollkordel Wunschfarben m\u00f6glich! L\u00e4nge ab den Haaren bis zur Schwanzflosse ca. 7 cm Diese s\u00fc\u00dfe Figur ist auch als Bleistift-Topper erh\u00e4llich! Au\u00dferdem kann jeder Bleistift-Topper auch &hellip; <a href=\"https:\/\/www.regionalis.shop\/les-frotteurs\/shop\/wassermann-anhaenger\/\">Continued<\/a><\/p>\n","protected":false},"featured_media":1366,"template":"","meta":{"_acf_changed":false},"product_brand":[],"product_cat":[37,107,38,68,80,82,18],"product_tag":[198,276,270,219,278,196,271,184,277,195],"class_list":{"0":"post-1362","1":"product","2":"type-product","3":"status-publish","4":"has-post-thumbnail","6":"product_cat-accessoires","7":"product_cat-accessoires-baby-kinder","8":"product_cat-baby-kinder","9":"product_cat-schluesselanhaenger","10":"product_cat-sonstiges-baby-kinder","11":"product_cat-sonstiges-accessoires","12":"product_cat-uncategorised","13":"product_tag-amigurumi-anhaenger","14":"product_tag-arielle-meerjungfrau","15":"product_tag-fertig-gehaekelt","16":"product_tag-gluecksbringer","17":"product_tag-personalisiert","18":"product_tag-reisebegleiter","19":"product_tag-schluesselanhaenger","20":"product_tag-taschenanhaenger","21":"product_tag-wassernixe","22":"product_tag-zippanhaenger","24":"first","25":"instock","26":"purchasable","27":"product-type-simple"},"acf":[],"_links":{"self":[{"href":"https:\/\/www.regionalis.shop\/les-frotteurs\/wp-json\/wp\/v2\/product\/1362","targetHints":{"allow":["GET"]}}],"collection":[{"href":"https:\/\/www.regionalis.shop\/les-frotteurs\/wp-json\/wp\/v2\/product"}],"about":[{"href":"https:\/\/www.regionalis.shop\/les-frotteurs\/wp-json\/wp\/v2\/types\/product"}],"wp:featuredmedia":[{"embeddable":true,"href":"https:\/\/www.regionalis.shop\/les-frotteurs\/wp-json\/wp\/v2\/media\/1366"}],"wp:attachment":[{"href":"https:\/\/www.regionalis.shop\/les-frotteurs\/wp-json\/wp\/v2\/media?parent=1362"}],"wp:term":[{"taxonomy":"product_brand","embeddable":true,"href":"https:\/\/www.regionalis.shop\/les-frotteurs\/wp-json\/wp\/v2\/product_brand?post=1362"},{"taxonomy":"product_cat","embeddable":true,"href":"https:\/\/www.regionalis.shop\/les-frotteurs\/wp-json\/wp\/v2\/product_cat?post=1362"},{"taxonomy":"product_tag","embeddable":true,"href":"https:\/\/www.regionalis.shop\/les-frotteurs\/wp-json\/wp\/v2\/product_tag?post=1362"}],"curies":[{"name":"wp","href":"https:\/\/api.w.org\/{rel}","templated":true}]}}