{"id":862,"date":"2025-05-24T13:44:06","date_gmt":"2025-05-24T11:44:06","guid":{"rendered":"https:\/\/starter.stage.shop-it.at\/?page_id=862"},"modified":"2025-10-23T15:21:37","modified_gmt":"2025-10-23T13:21:37","slug":"startseite","status":"publish","type":"page","link":"https:\/\/www.regionalis.shop\/lov-makramee\/","title":{"rendered":"Startseite"},"content":{"rendered":"<section>\n    <div class=\"header-title\">\n        <h1 class=\"h2\">Willkommen bei LoV Makramee<\/h1>\n    <\/div>\n            <h2 class=\"h3\">Handgemacht in Wien<\/h2>\n                <p>Mein Name ist Petra und ich bin zweifache Bubenmama. W\u00e4hrend meiner Karenz habe ich die Liebe zu Makramee entdeckt. Mit dieser orientalischen Knotentechnik zaubere ich Schl\u00fcsselanh\u00e4nger, Regenb\u00f6gen, Bl\u00e4tter, Wandbeh\u00e4nge und viel mehr. 2020 habe ich L\u2661V gegr\u00fcndet und m\u00f6chte Menschen mit meinen Produkten viel Freude schenken.<\/p>\n\n    \n    <h3>Produkte<\/h3>\n\n    <div class=\"woocommerce columns-3 \"><ul class=\"products columns-3\">\n<li class=\"product type-product post-1061 status-publish first instock product_cat-accessoires product_cat-schluesselanhaenger has-post-thumbnail purchasable product-type-simple\">\n\t<a href=\"https:\/\/www.regionalis.shop\/lov-makramee\/shop\/makramee-regenbogen-schluesselanhaenger\/\" class=\"woocommerce-LoopProduct-link woocommerce-loop-product__link\"><div class=\"wc-block-grid__product-image\"><img loading=\"lazy\" decoding=\"async\" width=\"420\" height=\"420\" src=\"https:\/\/www.regionalis.shop\/app\/uploads\/sites\/358\/5148_2021_12_08_01_31_13_649067248.png\" class=\"attachment-large size-large\" alt=\"Makramee Regenbogen Schl\u00fcsselanh\u00e4nger\" srcset=\"https:\/\/www.regionalis.shop\/app\/uploads\/sites\/358\/5148_2021_12_08_01_31_13_649067248.png 420w, https:\/\/www.regionalis.shop\/app\/uploads\/sites\/358\/5148_2021_12_08_01_31_13_649067248-300x300.png 300w, https:\/\/www.regionalis.shop\/app\/uploads\/sites\/358\/5148_2021_12_08_01_31_13_649067248-150x150.png 150w, https:\/\/www.regionalis.shop\/app\/uploads\/sites\/358\/5148_2021_12_08_01_31_13_649067248-100x100.png 100w\" sizes=\"auto, (max-width: 420px) 100vw, 420px\" \/><\/div><h2 class=\"woocommerce-loop-product__title\">Makramee Regenbogen Schl\u00fcsselanh\u00e4nger<\/h2>\n\t<span class=\"price\"><span class=\"woocommerce-Price-amount amount\"><bdi>19,00&nbsp;<span class=\"woocommerce-Price-currencySymbol\">&euro;<\/span><\/bdi><\/span><\/span>\n<\/a><\/li>\n<li class=\"product type-product post-1056 status-publish instock product_cat-weihnachten product_cat-wohnen-deko has-post-thumbnail purchasable product-type-simple\">\n\t<a href=\"https:\/\/www.regionalis.shop\/lov-makramee\/shop\/makramee-weihnachtsdeko-natural-gold-4er-set\/\" class=\"woocommerce-LoopProduct-link woocommerce-loop-product__link\"><div class=\"wc-block-grid__product-image\"><img loading=\"lazy\" decoding=\"async\" width=\"420\" height=\"420\" src=\"https:\/\/www.regionalis.shop\/app\/uploads\/sites\/358\/5148_2021_12_08_01_16_34_648221524.jpg\" class=\"attachment-large size-large\" alt=\"Makramee Weihnachtsdeko \u2013 Natural Gold \u2013 4er Set\" srcset=\"https:\/\/www.regionalis.shop\/app\/uploads\/sites\/358\/5148_2021_12_08_01_16_34_648221524.jpg 420w, https:\/\/www.regionalis.shop\/app\/uploads\/sites\/358\/5148_2021_12_08_01_16_34_648221524-300x300.jpg 300w, https:\/\/www.regionalis.shop\/app\/uploads\/sites\/358\/5148_2021_12_08_01_16_34_648221524-150x150.jpg 150w, https:\/\/www.regionalis.shop\/app\/uploads\/sites\/358\/5148_2021_12_08_01_16_34_648221524-100x100.jpg 100w\" sizes=\"auto, (max-width: 420px) 100vw, 420px\" \/><\/div><h2 class=\"woocommerce-loop-product__title\">Makramee Weihnachtsdeko \u2013 Natural Gold \u2013 4er Set<\/h2>\n\t<span class=\"price\"><span class=\"woocommerce-Price-amount amount\"><bdi>24,00&nbsp;<span class=\"woocommerce-Price-currencySymbol\">&euro;<\/span><\/bdi><\/span><\/span>\n<\/a><\/li>\n<li class=\"product type-product post-1052 status-publish last instock product_cat-weihnachten product_cat-wohnen-deko has-post-thumbnail purchasable product-type-simple\">\n\t<a href=\"https:\/\/www.regionalis.shop\/lov-makramee\/shop\/makramee-schneeflocke\/\" class=\"woocommerce-LoopProduct-link woocommerce-loop-product__link\"><div class=\"wc-block-grid__product-image\"><img loading=\"lazy\" decoding=\"async\" width=\"420\" height=\"420\" src=\"https:\/\/www.regionalis.shop\/app\/uploads\/sites\/358\/5148_2021_12_08_01_08_37_800353594.jpg\" class=\"attachment-large size-large\" alt=\"Makramee Schneeflocke\" srcset=\"https:\/\/www.regionalis.shop\/app\/uploads\/sites\/358\/5148_2021_12_08_01_08_37_800353594.jpg 420w, https:\/\/www.regionalis.shop\/app\/uploads\/sites\/358\/5148_2021_12_08_01_08_37_800353594-300x300.jpg 300w, https:\/\/www.regionalis.shop\/app\/uploads\/sites\/358\/5148_2021_12_08_01_08_37_800353594-150x150.jpg 150w, https:\/\/www.regionalis.shop\/app\/uploads\/sites\/358\/5148_2021_12_08_01_08_37_800353594-100x100.jpg 100w\" sizes=\"auto, (max-width: 420px) 100vw, 420px\" \/><\/div><h2 class=\"woocommerce-loop-product__title\">Makramee Schneeflocke<\/h2>\n\t<span class=\"price\"><span class=\"woocommerce-Price-amount amount\"><bdi>5,00&nbsp;<span class=\"woocommerce-Price-currencySymbol\">&euro;<\/span><\/bdi><\/span><\/span>\n<\/a><\/li>\n<\/ul>\n<\/div>\n    <p>\n        <a href=\"https:\/\/www.regionalis.shop\/lov-makramee\/shop\/\" class=\"btn btn-primary btn-icon-right\">\n            Alle Produkte <i class=\"bi bi-arrow-right-short\"><\/i>\n        <\/a>\n    <\/p>\n<\/section>\n\n<div data-block-name=\"woocommerce\/store-notices\" class=\"wc-block-store-notices woocommerce alignwide alignwide wp-block-woocommerce-store-notices\"><div class=\"woocommerce-notices-wrapper\"><\/div><\/div>","protected":false},"excerpt":{"rendered":"","protected":false},"author":1,"featured_media":0,"parent":0,"menu_order":0,"comment_status":"closed","ping_status":"closed","template":"template-home.blade.php","meta":{"_acf_changed":false,"footnotes":""},"class_list":["post-862","page","type-page","status-publish","hentry"],"acf":[],"_links":{"self":[{"href":"https:\/\/www.regionalis.shop\/lov-makramee\/wp-json\/wp\/v2\/pages\/862","targetHints":{"allow":["GET"]}}],"collection":[{"href":"https:\/\/www.regionalis.shop\/lov-makramee\/wp-json\/wp\/v2\/pages"}],"about":[{"href":"https:\/\/www.regionalis.shop\/lov-makramee\/wp-json\/wp\/v2\/types\/page"}],"author":[{"embeddable":true,"href":"https:\/\/www.regionalis.shop\/lov-makramee\/wp-json\/wp\/v2\/users\/1"}],"replies":[{"embeddable":true,"href":"https:\/\/www.regionalis.shop\/lov-makramee\/wp-json\/wp\/v2\/comments?post=862"}],"version-history":[{"count":28,"href":"https:\/\/www.regionalis.shop\/lov-makramee\/wp-json\/wp\/v2\/pages\/862\/revisions"}],"predecessor-version":[{"id":1041,"href":"https:\/\/www.regionalis.shop\/lov-makramee\/wp-json\/wp\/v2\/pages\/862\/revisions\/1041"}],"wp:attachment":[{"href":"https:\/\/www.regionalis.shop\/lov-makramee\/wp-json\/wp\/v2\/media?parent=862"}],"curies":[{"name":"wp","href":"https:\/\/api.w.org\/{rel}","templated":true}]}}