{"id":1052,"date":"2025-04-18T05:06:48","date_gmt":"2025-04-18T03:06:48","guid":{"rendered":"https:\/\/www.regionalis.shop\/lov-makramee\/product\/makramee-schneeflocke\/"},"modified":"2025-04-18T05:06:48","modified_gmt":"2025-04-18T03:06:48","slug":"makramee-schneeflocke","status":"publish","type":"product","link":"https:\/\/www.regionalis.shop\/lov-makramee\/shop\/makramee-schneeflocke\/","title":{"rendered":"Makramee Schneeflocke"},"content":{"rendered":"<p>Die Makramee Schneeflocke zaubert eine nat\u00fcrliche und dezente Dekoration f\u00fcr eine traumhafte Weihnachtszeit. Als Geschenkanh\u00e4nger, am Weihnachtsbaum oder als Gastgeschenk \u2013 passend zu deinem weihnachtlichen Boho-Style.<\/p>\n<p>Jeder Anh\u00e4nger wird von mir mit Liebe angefertigt und ist ein Einzelst\u00fcck. Ich verwende zu 100% recycelter Baumwollgarn.<\/p>\n<p>Gr\u00f6\u00dfe: ca. 10x10cm plus Schlaufe (8cm) zum Aufh\u00e4ngen<\/p>\n","protected":false},"excerpt":{"rendered":"<p>Die Makramee Schneeflocke zaubert eine nat\u00fcrliche und dezente Dekoration f\u00fcr eine traumhafte Weihnachtszeit. Als Geschenkanh\u00e4nger, am Weihnachtsbaum oder als Gastgeschenk \u2013 passend zu deinem weihnachtlichen Boho-Style. Jeder Anh\u00e4nger wird von mir mit Liebe angefertigt und ist ein Einzelst\u00fcck. Ich verwende zu 100% recycelter Baumwollgarn. Gr\u00f6\u00dfe: ca. 10x10cm plus Schlaufe (8cm) zum Aufh\u00e4ngen<\/p>\n","protected":false},"featured_media":1053,"template":"","meta":{"_acf_changed":false},"product_brand":[],"product_cat":[173,103],"product_tag":[],"class_list":{"0":"post-1052","1":"product","2":"type-product","3":"status-publish","4":"has-post-thumbnail","6":"product_cat-weihnachten","7":"product_cat-wohnen-deko","9":"first","10":"instock","11":"purchasable","12":"product-type-simple"},"acf":[],"_links":{"self":[{"href":"https:\/\/www.regionalis.shop\/lov-makramee\/wp-json\/wp\/v2\/product\/1052","targetHints":{"allow":["GET"]}}],"collection":[{"href":"https:\/\/www.regionalis.shop\/lov-makramee\/wp-json\/wp\/v2\/product"}],"about":[{"href":"https:\/\/www.regionalis.shop\/lov-makramee\/wp-json\/wp\/v2\/types\/product"}],"wp:featuredmedia":[{"embeddable":true,"href":"https:\/\/www.regionalis.shop\/lov-makramee\/wp-json\/wp\/v2\/media\/1053"}],"wp:attachment":[{"href":"https:\/\/www.regionalis.shop\/lov-makramee\/wp-json\/wp\/v2\/media?parent=1052"}],"wp:term":[{"taxonomy":"product_brand","embeddable":true,"href":"https:\/\/www.regionalis.shop\/lov-makramee\/wp-json\/wp\/v2\/product_brand?post=1052"},{"taxonomy":"product_cat","embeddable":true,"href":"https:\/\/www.regionalis.shop\/lov-makramee\/wp-json\/wp\/v2\/product_cat?post=1052"},{"taxonomy":"product_tag","embeddable":true,"href":"https:\/\/www.regionalis.shop\/lov-makramee\/wp-json\/wp\/v2\/product_tag?post=1052"}],"curies":[{"name":"wp","href":"https:\/\/api.w.org\/{rel}","templated":true}]}}