{"id":1056,"date":"2025-04-18T05:06:48","date_gmt":"2025-04-18T03:06:48","guid":{"rendered":"https:\/\/www.regionalis.shop\/lov-makramee\/product\/makramee-weihnachtsdeko-natural-gold-4er-set\/"},"modified":"2025-04-18T05:06:48","modified_gmt":"2025-04-18T03:06:48","slug":"makramee-weihnachtsdeko-natural-gold-4er-set","status":"publish","type":"product","link":"https:\/\/www.regionalis.shop\/lov-makramee\/shop\/makramee-weihnachtsdeko-natural-gold-4er-set\/","title":{"rendered":"Makramee Weihnachtsdeko \u2013 Natural Gold \u2013 4er Set"},"content":{"rendered":"<p>Das Makramee Weihnachtsdeko zaubert eine nat\u00fcrliche und dezente Dekoration f\u00fcr eine traumhafte Weihnachtszeit. Als Geschenkanh\u00e4nger, am Weihnachtsbaum oder als Gastgeschenk \u2013 passend zu deinem weihnachtlichen Boho-Style.<\/p>\n<p>Der Set besteht aus 4 Anh\u00e4ngern. Jeder Anh\u00e4nger wird von mir mit Liebe angefertigt und ist ein Einzelst\u00fcck. Ich verwende zu 100% recycelter Baumwollgarn.<\/p>\n<p>Gr\u00f6\u00dfe: ca. 9x7cm plus Schlaufe zum Aufh\u00e4ngen<\/p>\n","protected":false},"excerpt":{"rendered":"<p>Das Makramee Weihnachtsdeko zaubert eine nat\u00fcrliche und dezente Dekoration f\u00fcr eine traumhafte Weihnachtszeit. Als Geschenkanh\u00e4nger, am Weihnachtsbaum oder als Gastgeschenk \u2013 passend zu deinem weihnachtlichen Boho-Style. Der Set besteht aus 4 Anh\u00e4ngern. Jeder Anh\u00e4nger wird von mir mit Liebe angefertigt und ist ein Einzelst\u00fcck. Ich verwende zu 100% recycelter Baumwollgarn. Gr\u00f6\u00dfe: ca. 9x7cm plus Schlaufe &hellip; <a href=\"https:\/\/www.regionalis.shop\/lov-makramee\/shop\/makramee-weihnachtsdeko-natural-gold-4er-set\/\">Continued<\/a><\/p>\n","protected":false},"featured_media":1057,"template":"","meta":{"_acf_changed":false},"product_brand":[],"product_cat":[173,103],"product_tag":[],"class_list":{"0":"post-1056","1":"product","2":"type-product","3":"status-publish","4":"has-post-thumbnail","6":"product_cat-weihnachten","7":"product_cat-wohnen-deko","9":"first","10":"instock","11":"purchasable","12":"product-type-simple"},"acf":[],"_links":{"self":[{"href":"https:\/\/www.regionalis.shop\/lov-makramee\/wp-json\/wp\/v2\/product\/1056","targetHints":{"allow":["GET"]}}],"collection":[{"href":"https:\/\/www.regionalis.shop\/lov-makramee\/wp-json\/wp\/v2\/product"}],"about":[{"href":"https:\/\/www.regionalis.shop\/lov-makramee\/wp-json\/wp\/v2\/types\/product"}],"wp:featuredmedia":[{"embeddable":true,"href":"https:\/\/www.regionalis.shop\/lov-makramee\/wp-json\/wp\/v2\/media\/1057"}],"wp:attachment":[{"href":"https:\/\/www.regionalis.shop\/lov-makramee\/wp-json\/wp\/v2\/media?parent=1056"}],"wp:term":[{"taxonomy":"product_brand","embeddable":true,"href":"https:\/\/www.regionalis.shop\/lov-makramee\/wp-json\/wp\/v2\/product_brand?post=1056"},{"taxonomy":"product_cat","embeddable":true,"href":"https:\/\/www.regionalis.shop\/lov-makramee\/wp-json\/wp\/v2\/product_cat?post=1056"},{"taxonomy":"product_tag","embeddable":true,"href":"https:\/\/www.regionalis.shop\/lov-makramee\/wp-json\/wp\/v2\/product_tag?post=1056"}],"curies":[{"name":"wp","href":"https:\/\/api.w.org\/{rel}","templated":true}]}}