{"id":1061,"date":"2025-04-18T05:06:48","date_gmt":"2025-04-18T03:06:48","guid":{"rendered":"https:\/\/www.regionalis.shop\/lov-makramee\/product\/makramee-regenbogen-schluesselanhaenger\/"},"modified":"2025-04-18T05:06:48","modified_gmt":"2025-04-18T03:06:48","slug":"makramee-regenbogen-schluesselanhaenger","status":"publish","type":"product","link":"https:\/\/www.regionalis.shop\/lov-makramee\/shop\/makramee-regenbogen-schluesselanhaenger\/","title":{"rendered":"Makramee Regenbogen Schl\u00fcsselanh\u00e4nger"},"content":{"rendered":"<p>Regenbogen \u2013 ein Symbol f\u00fcr Toleranz, Harmonie und Hoffnung. Und nun auch als Schl\u00fcssel- oder Taschenanh\u00e4nger in der Mini Version.<br \/>\nEin tolles Geschenk f\u00fcr besondere Anl\u00e4sse, Babyshower, Kindergeburtstag oder zur Geburt.<\/p>\n<p>Gr\u00f6\u00dfe: 7cm lang (ohne Ring\/ mit Ring 10cm) und 6cm breit<\/p>\n<p>Jeder Regenbogen wurde von mir mit Liebe angefertigt und ist ein Einzelst\u00fcck. Ich verwende zu 100% recycelter Baumwollgarn.<\/p>\n","protected":false},"excerpt":{"rendered":"<p>Regenbogen \u2013 ein Symbol f\u00fcr Toleranz, Harmonie und Hoffnung. Und nun auch als Schl\u00fcssel- oder Taschenanh\u00e4nger in der Mini Version. Ein tolles Geschenk f\u00fcr besondere Anl\u00e4sse, Babyshower, Kindergeburtstag oder zur Geburt. Gr\u00f6\u00dfe: 7cm lang (ohne Ring\/ mit Ring 10cm) und 6cm breit Jeder Regenbogen wurde von mir mit Liebe angefertigt und ist ein Einzelst\u00fcck. Ich &hellip; <a href=\"https:\/\/www.regionalis.shop\/lov-makramee\/shop\/makramee-regenbogen-schluesselanhaenger\/\">Continued<\/a><\/p>\n","protected":false},"featured_media":1062,"template":"","meta":{"_acf_changed":false},"product_brand":[],"product_cat":[37,68],"product_tag":[],"class_list":{"0":"post-1061","1":"product","2":"type-product","3":"status-publish","4":"has-post-thumbnail","6":"product_cat-accessoires","7":"product_cat-schluesselanhaenger","9":"first","10":"instock","11":"purchasable","12":"product-type-simple"},"acf":[],"_links":{"self":[{"href":"https:\/\/www.regionalis.shop\/lov-makramee\/wp-json\/wp\/v2\/product\/1061","targetHints":{"allow":["GET"]}}],"collection":[{"href":"https:\/\/www.regionalis.shop\/lov-makramee\/wp-json\/wp\/v2\/product"}],"about":[{"href":"https:\/\/www.regionalis.shop\/lov-makramee\/wp-json\/wp\/v2\/types\/product"}],"wp:featuredmedia":[{"embeddable":true,"href":"https:\/\/www.regionalis.shop\/lov-makramee\/wp-json\/wp\/v2\/media\/1062"}],"wp:attachment":[{"href":"https:\/\/www.regionalis.shop\/lov-makramee\/wp-json\/wp\/v2\/media?parent=1061"}],"wp:term":[{"taxonomy":"product_brand","embeddable":true,"href":"https:\/\/www.regionalis.shop\/lov-makramee\/wp-json\/wp\/v2\/product_brand?post=1061"},{"taxonomy":"product_cat","embeddable":true,"href":"https:\/\/www.regionalis.shop\/lov-makramee\/wp-json\/wp\/v2\/product_cat?post=1061"},{"taxonomy":"product_tag","embeddable":true,"href":"https:\/\/www.regionalis.shop\/lov-makramee\/wp-json\/wp\/v2\/product_tag?post=1061"}],"curies":[{"name":"wp","href":"https:\/\/api.w.org\/{rel}","templated":true}]}}