{"id":108,"date":"2024-03-04T10:57:41","date_gmt":"2024-03-04T10:57:41","guid":{"rendered":"https:\/\/stage.shop-it.at\/?page_id=108"},"modified":"2025-10-21T17:33:35","modified_gmt":"2025-10-21T15:33:35","slug":"info","status":"publish","type":"page","link":"https:\/\/www.regionalis.shop\/luftkuss\/info\/","title":{"rendered":"Info"},"content":{"rendered":"<section>\n            <p>Mein Name ist Hanna und LUFTKUSS nenne ich meine Ketten, Notitzb\u00fccher und Glasbilder, die von der Idee bis zum fertigen St\u00fcck, auf meinem geduldigen, roten Arbeitstisch in Wien entstehen. Wir wollen, mit ein bisschen Romantik, Frechheiten und lieben Gedanken Kontakt herstellen und verbinden und ber\u00fchren. Und wir wollen lachen und dich zum Lachen bringen, das Leben ernst und uns selbst dabei nicht immer nur ernst nehmen, aber auch. Wir wollen K\u00fcssen, f\u00fchl dich gek\u00fcsst, wenn du auch magst!<\/p>\n\n    <\/section>\n\n\n<p><\/p>\n","protected":false},"excerpt":{"rendered":"","protected":false},"author":1,"featured_media":0,"parent":0,"menu_order":0,"comment_status":"closed","ping_status":"closed","template":"","meta":{"_acf_changed":false,"footnotes":""},"class_list":["post-108","page","type-page","status-publish","hentry"],"acf":[],"_links":{"self":[{"href":"https:\/\/www.regionalis.shop\/luftkuss\/wp-json\/wp\/v2\/pages\/108","targetHints":{"allow":["GET"]}}],"collection":[{"href":"https:\/\/www.regionalis.shop\/luftkuss\/wp-json\/wp\/v2\/pages"}],"about":[{"href":"https:\/\/www.regionalis.shop\/luftkuss\/wp-json\/wp\/v2\/types\/page"}],"author":[{"embeddable":true,"href":"https:\/\/www.regionalis.shop\/luftkuss\/wp-json\/wp\/v2\/users\/1"}],"replies":[{"embeddable":true,"href":"https:\/\/www.regionalis.shop\/luftkuss\/wp-json\/wp\/v2\/comments?post=108"}],"version-history":[{"count":39,"href":"https:\/\/www.regionalis.shop\/luftkuss\/wp-json\/wp\/v2\/pages\/108\/revisions"}],"predecessor-version":[{"id":1028,"href":"https:\/\/www.regionalis.shop\/luftkuss\/wp-json\/wp\/v2\/pages\/108\/revisions\/1028"}],"wp:attachment":[{"href":"https:\/\/www.regionalis.shop\/luftkuss\/wp-json\/wp\/v2\/media?parent=108"}],"curies":[{"name":"wp","href":"https:\/\/api.w.org\/{rel}","templated":true}]}}