{"id":862,"date":"2025-05-24T13:44:06","date_gmt":"2025-05-24T11:44:06","guid":{"rendered":"https:\/\/starter.stage.shop-it.at\/?page_id=862"},"modified":"2025-10-23T15:21:37","modified_gmt":"2025-10-23T13:21:37","slug":"startseite","status":"publish","type":"page","link":"https:\/\/www.regionalis.shop\/luftkuss\/","title":{"rendered":"Startseite"},"content":{"rendered":"<section>\n        <div class=\"header-image\">\n            <img decoding=\"async\" src=\"https:\/\/www.regionalis.shop\/app\/uploads\/sites\/361\/172_2020_05_03_14_40_54_846773683.png\" alt=\"\">\n        <\/div>\n    \n    <\/section>\n    <section>\n    <div class=\"header-title\">\n        <h1 class=\"h2\">Willkommen bei LUFTKUSS<\/h1>\n    <\/div>\n            <h2 class=\"h3\">Handgemacht in Wien<\/h2>\n                <p>Mein Name ist Hanna und LUFTKUSS nenne ich meine Ketten, Notitzb\u00fccher und Glasbilder, die von der Idee bis zum fertigen St\u00fcck, auf meinem geduldigen, roten Arbeitstisch in Wien entstehen. Wir wollen, mit ein bisschen Romantik, Frechheiten und lieben Gedanken Kontakt herstellen und verbinden und ber\u00fchren. Und wir wollen lachen und dich zum Lachen bringen, das Leben ernst und uns selbst dabei nicht immer nur ernst nehmen, aber auch. Wir wollen K\u00fcssen, f\u00fchl dich gek\u00fcsst, wenn du auch magst!<\/p>\n\n    \n    <h3>Produkte<\/h3>\n\n    <div class=\"woocommerce columns-3 \"><ul class=\"products columns-3\">\n<li class=\"product type-product post-1060 status-publish first instock product_cat-halsketten product_cat-schmuck has-post-thumbnail purchasable product-type-simple\">\n\t<a href=\"https:\/\/www.regionalis.shop\/luftkuss\/shop\/sonne-im-herzen\/\" class=\"woocommerce-LoopProduct-link woocommerce-loop-product__link\"><div class=\"wc-block-grid__product-image\"><img loading=\"lazy\" decoding=\"async\" width=\"420\" height=\"420\" src=\"https:\/\/www.regionalis.shop\/app\/uploads\/sites\/361\/172_2018_04_17_19_28_03_139617854.jpg\" class=\"attachment-large size-large\" alt=\"Sonne Im Herzen\" srcset=\"https:\/\/www.regionalis.shop\/app\/uploads\/sites\/361\/172_2018_04_17_19_28_03_139617854.jpg 420w, https:\/\/www.regionalis.shop\/app\/uploads\/sites\/361\/172_2018_04_17_19_28_03_139617854-300x300.jpg 300w, https:\/\/www.regionalis.shop\/app\/uploads\/sites\/361\/172_2018_04_17_19_28_03_139617854-150x150.jpg 150w, https:\/\/www.regionalis.shop\/app\/uploads\/sites\/361\/172_2018_04_17_19_28_03_139617854-100x100.jpg 100w\" sizes=\"auto, (max-width: 420px) 100vw, 420px\" \/><\/div><h2 class=\"woocommerce-loop-product__title\">Sonne Im Herzen<\/h2>\n\t<span class=\"price\"><span class=\"woocommerce-Price-amount amount\"><bdi>20,00&nbsp;<span class=\"woocommerce-Price-currencySymbol\">&euro;<\/span><\/bdi><\/span><\/span>\n<\/a><\/li>\n<li class=\"product type-product post-1058 status-publish instock product_cat-halsketten product_cat-schmuck has-post-thumbnail purchasable product-type-simple\">\n\t<a href=\"https:\/\/www.regionalis.shop\/luftkuss\/shop\/roar\/\" class=\"woocommerce-LoopProduct-link woocommerce-loop-product__link\"><div class=\"wc-block-grid__product-image\"><img loading=\"lazy\" decoding=\"async\" width=\"420\" height=\"420\" src=\"https:\/\/www.regionalis.shop\/app\/uploads\/sites\/361\/172_2018_04_17_19_20_33_793871210.jpg\" class=\"attachment-large size-large\" alt=\"Roar\" srcset=\"https:\/\/www.regionalis.shop\/app\/uploads\/sites\/361\/172_2018_04_17_19_20_33_793871210.jpg 420w, https:\/\/www.regionalis.shop\/app\/uploads\/sites\/361\/172_2018_04_17_19_20_33_793871210-300x300.jpg 300w, https:\/\/www.regionalis.shop\/app\/uploads\/sites\/361\/172_2018_04_17_19_20_33_793871210-150x150.jpg 150w, https:\/\/www.regionalis.shop\/app\/uploads\/sites\/361\/172_2018_04_17_19_20_33_793871210-100x100.jpg 100w\" sizes=\"auto, (max-width: 420px) 100vw, 420px\" \/><\/div><h2 class=\"woocommerce-loop-product__title\">Roar<\/h2>\n\t<span class=\"price\"><span class=\"woocommerce-Price-amount amount\"><bdi>24,00&nbsp;<span class=\"woocommerce-Price-currencySymbol\">&euro;<\/span><\/bdi><\/span><\/span>\n<\/a><\/li>\n<li class=\"product type-product post-1054 status-publish last instock product_cat-halsketten product_cat-schmuck has-post-thumbnail purchasable product-type-simple\">\n\t<a href=\"https:\/\/www.regionalis.shop\/luftkuss\/shop\/farbpaletten-kettchen\/\" class=\"woocommerce-LoopProduct-link woocommerce-loop-product__link\"><div class=\"wc-block-grid__product-image\"><img loading=\"lazy\" decoding=\"async\" width=\"420\" height=\"420\" src=\"https:\/\/www.regionalis.shop\/app\/uploads\/sites\/361\/172_2018_04_17_19_14_23_869864637.jpg\" class=\"attachment-large size-large\" alt=\"Farbpaletten Kettchen\" srcset=\"https:\/\/www.regionalis.shop\/app\/uploads\/sites\/361\/172_2018_04_17_19_14_23_869864637.jpg 420w, https:\/\/www.regionalis.shop\/app\/uploads\/sites\/361\/172_2018_04_17_19_14_23_869864637-300x300.jpg 300w, https:\/\/www.regionalis.shop\/app\/uploads\/sites\/361\/172_2018_04_17_19_14_23_869864637-150x150.jpg 150w, https:\/\/www.regionalis.shop\/app\/uploads\/sites\/361\/172_2018_04_17_19_14_23_869864637-100x100.jpg 100w\" sizes=\"auto, (max-width: 420px) 100vw, 420px\" \/><\/div><h2 class=\"woocommerce-loop-product__title\">Farbpaletten Kettchen<\/h2>\n\t<span class=\"price\"><span class=\"woocommerce-Price-amount amount\"><bdi>24,00&nbsp;<span class=\"woocommerce-Price-currencySymbol\">&euro;<\/span><\/bdi><\/span><\/span>\n<\/a><\/li>\n<\/ul>\n<\/div>\n    <p>\n        <a href=\"https:\/\/www.regionalis.shop\/luftkuss\/shop\/\" class=\"btn btn-primary btn-icon-right\">\n            Alle Produkte <i class=\"bi bi-arrow-right-short\"><\/i>\n        <\/a>\n    <\/p>\n<\/section>\n\n<div data-block-name=\"woocommerce\/store-notices\" class=\"wc-block-store-notices woocommerce alignwide alignwide wp-block-woocommerce-store-notices\"><div class=\"woocommerce-notices-wrapper\"><\/div><\/div>","protected":false},"excerpt":{"rendered":"","protected":false},"author":1,"featured_media":0,"parent":0,"menu_order":0,"comment_status":"closed","ping_status":"closed","template":"template-home.blade.php","meta":{"_acf_changed":false,"footnotes":""},"class_list":["post-862","page","type-page","status-publish","hentry"],"acf":[],"_links":{"self":[{"href":"https:\/\/www.regionalis.shop\/luftkuss\/wp-json\/wp\/v2\/pages\/862","targetHints":{"allow":["GET"]}}],"collection":[{"href":"https:\/\/www.regionalis.shop\/luftkuss\/wp-json\/wp\/v2\/pages"}],"about":[{"href":"https:\/\/www.regionalis.shop\/luftkuss\/wp-json\/wp\/v2\/types\/page"}],"author":[{"embeddable":true,"href":"https:\/\/www.regionalis.shop\/luftkuss\/wp-json\/wp\/v2\/users\/1"}],"replies":[{"embeddable":true,"href":"https:\/\/www.regionalis.shop\/luftkuss\/wp-json\/wp\/v2\/comments?post=862"}],"version-history":[{"count":28,"href":"https:\/\/www.regionalis.shop\/luftkuss\/wp-json\/wp\/v2\/pages\/862\/revisions"}],"predecessor-version":[{"id":1041,"href":"https:\/\/www.regionalis.shop\/luftkuss\/wp-json\/wp\/v2\/pages\/862\/revisions\/1041"}],"wp:attachment":[{"href":"https:\/\/www.regionalis.shop\/luftkuss\/wp-json\/wp\/v2\/media?parent=862"}],"curies":[{"name":"wp","href":"https:\/\/api.w.org\/{rel}","templated":true}]}}