{"id":1054,"date":"2025-04-28T03:30:08","date_gmt":"2025-04-28T01:30:08","guid":{"rendered":"https:\/\/www.regionalis.shop\/luftkuss\/product\/farbpaletten-kettchen\/"},"modified":"2025-04-28T03:30:08","modified_gmt":"2025-04-28T01:30:08","slug":"farbpaletten-kettchen","status":"publish","type":"product","link":"https:\/\/www.regionalis.shop\/luftkuss\/shop\/farbpaletten-kettchen\/","title":{"rendered":"Farbpaletten Kettchen"},"content":{"rendered":"<p>Ein Neustart. Ein langer Atem, mit allem M\u00f6glichen zwischendrin. Jede Begegnung, jedes Wort, jedes Gef\u00fchl, jeder Gedanke, jede Angst. Ein Neubeginn, mittendrin, zwischen dichten Seiten, ein wei\u00dfes Blatt Papier. Und hier, das sind deine Farben, ein Geschenk. Viel Spa\u00df damit, viel Gl\u00fcck und bis bald du lieber Wirbelwind.<\/p>\n<p>Die kleine Holzpalette ist in Wien hergestellt und von Hand bemalt \u2013 jede sieht ein bissi anders aus.<\/p>\n<p>Mini Anh\u00e4nger: 1cm \u00f8<br \/>\nfeine Edelstahlkette: ca. 42cm lang (+4cm Verl\u00e4ngerungskette)<\/p>\n<p>Verwendete Metalle: Edelstahl, Holz.<br \/>\nAchtung, der Anh\u00e4nger ist nicht wasserfest.<\/p>\n<p>Die Kette kommt h\u00fcbsch verpackt in einer Schmuckschachtel aus Recyclingkarton.<\/p>\n","protected":false},"excerpt":{"rendered":"<p>Ein Neustart. Ein langer Atem, mit allem M\u00f6glichen zwischendrin. Jede Begegnung, jedes Wort, jedes Gef\u00fchl, jeder Gedanke, jede Angst. Ein Neubeginn, mittendrin, zwischen dichten Seiten, ein wei\u00dfes Blatt Papier. Und hier, das sind deine Farben, ein Geschenk. Viel Spa\u00df damit, viel Gl\u00fcck und bis bald du lieber Wirbelwind. Die kleine Holzpalette ist in Wien hergestellt &hellip; <a href=\"https:\/\/www.regionalis.shop\/luftkuss\/shop\/farbpaletten-kettchen\/\">Continued<\/a><\/p>\n","protected":false},"featured_media":1055,"template":"","meta":{"_acf_changed":false},"product_brand":[],"product_cat":[141,70],"product_tag":[],"class_list":{"0":"post-1054","1":"product","2":"type-product","3":"status-publish","4":"has-post-thumbnail","6":"product_cat-halsketten","7":"product_cat-schmuck","9":"first","10":"instock","11":"purchasable","12":"product-type-simple"},"acf":[],"_links":{"self":[{"href":"https:\/\/www.regionalis.shop\/luftkuss\/wp-json\/wp\/v2\/product\/1054","targetHints":{"allow":["GET"]}}],"collection":[{"href":"https:\/\/www.regionalis.shop\/luftkuss\/wp-json\/wp\/v2\/product"}],"about":[{"href":"https:\/\/www.regionalis.shop\/luftkuss\/wp-json\/wp\/v2\/types\/product"}],"wp:featuredmedia":[{"embeddable":true,"href":"https:\/\/www.regionalis.shop\/luftkuss\/wp-json\/wp\/v2\/media\/1055"}],"wp:attachment":[{"href":"https:\/\/www.regionalis.shop\/luftkuss\/wp-json\/wp\/v2\/media?parent=1054"}],"wp:term":[{"taxonomy":"product_brand","embeddable":true,"href":"https:\/\/www.regionalis.shop\/luftkuss\/wp-json\/wp\/v2\/product_brand?post=1054"},{"taxonomy":"product_cat","embeddable":true,"href":"https:\/\/www.regionalis.shop\/luftkuss\/wp-json\/wp\/v2\/product_cat?post=1054"},{"taxonomy":"product_tag","embeddable":true,"href":"https:\/\/www.regionalis.shop\/luftkuss\/wp-json\/wp\/v2\/product_tag?post=1054"}],"curies":[{"name":"wp","href":"https:\/\/api.w.org\/{rel}","templated":true}]}}