{"id":1058,"date":"2025-04-28T03:30:08","date_gmt":"2025-04-28T01:30:08","guid":{"rendered":"https:\/\/www.regionalis.shop\/luftkuss\/product\/roar\/"},"modified":"2025-04-28T03:30:08","modified_gmt":"2025-04-28T01:30:08","slug":"roar","status":"publish","type":"product","link":"https:\/\/www.regionalis.shop\/luftkuss\/shop\/roar\/","title":{"rendered":"Roar"},"content":{"rendered":"<p>ROAAAR!<br \/>\nHei\u00dft &#8222;ich mag dich&#8220;, in L\u00f6wisch.<br \/>\nOder &#8222;ich mag dich nicht&#8220;, je nach Bedarf.<\/p>\n<p>Anh\u00e4nger aus Edelstahl: ca. 1,4cm und 1cm<br \/>\nfeine Edelstahlkette: ca. 65cm lang<\/p>\n<p>Achtung, der Anh\u00e4nger ist nicht wasserfest.<\/p>\n<p>Die Kette kommt h\u00fcbsch verpackt in einer Schmuckschachtel aus Recyclingkarton.<\/p>\n","protected":false},"excerpt":{"rendered":"<p>ROAAAR! Hei\u00dft &#8222;ich mag dich&#8220;, in L\u00f6wisch. Oder &#8222;ich mag dich nicht&#8220;, je nach Bedarf. Anh\u00e4nger aus Edelstahl: ca. 1,4cm und 1cm feine Edelstahlkette: ca. 65cm lang Achtung, der Anh\u00e4nger ist nicht wasserfest. Die Kette kommt h\u00fcbsch verpackt in einer Schmuckschachtel aus Recyclingkarton.<\/p>\n","protected":false},"featured_media":1059,"template":"","meta":{"_acf_changed":false},"product_brand":[],"product_cat":[141,70],"product_tag":[],"class_list":{"0":"post-1058","1":"product","2":"type-product","3":"status-publish","4":"has-post-thumbnail","6":"product_cat-halsketten","7":"product_cat-schmuck","9":"first","10":"instock","11":"purchasable","12":"product-type-simple"},"acf":[],"_links":{"self":[{"href":"https:\/\/www.regionalis.shop\/luftkuss\/wp-json\/wp\/v2\/product\/1058","targetHints":{"allow":["GET"]}}],"collection":[{"href":"https:\/\/www.regionalis.shop\/luftkuss\/wp-json\/wp\/v2\/product"}],"about":[{"href":"https:\/\/www.regionalis.shop\/luftkuss\/wp-json\/wp\/v2\/types\/product"}],"wp:featuredmedia":[{"embeddable":true,"href":"https:\/\/www.regionalis.shop\/luftkuss\/wp-json\/wp\/v2\/media\/1059"}],"wp:attachment":[{"href":"https:\/\/www.regionalis.shop\/luftkuss\/wp-json\/wp\/v2\/media?parent=1058"}],"wp:term":[{"taxonomy":"product_brand","embeddable":true,"href":"https:\/\/www.regionalis.shop\/luftkuss\/wp-json\/wp\/v2\/product_brand?post=1058"},{"taxonomy":"product_cat","embeddable":true,"href":"https:\/\/www.regionalis.shop\/luftkuss\/wp-json\/wp\/v2\/product_cat?post=1058"},{"taxonomy":"product_tag","embeddable":true,"href":"https:\/\/www.regionalis.shop\/luftkuss\/wp-json\/wp\/v2\/product_tag?post=1058"}],"curies":[{"name":"wp","href":"https:\/\/api.w.org\/{rel}","templated":true}]}}