{"id":1063,"date":"2025-04-18T08:41:39","date_gmt":"2025-04-18T06:41:39","guid":{"rendered":"https:\/\/www.regionalis.shop\/luftkuss\/product\/handgebundenes-notitzbuch-hundert-bilder\/"},"modified":"2025-04-18T08:41:39","modified_gmt":"2025-04-18T06:41:39","slug":"handgebundenes-notitzbuch-hundert-bilder","status":"publish","type":"product","link":"https:\/\/www.regionalis.shop\/luftkuss\/shop\/handgebundenes-notitzbuch-hundert-bilder\/","title":{"rendered":"Handgebundenes Notitzbuch \u2013 &#8222;Hundert Bilder&#8220;"},"content":{"rendered":"<p>Ein schlichtes, kleines Buch ganz ohne Schriftzug, mit beigem Textileinband.<\/p>\n<p>handgemachtes Einzelst\u00fcck<br \/>\nca. 40 Blatt<br \/>\n90gramm cremefarbenes, weiches Munkenpapier<br \/>\n15x11cm<br \/>\nmit original Umschlag<\/p>\n<p>Wie entstehem die Notitzb\u00fccher?<br \/>\nZuerst suche oder finde ich ein sch\u00f6nes, altes Buch, dann entferne ich vorsichtig den Buchkern aus dem Einband. Ich w\u00e4hle Papierb\u00f6gen aus und falte jeden einzeln von Hand, stanze L\u00f6cher und n\u00e4he Bund f\u00fcr Bund f\u00fcr Bund zusammen, bis das neue Buch so dick ist, wie das alte. Vielleicht n\u00e4he ich sogar einige der originalen Buchseiten wieder mit hinein. In jedem Fall wird dann der R\u00fccken geleimt, getrocknet, geleimt, gepresst, der Buchkern schlie\u00dflich beschnitten und das ganze in den alten Einband verklebt. Vielleicht mit Lesezeichen, wenn ich ein sch\u00f6nes finde!<\/p>\n","protected":false},"excerpt":{"rendered":"<p>Ein schlichtes, kleines Buch ganz ohne Schriftzug, mit beigem Textileinband. handgemachtes Einzelst\u00fcck ca. 40 Blatt 90gramm cremefarbenes, weiches Munkenpapier 15x11cm mit original Umschlag Wie entstehem die Notitzb\u00fccher? Zuerst suche oder finde ich ein sch\u00f6nes, altes Buch, dann entferne ich vorsichtig den Buchkern aus dem Einband. Ich w\u00e4hle Papierb\u00f6gen aus und falte jeden einzeln von Hand, &hellip; <a href=\"https:\/\/www.regionalis.shop\/luftkuss\/shop\/handgebundenes-notitzbuch-hundert-bilder\/\">Continued<\/a><\/p>\n","protected":false},"featured_media":1064,"template":"","meta":{"_acf_changed":false},"product_brand":[],"product_cat":[161,62],"product_tag":[],"class_list":{"0":"post-1063","1":"product","2":"type-product","3":"status-publish","4":"has-post-thumbnail","6":"product_cat-notizhefte-skizzenbuecher","7":"product_cat-papeterie-schreibwaren","9":"first","10":"instock","11":"purchasable","12":"product-type-simple"},"acf":[],"_links":{"self":[{"href":"https:\/\/www.regionalis.shop\/luftkuss\/wp-json\/wp\/v2\/product\/1063","targetHints":{"allow":["GET"]}}],"collection":[{"href":"https:\/\/www.regionalis.shop\/luftkuss\/wp-json\/wp\/v2\/product"}],"about":[{"href":"https:\/\/www.regionalis.shop\/luftkuss\/wp-json\/wp\/v2\/types\/product"}],"wp:featuredmedia":[{"embeddable":true,"href":"https:\/\/www.regionalis.shop\/luftkuss\/wp-json\/wp\/v2\/media\/1064"}],"wp:attachment":[{"href":"https:\/\/www.regionalis.shop\/luftkuss\/wp-json\/wp\/v2\/media?parent=1063"}],"wp:term":[{"taxonomy":"product_brand","embeddable":true,"href":"https:\/\/www.regionalis.shop\/luftkuss\/wp-json\/wp\/v2\/product_brand?post=1063"},{"taxonomy":"product_cat","embeddable":true,"href":"https:\/\/www.regionalis.shop\/luftkuss\/wp-json\/wp\/v2\/product_cat?post=1063"},{"taxonomy":"product_tag","embeddable":true,"href":"https:\/\/www.regionalis.shop\/luftkuss\/wp-json\/wp\/v2\/product_tag?post=1063"}],"curies":[{"name":"wp","href":"https:\/\/api.w.org\/{rel}","templated":true}]}}