{"id":1074,"date":"2025-04-18T07:41:39","date_gmt":"2025-04-18T05:41:39","guid":{"rendered":"https:\/\/www.regionalis.shop\/luftkuss\/product\/verpackung\/"},"modified":"2025-04-18T07:41:39","modified_gmt":"2025-04-18T05:41:39","slug":"verpackung","status":"publish","type":"product","link":"https:\/\/www.regionalis.shop\/luftkuss\/shop\/verpackung\/","title":{"rendered":"Verpackung"},"content":{"rendered":"<p>Oh, Du m\u00f6chtest einen LUFTKUSS verschenken! Darf ich ihn Dir gleich passend verpacken und versiegeln? Ein liebes Minipostk\u00e4rtchen ist auch dabei.<\/p>\n<p>Falls du mehrere LUFTK\u00dcSSE bestellst lass mich wissen, welchen davon ich dir einpacken darf!<\/p>\n<p>Jedes P\u00e4ckchen ist einzigartig und sieht ein bisschen anders aus.<\/p>\n","protected":false},"excerpt":{"rendered":"<p>Oh, Du m\u00f6chtest einen LUFTKUSS verschenken! Darf ich ihn Dir gleich passend verpacken und versiegeln? Ein liebes Minipostk\u00e4rtchen ist auch dabei. Falls du mehrere LUFTK\u00dcSSE bestellst lass mich wissen, welchen davon ich dir einpacken darf! Jedes P\u00e4ckchen ist einzigartig und sieht ein bisschen anders aus.<\/p>\n","protected":false},"featured_media":1075,"template":"","meta":{"_acf_changed":false},"product_brand":[],"product_cat":[70,84],"product_tag":[],"class_list":{"0":"post-1074","1":"product","2":"type-product","3":"status-publish","4":"has-post-thumbnail","6":"product_cat-schmuck","7":"product_cat-sonstiges-schmuck","9":"first","10":"instock","11":"purchasable","12":"product-type-simple"},"acf":[],"_links":{"self":[{"href":"https:\/\/www.regionalis.shop\/luftkuss\/wp-json\/wp\/v2\/product\/1074","targetHints":{"allow":["GET"]}}],"collection":[{"href":"https:\/\/www.regionalis.shop\/luftkuss\/wp-json\/wp\/v2\/product"}],"about":[{"href":"https:\/\/www.regionalis.shop\/luftkuss\/wp-json\/wp\/v2\/types\/product"}],"wp:featuredmedia":[{"embeddable":true,"href":"https:\/\/www.regionalis.shop\/luftkuss\/wp-json\/wp\/v2\/media\/1075"}],"wp:attachment":[{"href":"https:\/\/www.regionalis.shop\/luftkuss\/wp-json\/wp\/v2\/media?parent=1074"}],"wp:term":[{"taxonomy":"product_brand","embeddable":true,"href":"https:\/\/www.regionalis.shop\/luftkuss\/wp-json\/wp\/v2\/product_brand?post=1074"},{"taxonomy":"product_cat","embeddable":true,"href":"https:\/\/www.regionalis.shop\/luftkuss\/wp-json\/wp\/v2\/product_cat?post=1074"},{"taxonomy":"product_tag","embeddable":true,"href":"https:\/\/www.regionalis.shop\/luftkuss\/wp-json\/wp\/v2\/product_tag?post=1074"}],"curies":[{"name":"wp","href":"https:\/\/api.w.org\/{rel}","templated":true}]}}