{"id":1086,"date":"2025-04-17T23:13:08","date_gmt":"2025-04-17T21:13:08","guid":{"rendered":"https:\/\/www.regionalis.shop\/luftkuss\/product\/always\/"},"modified":"2025-04-17T23:13:08","modified_gmt":"2025-04-17T21:13:08","slug":"always","status":"publish","type":"product","link":"https:\/\/www.regionalis.shop\/luftkuss\/shop\/always\/","title":{"rendered":"Always"},"content":{"rendered":"<p>Anh\u00e4nger: 25mm\u00f8<br \/>\nKettenl\u00e4nge: 80cm<\/p>\n<p>Achtung, der Anh\u00e4nger ist nicht wasserfest.<br \/>\nVerwendete Metalle: Legierung, Eisen.<\/p>\n<p>Die Kette kommt h\u00fcbsch verpackt in einer Schmuckschachtel aus Recyclingkarton.<\/p>\n","protected":false},"excerpt":{"rendered":"<p>Anh\u00e4nger: 25mm\u00f8 Kettenl\u00e4nge: 80cm Achtung, der Anh\u00e4nger ist nicht wasserfest. Verwendete Metalle: Legierung, Eisen. Die Kette kommt h\u00fcbsch verpackt in einer Schmuckschachtel aus Recyclingkarton.<\/p>\n","protected":false},"featured_media":1087,"template":"","meta":{"_acf_changed":false},"product_brand":[],"product_cat":[141,70],"product_tag":[],"class_list":{"0":"post-1086","1":"product","2":"type-product","3":"status-publish","4":"has-post-thumbnail","6":"product_cat-halsketten","7":"product_cat-schmuck","9":"first","10":"instock","11":"purchasable","12":"product-type-simple"},"acf":[],"_links":{"self":[{"href":"https:\/\/www.regionalis.shop\/luftkuss\/wp-json\/wp\/v2\/product\/1086","targetHints":{"allow":["GET"]}}],"collection":[{"href":"https:\/\/www.regionalis.shop\/luftkuss\/wp-json\/wp\/v2\/product"}],"about":[{"href":"https:\/\/www.regionalis.shop\/luftkuss\/wp-json\/wp\/v2\/types\/product"}],"wp:featuredmedia":[{"embeddable":true,"href":"https:\/\/www.regionalis.shop\/luftkuss\/wp-json\/wp\/v2\/media\/1087"}],"wp:attachment":[{"href":"https:\/\/www.regionalis.shop\/luftkuss\/wp-json\/wp\/v2\/media?parent=1086"}],"wp:term":[{"taxonomy":"product_brand","embeddable":true,"href":"https:\/\/www.regionalis.shop\/luftkuss\/wp-json\/wp\/v2\/product_brand?post=1086"},{"taxonomy":"product_cat","embeddable":true,"href":"https:\/\/www.regionalis.shop\/luftkuss\/wp-json\/wp\/v2\/product_cat?post=1086"},{"taxonomy":"product_tag","embeddable":true,"href":"https:\/\/www.regionalis.shop\/luftkuss\/wp-json\/wp\/v2\/product_tag?post=1086"}],"curies":[{"name":"wp","href":"https:\/\/api.w.org\/{rel}","templated":true}]}}