{"id":1102,"date":"2025-04-17T23:13:00","date_gmt":"2025-04-17T21:13:00","guid":{"rendered":"https:\/\/www.regionalis.shop\/luftkuss\/product\/ich-kann-mehr\/"},"modified":"2025-04-17T23:13:00","modified_gmt":"2025-04-17T21:13:00","slug":"ich-kann-mehr","status":"publish","type":"product","link":"https:\/\/www.regionalis.shop\/luftkuss\/shop\/ich-kann-mehr\/","title":{"rendered":"Ich Kann Mehr"},"content":{"rendered":"<p>Anh\u00e4nger aus Edelstahl: 25mm\u00f8<br \/>\nfeine Edelstahlkette: ca. 65cm lang<\/p>\n<p>Achtung, der Anh\u00e4nger ist nicht wasserfest.<\/p>\n<p>Die Kette kommt h\u00fcbsch verpackt in einer Schmuckschachtel aus Recyclingkarton.<\/p>\n","protected":false},"excerpt":{"rendered":"<p>Anh\u00e4nger aus Edelstahl: 25mm\u00f8 feine Edelstahlkette: ca. 65cm lang Achtung, der Anh\u00e4nger ist nicht wasserfest. Die Kette kommt h\u00fcbsch verpackt in einer Schmuckschachtel aus Recyclingkarton.<\/p>\n","protected":false},"featured_media":1103,"template":"","meta":{"_acf_changed":false},"product_brand":[],"product_cat":[141,70],"product_tag":[],"class_list":{"0":"post-1102","1":"product","2":"type-product","3":"status-publish","4":"has-post-thumbnail","6":"product_cat-halsketten","7":"product_cat-schmuck","9":"first","10":"instock","11":"purchasable","12":"product-type-simple"},"acf":[],"_links":{"self":[{"href":"https:\/\/www.regionalis.shop\/luftkuss\/wp-json\/wp\/v2\/product\/1102","targetHints":{"allow":["GET"]}}],"collection":[{"href":"https:\/\/www.regionalis.shop\/luftkuss\/wp-json\/wp\/v2\/product"}],"about":[{"href":"https:\/\/www.regionalis.shop\/luftkuss\/wp-json\/wp\/v2\/types\/product"}],"wp:featuredmedia":[{"embeddable":true,"href":"https:\/\/www.regionalis.shop\/luftkuss\/wp-json\/wp\/v2\/media\/1103"}],"wp:attachment":[{"href":"https:\/\/www.regionalis.shop\/luftkuss\/wp-json\/wp\/v2\/media?parent=1102"}],"wp:term":[{"taxonomy":"product_brand","embeddable":true,"href":"https:\/\/www.regionalis.shop\/luftkuss\/wp-json\/wp\/v2\/product_brand?post=1102"},{"taxonomy":"product_cat","embeddable":true,"href":"https:\/\/www.regionalis.shop\/luftkuss\/wp-json\/wp\/v2\/product_cat?post=1102"},{"taxonomy":"product_tag","embeddable":true,"href":"https:\/\/www.regionalis.shop\/luftkuss\/wp-json\/wp\/v2\/product_tag?post=1102"}],"curies":[{"name":"wp","href":"https:\/\/api.w.org\/{rel}","templated":true}]}}