{"id":108,"date":"2024-03-04T10:57:41","date_gmt":"2024-03-04T10:57:41","guid":{"rendered":"https:\/\/stage.shop-it.at\/?page_id=108"},"modified":"2025-10-21T17:33:35","modified_gmt":"2025-10-21T15:33:35","slug":"info","status":"publish","type":"page","link":"https:\/\/www.regionalis.shop\/lunasoaps-seifenmanufaktur\/info\/","title":{"rendered":"Info"},"content":{"rendered":"<section>\n            <p>Das Beste f\u00fcr deine Haut und unsere Umwelt.<br \/>\nLunasoaps werden in kleinen Chargen aus hochwertigen, rein pflanzlichen Rohstoffen im schonenden Kaltverfahren hergestellt. So bleibt das nat\u00fcrliche Glycerin und die wertvollen Inhaltstoffe in der Seife und k\u00f6nnen ihre pflegenden Eigenschaften voll entfalten. Alle Lunasoaps sind vegan, ohne Palm\u00f6l und mit regionalen \u00d6len liebevoll von Hand gesiedet.  Lunasoaps sind laut EU-Kosmetikverordnung zertifiziert und notifiziert. Lunasoaps werden nach GMP (Good Manufacturing Process) in gr\u00f6\u00dfter Sorgfalt hergestellt.<\/p>\n\n    <\/section>\n\n\n<p><\/p>\n","protected":false},"excerpt":{"rendered":"","protected":false},"author":1,"featured_media":0,"parent":0,"menu_order":0,"comment_status":"closed","ping_status":"closed","template":"","meta":{"_acf_changed":false,"footnotes":""},"class_list":["post-108","page","type-page","status-publish","hentry"],"acf":[],"_links":{"self":[{"href":"https:\/\/www.regionalis.shop\/lunasoaps-seifenmanufaktur\/wp-json\/wp\/v2\/pages\/108","targetHints":{"allow":["GET"]}}],"collection":[{"href":"https:\/\/www.regionalis.shop\/lunasoaps-seifenmanufaktur\/wp-json\/wp\/v2\/pages"}],"about":[{"href":"https:\/\/www.regionalis.shop\/lunasoaps-seifenmanufaktur\/wp-json\/wp\/v2\/types\/page"}],"author":[{"embeddable":true,"href":"https:\/\/www.regionalis.shop\/lunasoaps-seifenmanufaktur\/wp-json\/wp\/v2\/users\/1"}],"replies":[{"embeddable":true,"href":"https:\/\/www.regionalis.shop\/lunasoaps-seifenmanufaktur\/wp-json\/wp\/v2\/comments?post=108"}],"version-history":[{"count":39,"href":"https:\/\/www.regionalis.shop\/lunasoaps-seifenmanufaktur\/wp-json\/wp\/v2\/pages\/108\/revisions"}],"predecessor-version":[{"id":1028,"href":"https:\/\/www.regionalis.shop\/lunasoaps-seifenmanufaktur\/wp-json\/wp\/v2\/pages\/108\/revisions\/1028"}],"wp:attachment":[{"href":"https:\/\/www.regionalis.shop\/lunasoaps-seifenmanufaktur\/wp-json\/wp\/v2\/media?parent=108"}],"curies":[{"name":"wp","href":"https:\/\/api.w.org\/{rel}","templated":true}]}}