{"id":862,"date":"2025-05-24T13:44:06","date_gmt":"2025-05-24T11:44:06","guid":{"rendered":"https:\/\/starter.stage.shop-it.at\/?page_id=862"},"modified":"2025-10-23T15:21:37","modified_gmt":"2025-10-23T13:21:37","slug":"startseite","status":"publish","type":"page","link":"https:\/\/www.regionalis.shop\/lunasoaps-seifenmanufaktur\/","title":{"rendered":"Startseite"},"content":{"rendered":"<section>\n        <div class=\"header-image\">\n            <img decoding=\"async\" src=\"https:\/\/www.regionalis.shop\/app\/uploads\/sites\/362\/2341_2024_01_21_12_40_27_460015900.png\" alt=\"\">\n        <\/div>\n    \n    <\/section>\n    <section>\n    <div class=\"header-title\">\n        <h1 class=\"h2\">Willkommen bei Lunasoaps Seifenmanufaktur<\/h1>\n    <\/div>\n            <h2 class=\"h3\">Handgemacht in Wolfpassing<\/h2>\n                <p>Das Beste f\u00fcr deine Haut und unsere Umwelt.<br \/>\nLunasoaps werden in kleinen Chargen aus hochwertigen, rein pflanzlichen Rohstoffen im schonenden Kaltverfahren hergestellt. So bleibt das nat\u00fcrliche Glycerin und die wertvollen Inhaltstoffe in der Seife und k\u00f6nnen ihre pflegenden Eigenschaften voll entfalten. Alle Lunasoaps sind vegan, ohne Palm\u00f6l und mit regionalen \u00d6len liebevoll von Hand gesiedet.  Lunasoaps sind laut EU-Kosmetikverordnung zertifiziert und notifiziert. Lunasoaps werden nach GMP (Good Manufacturing Process) in gr\u00f6\u00dfter Sorgfalt hergestellt.<\/p>\n\n    \n    <h3>Produkte<\/h3>\n\n    <div class=\"woocommerce columns-3 \"><ul class=\"products columns-3\">\n<li class=\"product type-product post-1053 status-publish first instock product_cat-geschenksets product_cat-kosmetika has-post-thumbnail purchasable product-type-simple\">\n\t<a href=\"https:\/\/www.regionalis.shop\/lunasoaps-seifenmanufaktur\/shop\/geschenk-seife-seifenschale-geschenkset\/\" class=\"woocommerce-LoopProduct-link woocommerce-loop-product__link\"><div class=\"wc-block-grid__product-image\"><img loading=\"lazy\" decoding=\"async\" width=\"1024\" height=\"1024\" src=\"https:\/\/www.regionalis.shop\/app\/uploads\/sites\/362\/2341_2024_01_21_21_35_17_239601410.png\" class=\"attachment-large size-large\" alt=\"Geschenk Seife Seifenschale Geschenkset\" srcset=\"https:\/\/www.regionalis.shop\/app\/uploads\/sites\/362\/2341_2024_01_21_21_35_17_239601410.png 1024w, https:\/\/www.regionalis.shop\/app\/uploads\/sites\/362\/2341_2024_01_21_21_35_17_239601410-300x300.png 300w, https:\/\/www.regionalis.shop\/app\/uploads\/sites\/362\/2341_2024_01_21_21_35_17_239601410-150x150.png 150w, https:\/\/www.regionalis.shop\/app\/uploads\/sites\/362\/2341_2024_01_21_21_35_17_239601410-768x768.png 768w, https:\/\/www.regionalis.shop\/app\/uploads\/sites\/362\/2341_2024_01_21_21_35_17_239601410-600x600.png 600w, https:\/\/www.regionalis.shop\/app\/uploads\/sites\/362\/2341_2024_01_21_21_35_17_239601410-100x100.png 100w\" sizes=\"auto, (max-width: 1024px) 100vw, 1024px\" \/><\/div><h2 class=\"woocommerce-loop-product__title\">Geschenk Seife Seifenschale Geschenkset<\/h2>\n\t<span class=\"price\"><span class=\"woocommerce-Price-amount amount\"><bdi>21,90&nbsp;<span class=\"woocommerce-Price-currencySymbol\">&euro;<\/span><\/bdi><\/span><\/span>\n<\/a><\/li>\n<li class=\"product type-product post-1057 status-publish instock product_cat-kosmetika product_cat-seifen has-post-thumbnail purchasable product-type-simple\">\n\t<a href=\"https:\/\/www.regionalis.shop\/lunasoaps-seifenmanufaktur\/shop\/waldgeist-seife-vegan-palmoelfrei-100g\/\" class=\"woocommerce-LoopProduct-link woocommerce-loop-product__link\"><div class=\"wc-block-grid__product-image\"><img loading=\"lazy\" decoding=\"async\" width=\"1024\" height=\"1024\" src=\"https:\/\/www.regionalis.shop\/app\/uploads\/sites\/362\/2341_2024_01_21_20_47_03_655578687.jpg\" class=\"attachment-large size-large\" alt=\"Waldgeist Seife, vegan, Palm\u00f6lfrei, 100g\" srcset=\"https:\/\/www.regionalis.shop\/app\/uploads\/sites\/362\/2341_2024_01_21_20_47_03_655578687.jpg 1024w, https:\/\/www.regionalis.shop\/app\/uploads\/sites\/362\/2341_2024_01_21_20_47_03_655578687-300x300.jpg 300w, https:\/\/www.regionalis.shop\/app\/uploads\/sites\/362\/2341_2024_01_21_20_47_03_655578687-150x150.jpg 150w, https:\/\/www.regionalis.shop\/app\/uploads\/sites\/362\/2341_2024_01_21_20_47_03_655578687-768x768.jpg 768w, https:\/\/www.regionalis.shop\/app\/uploads\/sites\/362\/2341_2024_01_21_20_47_03_655578687-600x600.jpg 600w, https:\/\/www.regionalis.shop\/app\/uploads\/sites\/362\/2341_2024_01_21_20_47_03_655578687-100x100.jpg 100w\" sizes=\"auto, (max-width: 1024px) 100vw, 1024px\" \/><\/div><h2 class=\"woocommerce-loop-product__title\">Waldgeist Seife, vegan, Palm\u00f6lfrei, 100g<\/h2>\n\t<span class=\"price\"><span class=\"woocommerce-Price-amount amount\"><bdi>8,50&nbsp;<span class=\"woocommerce-Price-currencySymbol\">&euro;<\/span><\/bdi><\/span><\/span>\n<\/a><\/li>\n<li class=\"product type-product post-1060 status-publish last instock product_cat-kosmetika product_cat-seifen has-post-thumbnail purchasable product-type-simple\">\n\t<a href=\"https:\/\/www.regionalis.shop\/lunasoaps-seifenmanufaktur\/shop\/geschenk-seife-geschenkset-handgemacht-2\/\" class=\"woocommerce-LoopProduct-link woocommerce-loop-product__link\"><div class=\"wc-block-grid__product-image\"><img loading=\"lazy\" decoding=\"async\" width=\"1024\" height=\"1024\" src=\"https:\/\/www.regionalis.shop\/app\/uploads\/sites\/362\/2341_2024_01_23_15_13_37_169408462.png\" class=\"attachment-large size-large\" alt=\"Geschenk Seife Geschenkset, handgemacht\" srcset=\"https:\/\/www.regionalis.shop\/app\/uploads\/sites\/362\/2341_2024_01_23_15_13_37_169408462.png 1024w, https:\/\/www.regionalis.shop\/app\/uploads\/sites\/362\/2341_2024_01_23_15_13_37_169408462-300x300.png 300w, https:\/\/www.regionalis.shop\/app\/uploads\/sites\/362\/2341_2024_01_23_15_13_37_169408462-150x150.png 150w, https:\/\/www.regionalis.shop\/app\/uploads\/sites\/362\/2341_2024_01_23_15_13_37_169408462-768x768.png 768w, https:\/\/www.regionalis.shop\/app\/uploads\/sites\/362\/2341_2024_01_23_15_13_37_169408462-600x600.png 600w, https:\/\/www.regionalis.shop\/app\/uploads\/sites\/362\/2341_2024_01_23_15_13_37_169408462-100x100.png 100w\" sizes=\"auto, (max-width: 1024px) 100vw, 1024px\" \/><\/div><h2 class=\"woocommerce-loop-product__title\">Geschenk Seife Geschenkset, handgemacht<\/h2>\n\t<span class=\"price\"><span class=\"woocommerce-Price-amount amount\"><bdi>18,90&nbsp;<span class=\"woocommerce-Price-currencySymbol\">&euro;<\/span><\/bdi><\/span><\/span>\n<\/a><\/li>\n<\/ul>\n<\/div>\n    <p>\n        <a href=\"https:\/\/www.regionalis.shop\/lunasoaps-seifenmanufaktur\/shop\/\" class=\"btn btn-primary btn-icon-right\">\n            Alle Produkte <i class=\"bi bi-arrow-right-short\"><\/i>\n        <\/a>\n    <\/p>\n<\/section>\n\n<div data-block-name=\"woocommerce\/store-notices\" class=\"wc-block-store-notices woocommerce alignwide alignwide wp-block-woocommerce-store-notices\"><div class=\"woocommerce-notices-wrapper\"><\/div><\/div>","protected":false},"excerpt":{"rendered":"","protected":false},"author":1,"featured_media":0,"parent":0,"menu_order":0,"comment_status":"closed","ping_status":"closed","template":"template-home.blade.php","meta":{"_acf_changed":false,"footnotes":""},"class_list":["post-862","page","type-page","status-publish","hentry"],"acf":[],"_links":{"self":[{"href":"https:\/\/www.regionalis.shop\/lunasoaps-seifenmanufaktur\/wp-json\/wp\/v2\/pages\/862","targetHints":{"allow":["GET"]}}],"collection":[{"href":"https:\/\/www.regionalis.shop\/lunasoaps-seifenmanufaktur\/wp-json\/wp\/v2\/pages"}],"about":[{"href":"https:\/\/www.regionalis.shop\/lunasoaps-seifenmanufaktur\/wp-json\/wp\/v2\/types\/page"}],"author":[{"embeddable":true,"href":"https:\/\/www.regionalis.shop\/lunasoaps-seifenmanufaktur\/wp-json\/wp\/v2\/users\/1"}],"replies":[{"embeddable":true,"href":"https:\/\/www.regionalis.shop\/lunasoaps-seifenmanufaktur\/wp-json\/wp\/v2\/comments?post=862"}],"version-history":[{"count":28,"href":"https:\/\/www.regionalis.shop\/lunasoaps-seifenmanufaktur\/wp-json\/wp\/v2\/pages\/862\/revisions"}],"predecessor-version":[{"id":1041,"href":"https:\/\/www.regionalis.shop\/lunasoaps-seifenmanufaktur\/wp-json\/wp\/v2\/pages\/862\/revisions\/1041"}],"wp:attachment":[{"href":"https:\/\/www.regionalis.shop\/lunasoaps-seifenmanufaktur\/wp-json\/wp\/v2\/media?parent=862"}],"curies":[{"name":"wp","href":"https:\/\/api.w.org\/{rel}","templated":true}]}}