{"id":1053,"date":"2025-04-18T05:15:25","date_gmt":"2025-04-18T03:15:25","guid":{"rendered":"https:\/\/www.regionalis.shop\/lunasoaps-seifenmanufaktur\/product\/geschenk-seife-seifenschale-geschenkset\/"},"modified":"2025-04-18T05:15:25","modified_gmt":"2025-04-18T03:15:25","slug":"geschenk-seife-seifenschale-geschenkset","status":"publish","type":"product","link":"https:\/\/www.regionalis.shop\/lunasoaps-seifenmanufaktur\/shop\/geschenk-seife-seifenschale-geschenkset\/","title":{"rendered":"Geschenk Seife Seifenschale Geschenkset"},"content":{"rendered":"<p>Geschenkbox mit handgemachter Miniseifenschale aus Keramik und drei St\u00fcck Duftseifen \u00e1 35 Gramm aus unserer Manufaktur im Mostviertel. <\/p>\n<p>Die auf den Fotos abgebildeten Schalen sind Muster!<br \/>\nDas Muster jeder Schale ist individuell, da es sich um Einzelst\u00fccke handelt.<\/p>\n<p>Die Verpackung der Seife ist umweltfreundlich und kompostierbar. <\/p>\n<p>Ma\u00dfe der Schale 8,5 x 5,5 cm. Die perfekte Gr\u00f6\u00dfe f\u00fcr ein G\u00e4ste-WC.<\/p>\n","protected":false},"excerpt":{"rendered":"<p>Geschenkbox mit handgemachter Miniseifenschale aus Keramik und drei St\u00fcck Duftseifen \u00e1 35 Gramm aus unserer Manufaktur im Mostviertel. Die auf den Fotos abgebildeten Schalen sind Muster! Das Muster jeder Schale ist individuell, da es sich um Einzelst\u00fccke handelt. Die Verpackung der Seife ist umweltfreundlich und kompostierbar. Ma\u00dfe der Schale 8,5 x 5,5 cm. Die perfekte &hellip; <a href=\"https:\/\/www.regionalis.shop\/lunasoaps-seifenmanufaktur\/shop\/geschenk-seife-seifenschale-geschenkset\/\">Continued<\/a><\/p>\n","protected":false},"featured_media":1054,"template":"","meta":{"_acf_changed":false},"product_brand":[],"product_cat":[137,52],"product_tag":[],"class_list":{"0":"post-1053","1":"product","2":"type-product","3":"status-publish","4":"has-post-thumbnail","6":"product_cat-geschenksets","7":"product_cat-kosmetika","9":"first","10":"instock","11":"purchasable","12":"product-type-simple"},"acf":[],"_links":{"self":[{"href":"https:\/\/www.regionalis.shop\/lunasoaps-seifenmanufaktur\/wp-json\/wp\/v2\/product\/1053","targetHints":{"allow":["GET"]}}],"collection":[{"href":"https:\/\/www.regionalis.shop\/lunasoaps-seifenmanufaktur\/wp-json\/wp\/v2\/product"}],"about":[{"href":"https:\/\/www.regionalis.shop\/lunasoaps-seifenmanufaktur\/wp-json\/wp\/v2\/types\/product"}],"wp:featuredmedia":[{"embeddable":true,"href":"https:\/\/www.regionalis.shop\/lunasoaps-seifenmanufaktur\/wp-json\/wp\/v2\/media\/1054"}],"wp:attachment":[{"href":"https:\/\/www.regionalis.shop\/lunasoaps-seifenmanufaktur\/wp-json\/wp\/v2\/media?parent=1053"}],"wp:term":[{"taxonomy":"product_brand","embeddable":true,"href":"https:\/\/www.regionalis.shop\/lunasoaps-seifenmanufaktur\/wp-json\/wp\/v2\/product_brand?post=1053"},{"taxonomy":"product_cat","embeddable":true,"href":"https:\/\/www.regionalis.shop\/lunasoaps-seifenmanufaktur\/wp-json\/wp\/v2\/product_cat?post=1053"},{"taxonomy":"product_tag","embeddable":true,"href":"https:\/\/www.regionalis.shop\/lunasoaps-seifenmanufaktur\/wp-json\/wp\/v2\/product_tag?post=1053"}],"curies":[{"name":"wp","href":"https:\/\/api.w.org\/{rel}","templated":true}]}}