{"id":1057,"date":"2025-04-18T04:45:36","date_gmt":"2025-04-18T02:45:36","guid":{"rendered":"https:\/\/www.regionalis.shop\/lunasoaps-seifenmanufaktur\/product\/waldgeist-seife-vegan-palmoelfrei-100g\/"},"modified":"2025-04-18T04:45:36","modified_gmt":"2025-04-18T02:45:36","slug":"waldgeist-seife-vegan-palmoelfrei-100g","status":"publish","type":"product","link":"https:\/\/www.regionalis.shop\/lunasoaps-seifenmanufaktur\/shop\/waldgeist-seife-vegan-palmoelfrei-100g\/","title":{"rendered":"Waldgeist Seife, vegan, Palm\u00f6lfrei, 100g"},"content":{"rendered":"<p>Die Waldgeist Seife verzaubert mit einem m\u00e4rchenhaften Duft nach Zirben- und Latschenkiefern\u00f6l.<\/p>\n<p>Hochwertige Inhaltsstoffe wie Shea Butter, Kakaobutter und Raps\u00f6l verw\u00f6hnen die Haut und sorgen f\u00fcr ausreichend Pflege.<\/p>\n<p>Bio-Kokos\u00f6l zaubert einen cremigen Schaum und s\u00fc\u00dfes Mandel\u00f6l pflegt auch die beanspruchte Haut.<\/p>\n<p>\u00dcberfettung: ca. 8% <\/p>\n<p>Inhaltsstoffe: Raps\u00f6l, Kakaobutter, *Kokos\u00f6l, Fair-Trade Shea Butter, Mandel\u00f6l, Rizinus\u00f6l, nat\u00fcrliches Glycerin, kosmetische Farbpigmente und 100 % \u00c4therische \u00d6le     *Bioqualit\u00e4t<\/p>\n<p>Ingredients: Sodium Rapeseedate, Sodium Cocoa Butterate, Sodium Cocoate, Sodium Shea Butterate, Sodium Sweet Almondate, Sodium Castorate, Glycerin, CI 77019, CI 77891, CI 77288, *Linalool, *Citronellol, *Limonene, *Geraniol              *Duftallergene Stoffe<\/p>\n","protected":false},"excerpt":{"rendered":"<p>Die Waldgeist Seife verzaubert mit einem m\u00e4rchenhaften Duft nach Zirben- und Latschenkiefern\u00f6l. Hochwertige Inhaltsstoffe wie Shea Butter, Kakaobutter und Raps\u00f6l verw\u00f6hnen die Haut und sorgen f\u00fcr ausreichend Pflege. Bio-Kokos\u00f6l zaubert einen cremigen Schaum und s\u00fc\u00dfes Mandel\u00f6l pflegt auch die beanspruchte Haut. \u00dcberfettung: ca. 8% Inhaltsstoffe: Raps\u00f6l, Kakaobutter, *Kokos\u00f6l, Fair-Trade Shea Butter, Mandel\u00f6l, Rizinus\u00f6l, nat\u00fcrliches Glycerin, &hellip; <a href=\"https:\/\/www.regionalis.shop\/lunasoaps-seifenmanufaktur\/shop\/waldgeist-seife-vegan-palmoelfrei-100g\/\">Continued<\/a><\/p>\n","protected":false},"featured_media":1058,"template":"","meta":{"_acf_changed":false},"product_brand":[],"product_cat":[52,76],"product_tag":[],"class_list":{"0":"post-1057","1":"product","2":"type-product","3":"status-publish","4":"has-post-thumbnail","6":"product_cat-kosmetika","7":"product_cat-seifen","9":"first","10":"instock","11":"purchasable","12":"product-type-simple"},"acf":[],"_links":{"self":[{"href":"https:\/\/www.regionalis.shop\/lunasoaps-seifenmanufaktur\/wp-json\/wp\/v2\/product\/1057","targetHints":{"allow":["GET"]}}],"collection":[{"href":"https:\/\/www.regionalis.shop\/lunasoaps-seifenmanufaktur\/wp-json\/wp\/v2\/product"}],"about":[{"href":"https:\/\/www.regionalis.shop\/lunasoaps-seifenmanufaktur\/wp-json\/wp\/v2\/types\/product"}],"wp:featuredmedia":[{"embeddable":true,"href":"https:\/\/www.regionalis.shop\/lunasoaps-seifenmanufaktur\/wp-json\/wp\/v2\/media\/1058"}],"wp:attachment":[{"href":"https:\/\/www.regionalis.shop\/lunasoaps-seifenmanufaktur\/wp-json\/wp\/v2\/media?parent=1057"}],"wp:term":[{"taxonomy":"product_brand","embeddable":true,"href":"https:\/\/www.regionalis.shop\/lunasoaps-seifenmanufaktur\/wp-json\/wp\/v2\/product_brand?post=1057"},{"taxonomy":"product_cat","embeddable":true,"href":"https:\/\/www.regionalis.shop\/lunasoaps-seifenmanufaktur\/wp-json\/wp\/v2\/product_cat?post=1057"},{"taxonomy":"product_tag","embeddable":true,"href":"https:\/\/www.regionalis.shop\/lunasoaps-seifenmanufaktur\/wp-json\/wp\/v2\/product_tag?post=1057"}],"curies":[{"name":"wp","href":"https:\/\/api.w.org\/{rel}","templated":true}]}}