{"id":1060,"date":"2025-04-18T00:19:38","date_gmt":"2025-04-17T22:19:38","guid":{"rendered":"https:\/\/www.regionalis.shop\/lunasoaps-seifenmanufaktur\/product\/geschenk-seife-geschenkset-handgemacht-2\/"},"modified":"2025-04-18T00:19:38","modified_gmt":"2025-04-17T22:19:38","slug":"geschenk-seife-geschenkset-handgemacht-2","status":"publish","type":"product","link":"https:\/\/www.regionalis.shop\/lunasoaps-seifenmanufaktur\/shop\/geschenk-seife-geschenkset-handgemacht-2\/","title":{"rendered":"Geschenk Seife Geschenkset, handgemacht"},"content":{"rendered":"<p>Geschenkbox aus Karton mit zwei St\u00fcck handgesiedeten Duftseifen nach Wahl in einer handgemachten Geschenkh\u00fclle aus Papier. Diese kann indiviuell nach Anlass gestaltet werden. Personalisierbar mit Namen oder Logo nach Wunsch ist auf Anfrage auch in gr\u00f6\u00dferer St\u00fcckzahl m\u00f6glich. <\/p>\n<p>Standard Duftseifen:<br \/>\nAloe-Vera Seife<br \/>\nRosenrot Seife<br \/>\nRosen Seife mit Heilerde<br \/>\nLavendel Soleseife<br \/>\nRingelblumen Seife<br \/>\nL\u00f6wenzahn Seife<br \/>\nWaldgeist Seife<br \/>\nOrientzauber Seife<br \/>\nTraumschaum Seife<br \/>\nG\u00e4rtner Seife<br \/>\nOlivia Oliven\u00f6lseife mit Heilerde ohne Duft<\/p>\n<p>Der Umwelt zuliebe sind alle Lunasoaps vegan und ohne Palm\u00f6l.<br \/>\nDie Verpackung ist aus umweltfreundlichem, kompostierbarem Zellglas.<\/p>\n<p>Den Seifenwunsch bitte per Nachricht bekannt geben.<\/p>\n","protected":false},"excerpt":{"rendered":"<p>Geschenkbox aus Karton mit zwei St\u00fcck handgesiedeten Duftseifen nach Wahl in einer handgemachten Geschenkh\u00fclle aus Papier. Diese kann indiviuell nach Anlass gestaltet werden. Personalisierbar mit Namen oder Logo nach Wunsch ist auf Anfrage auch in gr\u00f6\u00dferer St\u00fcckzahl m\u00f6glich. Standard Duftseifen: Aloe-Vera Seife Rosenrot Seife Rosen Seife mit Heilerde Lavendel Soleseife Ringelblumen Seife L\u00f6wenzahn Seife Waldgeist &hellip; <a href=\"https:\/\/www.regionalis.shop\/lunasoaps-seifenmanufaktur\/shop\/geschenk-seife-geschenkset-handgemacht-2\/\">Continued<\/a><\/p>\n","protected":false},"featured_media":1061,"template":"","meta":{"_acf_changed":false},"product_brand":[],"product_cat":[52,76],"product_tag":[],"class_list":{"0":"post-1060","1":"product","2":"type-product","3":"status-publish","4":"has-post-thumbnail","6":"product_cat-kosmetika","7":"product_cat-seifen","9":"first","10":"instock","11":"purchasable","12":"product-type-simple"},"acf":[],"_links":{"self":[{"href":"https:\/\/www.regionalis.shop\/lunasoaps-seifenmanufaktur\/wp-json\/wp\/v2\/product\/1060","targetHints":{"allow":["GET"]}}],"collection":[{"href":"https:\/\/www.regionalis.shop\/lunasoaps-seifenmanufaktur\/wp-json\/wp\/v2\/product"}],"about":[{"href":"https:\/\/www.regionalis.shop\/lunasoaps-seifenmanufaktur\/wp-json\/wp\/v2\/types\/product"}],"wp:featuredmedia":[{"embeddable":true,"href":"https:\/\/www.regionalis.shop\/lunasoaps-seifenmanufaktur\/wp-json\/wp\/v2\/media\/1061"}],"wp:attachment":[{"href":"https:\/\/www.regionalis.shop\/lunasoaps-seifenmanufaktur\/wp-json\/wp\/v2\/media?parent=1060"}],"wp:term":[{"taxonomy":"product_brand","embeddable":true,"href":"https:\/\/www.regionalis.shop\/lunasoaps-seifenmanufaktur\/wp-json\/wp\/v2\/product_brand?post=1060"},{"taxonomy":"product_cat","embeddable":true,"href":"https:\/\/www.regionalis.shop\/lunasoaps-seifenmanufaktur\/wp-json\/wp\/v2\/product_cat?post=1060"},{"taxonomy":"product_tag","embeddable":true,"href":"https:\/\/www.regionalis.shop\/lunasoaps-seifenmanufaktur\/wp-json\/wp\/v2\/product_tag?post=1060"}],"curies":[{"name":"wp","href":"https:\/\/api.w.org\/{rel}","templated":true}]}}