{"id":1065,"date":"2025-04-17T23:34:04","date_gmt":"2025-04-17T21:34:04","guid":{"rendered":"https:\/\/www.regionalis.shop\/lunasoaps-seifenmanufaktur\/product\/gaertner-seife-vegan-palmoelfrei-100g\/"},"modified":"2025-04-17T23:34:04","modified_gmt":"2025-04-17T21:34:04","slug":"gaertner-seife-vegan-palmoelfrei-100g","status":"publish","type":"product","link":"https:\/\/www.regionalis.shop\/lunasoaps-seifenmanufaktur\/shop\/gaertner-seife-vegan-palmoelfrei-100g\/","title":{"rendered":"G\u00e4rtner Seife, vegan, Palm\u00f6lfrei, 100g"},"content":{"rendered":"<p>Die G\u00c4RTNER SEIFE ist die ideale Handseife f\u00fcr G\u00e4rtner und Handwerker!  Der Mohn schrubbelt die H\u00e4nde sauber und das enthaltene Kaffeepulver nimmt Ger\u00fcche. Die hochwertigen \u00d6le pflegen dabei sanft die beanspruchte Haut.<\/p>\n<p>Die G\u00e4rtnerseife hat ein angenehmes Aroma nach Kr\u00e4utergarten und einen nat\u00fcrlichen Farbstoff!<\/p>\n<p>Inhaltsstoffe: *Kokos\u00f6l, *Oliven\u00f6l, regionales Raps\u00f6l, Kakaobutter, Sonnenblumen\u00f6l, nat\u00fcrliches Glycerin, Mohn, Kaffeepulver, Annattosamenpulver und 100 % \u00c4therische \u00d6le       *Bioqualit\u00e4t<\/p>\n<p>Ingredients: Sodium Cocoate , Sodium Olivate, Sodium Rapeseedate, Sodium Cocoa Butterate, Sodium Sunflowerseedate, Glycerin, Papaver Somniferum Seed, Coffea Arabica Powder, CI 75120, *Limonene, *Citral, *Citronellol, *Geraniol                  *Duftallergene Stoffe<\/p>\n<p>\u00dcberfettung: ca. 8 %<\/p>\n<p>Kompostierbare, umweltfreundliche Verpackung!<\/p>\n","protected":false},"excerpt":{"rendered":"<p>Die G\u00c4RTNER SEIFE ist die ideale Handseife f\u00fcr G\u00e4rtner und Handwerker! Der Mohn schrubbelt die H\u00e4nde sauber und das enthaltene Kaffeepulver nimmt Ger\u00fcche. Die hochwertigen \u00d6le pflegen dabei sanft die beanspruchte Haut. Die G\u00e4rtnerseife hat ein angenehmes Aroma nach Kr\u00e4utergarten und einen nat\u00fcrlichen Farbstoff! Inhaltsstoffe: *Kokos\u00f6l, *Oliven\u00f6l, regionales Raps\u00f6l, Kakaobutter, Sonnenblumen\u00f6l, nat\u00fcrliches Glycerin, Mohn, Kaffeepulver, &hellip; <a href=\"https:\/\/www.regionalis.shop\/lunasoaps-seifenmanufaktur\/shop\/gaertner-seife-vegan-palmoelfrei-100g\/\">Continued<\/a><\/p>\n","protected":false},"featured_media":1066,"template":"","meta":{"_acf_changed":false},"product_brand":[],"product_cat":[52,76],"product_tag":[],"class_list":{"0":"post-1065","1":"product","2":"type-product","3":"status-publish","4":"has-post-thumbnail","6":"product_cat-kosmetika","7":"product_cat-seifen","9":"first","10":"instock","11":"purchasable","12":"product-type-simple"},"acf":[],"_links":{"self":[{"href":"https:\/\/www.regionalis.shop\/lunasoaps-seifenmanufaktur\/wp-json\/wp\/v2\/product\/1065","targetHints":{"allow":["GET"]}}],"collection":[{"href":"https:\/\/www.regionalis.shop\/lunasoaps-seifenmanufaktur\/wp-json\/wp\/v2\/product"}],"about":[{"href":"https:\/\/www.regionalis.shop\/lunasoaps-seifenmanufaktur\/wp-json\/wp\/v2\/types\/product"}],"wp:featuredmedia":[{"embeddable":true,"href":"https:\/\/www.regionalis.shop\/lunasoaps-seifenmanufaktur\/wp-json\/wp\/v2\/media\/1066"}],"wp:attachment":[{"href":"https:\/\/www.regionalis.shop\/lunasoaps-seifenmanufaktur\/wp-json\/wp\/v2\/media?parent=1065"}],"wp:term":[{"taxonomy":"product_brand","embeddable":true,"href":"https:\/\/www.regionalis.shop\/lunasoaps-seifenmanufaktur\/wp-json\/wp\/v2\/product_brand?post=1065"},{"taxonomy":"product_cat","embeddable":true,"href":"https:\/\/www.regionalis.shop\/lunasoaps-seifenmanufaktur\/wp-json\/wp\/v2\/product_cat?post=1065"},{"taxonomy":"product_tag","embeddable":true,"href":"https:\/\/www.regionalis.shop\/lunasoaps-seifenmanufaktur\/wp-json\/wp\/v2\/product_tag?post=1065"}],"curies":[{"name":"wp","href":"https:\/\/api.w.org\/{rel}","templated":true}]}}