{"id":1067,"date":"2025-04-17T23:34:04","date_gmt":"2025-04-17T21:34:04","guid":{"rendered":"https:\/\/www.regionalis.shop\/lunasoaps-seifenmanufaktur\/product\/rasierseife-im-glas-damen-herren-100g\/"},"modified":"2025-04-17T23:34:04","modified_gmt":"2025-04-17T21:34:04","slug":"rasierseife-im-glas-damen-herren-100g","status":"publish","type":"product","link":"https:\/\/www.regionalis.shop\/lunasoaps-seifenmanufaktur\/shop\/rasierseife-im-glas-damen-herren-100g\/","title":{"rendered":"Rasierseife im Glas, Damen &#038; Herren, 100g"},"content":{"rendered":"<p>Die RASIERSEIFE mit besonders pflegenden Inhaltstoffen wie Hanf\u00f6l und Shea Butter f\u00fcr Damen &#038; Herren mit hohen Anspr\u00fcchen. In dieser Rasierseife vereinen sich Patchouli und rote Mandarine zu einem angenehm herb-s\u00fc\u00dfen Aroma. Teebaum\u00f6l versorgt zus\u00e4tzlich auch kleinste Schnittstellen. Gr\u00fcne Heilerde sorgt f\u00fcr zus\u00e4tzliche Pflege und l\u00e4\u00dft den Rasierer w\u00e4hrend der Rasur besser gleiten. Mit Hilfe eines Rasierpinsels im Glas aufsch\u00e4umen und den cremigen Schaum auftragen.<\/p>\n<p>Teure After Shave Produkte sind nicht mehr notwenig, da die Haut w\u00e4hrend der Rasur mit hochwertigen Inhaltsstoffen gepflegt wird.<\/p>\n<p>Inhaltsstoffe: Bio-Kokos\u00f6l, Fair-Trade Shea Butter aus Ghana, gr\u00fcnes Avocado\u00f6l, Hanf\u00f6l aus dem Waldviertel, Rizinus\u00f6l, Mandel\u00f6l, nat\u00fcrliches Glycerin, gr\u00fcne Heilerde  und 100 % \u00c4therische \u00d6le.<\/p>\n<p>Ingredients: Sodium Cocoate, Sodium Shea Butterate, Sodium Avocadoate, Sodium Hempseedate, Sodium Castorate, Sodium Sweet Almondate, Glycerin, Illite, Aroma (*Limonene, *Linalool, *Citronellol)  *Duftallergene Stoffe<\/p>\n<p>\u00dcberfettung: ca. 6 %<\/p>\n<p>Inhalt: 100g Rasierseife (Frischegewicht)<\/p>\n","protected":false},"excerpt":{"rendered":"<p>Die RASIERSEIFE mit besonders pflegenden Inhaltstoffen wie Hanf\u00f6l und Shea Butter f\u00fcr Damen &#038; Herren mit hohen Anspr\u00fcchen. In dieser Rasierseife vereinen sich Patchouli und rote Mandarine zu einem angenehm herb-s\u00fc\u00dfen Aroma. Teebaum\u00f6l versorgt zus\u00e4tzlich auch kleinste Schnittstellen. Gr\u00fcne Heilerde sorgt f\u00fcr zus\u00e4tzliche Pflege und l\u00e4\u00dft den Rasierer w\u00e4hrend der Rasur besser gleiten. Mit Hilfe &hellip; <a href=\"https:\/\/www.regionalis.shop\/lunasoaps-seifenmanufaktur\/shop\/rasierseife-im-glas-damen-herren-100g\/\">Continued<\/a><\/p>\n","protected":false},"featured_media":1068,"template":"","meta":{"_acf_changed":false},"product_brand":[],"product_cat":[52,76],"product_tag":[],"class_list":{"0":"post-1067","1":"product","2":"type-product","3":"status-publish","4":"has-post-thumbnail","6":"product_cat-kosmetika","7":"product_cat-seifen","9":"first","10":"instock","11":"purchasable","12":"product-type-simple"},"acf":[],"_links":{"self":[{"href":"https:\/\/www.regionalis.shop\/lunasoaps-seifenmanufaktur\/wp-json\/wp\/v2\/product\/1067","targetHints":{"allow":["GET"]}}],"collection":[{"href":"https:\/\/www.regionalis.shop\/lunasoaps-seifenmanufaktur\/wp-json\/wp\/v2\/product"}],"about":[{"href":"https:\/\/www.regionalis.shop\/lunasoaps-seifenmanufaktur\/wp-json\/wp\/v2\/types\/product"}],"wp:featuredmedia":[{"embeddable":true,"href":"https:\/\/www.regionalis.shop\/lunasoaps-seifenmanufaktur\/wp-json\/wp\/v2\/media\/1068"}],"wp:attachment":[{"href":"https:\/\/www.regionalis.shop\/lunasoaps-seifenmanufaktur\/wp-json\/wp\/v2\/media?parent=1067"}],"wp:term":[{"taxonomy":"product_brand","embeddable":true,"href":"https:\/\/www.regionalis.shop\/lunasoaps-seifenmanufaktur\/wp-json\/wp\/v2\/product_brand?post=1067"},{"taxonomy":"product_cat","embeddable":true,"href":"https:\/\/www.regionalis.shop\/lunasoaps-seifenmanufaktur\/wp-json\/wp\/v2\/product_cat?post=1067"},{"taxonomy":"product_tag","embeddable":true,"href":"https:\/\/www.regionalis.shop\/lunasoaps-seifenmanufaktur\/wp-json\/wp\/v2\/product_tag?post=1067"}],"curies":[{"name":"wp","href":"https:\/\/api.w.org\/{rel}","templated":true}]}}