{"id":1071,"date":"2025-04-17T23:34:04","date_gmt":"2025-04-17T21:34:04","guid":{"rendered":"https:\/\/www.regionalis.shop\/lunasoaps-seifenmanufaktur\/product\/traumschaum-seife-vegan-palmoelfrei-100g\/"},"modified":"2025-04-17T23:34:04","modified_gmt":"2025-04-17T21:34:04","slug":"traumschaum-seife-vegan-palmoelfrei-100g","status":"publish","type":"product","link":"https:\/\/www.regionalis.shop\/lunasoaps-seifenmanufaktur\/shop\/traumschaum-seife-vegan-palmoelfrei-100g\/","title":{"rendered":"Traumschaum Seife, vegan, Palm\u00f6lfrei, 100g"},"content":{"rendered":"<p>Die TRAUMSCHAUM Seife mit ihrem zitronig, frischen Duft und den bunten Farben ist nicht nur bei Kindern sehr beliebt.  Die Traumschaum Seife enth\u00e4lt viel Oliven\u00f6l und wird daher zu einer besonders milden und pflegenden Seife.  Das enthaltene Kokos\u00f6l ist f\u00fcr das cremige \u201eTraumschaum\u201c Wascherlebnis der ganzen Familie zust\u00e4ndig.<\/p>\n<p>\u00dcberfettung: 8 % <\/p>\n<p>Inhaltsstoffe: *Oliven\u00f6l, *Kokos\u00f6l, Sonnenblumen\u00f6l, Kakaobutter, Rizinus\u00f6l, nat\u00fcrliches Glycerin, 100 % \u00c4therische \u00d6le, kosmetische Farbpigmente                   *Bioqualit\u00e4t<\/p>\n<p>Ingredients: Sodium Olivate, Sodium Cocoate, Sodium Sunflowerseedate, Sodium Cocoa Butterate, Sodium Castorate, Glycerin,  *Citral, *Geraniol, *Limonene, *Linalool, *Citronellol, *Eugenol, Mica, Tin Oxide, CI 77019, CI 77891, CI 77288, CI 77007, CI 77742, CI 77499              *Duftallergene Stoffe<\/p>\n<p>Kompostierbare, umweltfreundliche Verpackung!<\/p>\n","protected":false},"excerpt":{"rendered":"<p>Die TRAUMSCHAUM Seife mit ihrem zitronig, frischen Duft und den bunten Farben ist nicht nur bei Kindern sehr beliebt. Die Traumschaum Seife enth\u00e4lt viel Oliven\u00f6l und wird daher zu einer besonders milden und pflegenden Seife. Das enthaltene Kokos\u00f6l ist f\u00fcr das cremige \u201eTraumschaum\u201c Wascherlebnis der ganzen Familie zust\u00e4ndig. \u00dcberfettung: 8 % Inhaltsstoffe: *Oliven\u00f6l, *Kokos\u00f6l, Sonnenblumen\u00f6l, &hellip; <a href=\"https:\/\/www.regionalis.shop\/lunasoaps-seifenmanufaktur\/shop\/traumschaum-seife-vegan-palmoelfrei-100g\/\">Continued<\/a><\/p>\n","protected":false},"featured_media":1072,"template":"","meta":{"_acf_changed":false},"product_brand":[],"product_cat":[52,76],"product_tag":[],"class_list":{"0":"post-1071","1":"product","2":"type-product","3":"status-publish","4":"has-post-thumbnail","6":"product_cat-kosmetika","7":"product_cat-seifen","9":"first","10":"instock","11":"purchasable","12":"product-type-simple"},"acf":[],"_links":{"self":[{"href":"https:\/\/www.regionalis.shop\/lunasoaps-seifenmanufaktur\/wp-json\/wp\/v2\/product\/1071","targetHints":{"allow":["GET"]}}],"collection":[{"href":"https:\/\/www.regionalis.shop\/lunasoaps-seifenmanufaktur\/wp-json\/wp\/v2\/product"}],"about":[{"href":"https:\/\/www.regionalis.shop\/lunasoaps-seifenmanufaktur\/wp-json\/wp\/v2\/types\/product"}],"wp:featuredmedia":[{"embeddable":true,"href":"https:\/\/www.regionalis.shop\/lunasoaps-seifenmanufaktur\/wp-json\/wp\/v2\/media\/1072"}],"wp:attachment":[{"href":"https:\/\/www.regionalis.shop\/lunasoaps-seifenmanufaktur\/wp-json\/wp\/v2\/media?parent=1071"}],"wp:term":[{"taxonomy":"product_brand","embeddable":true,"href":"https:\/\/www.regionalis.shop\/lunasoaps-seifenmanufaktur\/wp-json\/wp\/v2\/product_brand?post=1071"},{"taxonomy":"product_cat","embeddable":true,"href":"https:\/\/www.regionalis.shop\/lunasoaps-seifenmanufaktur\/wp-json\/wp\/v2\/product_cat?post=1071"},{"taxonomy":"product_tag","embeddable":true,"href":"https:\/\/www.regionalis.shop\/lunasoaps-seifenmanufaktur\/wp-json\/wp\/v2\/product_tag?post=1071"}],"curies":[{"name":"wp","href":"https:\/\/api.w.org\/{rel}","templated":true}]}}