{"id":1079,"date":"2025-04-17T23:33:38","date_gmt":"2025-04-17T21:33:38","guid":{"rendered":"https:\/\/www.regionalis.shop\/lunasoaps-seifenmanufaktur\/product\/geschenk-seife-gastgeschenk\/"},"modified":"2025-04-17T23:33:38","modified_gmt":"2025-04-17T21:33:38","slug":"geschenk-seife-gastgeschenk","status":"publish","type":"product","link":"https:\/\/www.regionalis.shop\/lunasoaps-seifenmanufaktur\/shop\/geschenk-seife-gastgeschenk\/","title":{"rendered":"Geschenk Seife Gastgeschenk"},"content":{"rendered":"<p>Handgemachtes, auf Wunsch personalisierbares Geschenk mit einer handgesiedeten Duftseife aus unserer Manufaktur im Mostviertel. Ideal als Gastgeschenk oder Give away mit individueller Gestaltungsm\u00f6glichkeit. <\/p>\n<p>Wahlweise wie folgt eine 35g Seife aus unserem Standard Sortiment:<\/p>\n<p>LAVENDEL SOLESEIFE<br \/>\nROSENROT SEIFE<br \/>\nROSENSEIFE MIT HEILERDE<br \/>\nORIENTZAUBER SEIFE<br \/>\nWALDGEIST SEIFE<br \/>\nTRAUMSCHAUM SEIFE<br \/>\nRINGELBLUMEN SEIFE<br \/>\nL\u00d6WENZAHN SEIFE<\/p>\n<p>Alle Lunasoaps sind vegan und palm\u00f6lfrei!<br \/>\nDie Seifen sind umweltfreundlich in kompostierbarem Zellglas verpackt. <\/p>\n<p>Die Fotos sind Musterbilder! Das Papier wird passend zum Anlass gew\u00e4hlt. Von jeder Papiersorte ist nur eine kleine Menge verf\u00fcgbar, so wird jede Geschenkseife zum absoluten Einzelst\u00fcck.<\/p>\n","protected":false},"excerpt":{"rendered":"<p>Handgemachtes, auf Wunsch personalisierbares Geschenk mit einer handgesiedeten Duftseife aus unserer Manufaktur im Mostviertel. Ideal als Gastgeschenk oder Give away mit individueller Gestaltungsm\u00f6glichkeit. Wahlweise wie folgt eine 35g Seife aus unserem Standard Sortiment: LAVENDEL SOLESEIFE ROSENROT SEIFE ROSENSEIFE MIT HEILERDE ORIENTZAUBER SEIFE WALDGEIST SEIFE TRAUMSCHAUM SEIFE RINGELBLUMEN SEIFE L\u00d6WENZAHN SEIFE Alle Lunasoaps sind vegan und &hellip; <a href=\"https:\/\/www.regionalis.shop\/lunasoaps-seifenmanufaktur\/shop\/geschenk-seife-gastgeschenk\/\">Continued<\/a><\/p>\n","protected":false},"featured_media":1080,"template":"","meta":{"_acf_changed":false},"product_brand":[],"product_cat":[52,76],"product_tag":[],"class_list":{"0":"post-1079","1":"product","2":"type-product","3":"status-publish","4":"has-post-thumbnail","6":"product_cat-kosmetika","7":"product_cat-seifen","9":"first","10":"instock","11":"purchasable","12":"product-type-simple"},"acf":[],"_links":{"self":[{"href":"https:\/\/www.regionalis.shop\/lunasoaps-seifenmanufaktur\/wp-json\/wp\/v2\/product\/1079","targetHints":{"allow":["GET"]}}],"collection":[{"href":"https:\/\/www.regionalis.shop\/lunasoaps-seifenmanufaktur\/wp-json\/wp\/v2\/product"}],"about":[{"href":"https:\/\/www.regionalis.shop\/lunasoaps-seifenmanufaktur\/wp-json\/wp\/v2\/types\/product"}],"wp:featuredmedia":[{"embeddable":true,"href":"https:\/\/www.regionalis.shop\/lunasoaps-seifenmanufaktur\/wp-json\/wp\/v2\/media\/1080"}],"wp:attachment":[{"href":"https:\/\/www.regionalis.shop\/lunasoaps-seifenmanufaktur\/wp-json\/wp\/v2\/media?parent=1079"}],"wp:term":[{"taxonomy":"product_brand","embeddable":true,"href":"https:\/\/www.regionalis.shop\/lunasoaps-seifenmanufaktur\/wp-json\/wp\/v2\/product_brand?post=1079"},{"taxonomy":"product_cat","embeddable":true,"href":"https:\/\/www.regionalis.shop\/lunasoaps-seifenmanufaktur\/wp-json\/wp\/v2\/product_cat?post=1079"},{"taxonomy":"product_tag","embeddable":true,"href":"https:\/\/www.regionalis.shop\/lunasoaps-seifenmanufaktur\/wp-json\/wp\/v2\/product_tag?post=1079"}],"curies":[{"name":"wp","href":"https:\/\/api.w.org\/{rel}","templated":true}]}}