{"id":3,"date":"2023-10-31T09:02:46","date_gmt":"2023-10-31T09:02:46","guid":{"rendered":"https:\/\/stage.shop-it.at\/?page_id=3"},"modified":"2025-10-23T16:29:26","modified_gmt":"2025-10-23T14:29:26","slug":"datenschutzerklarung","status":"publish","type":"page","link":"https:\/\/www.regionalis.shop\/madebyju\/datenschutzerklarung\/","title":{"rendered":"Datenschutzerkl\u00e4rung"},"content":{"rendered":"<section>\n            <p>Hier findet ihr bunte, individuelle, praktische Sachen f\u00fcr Baby, Kind und Erwachsene.<br \/>\nAlle Produkte sind zu 100% von mir pers\u00f6nlich HANDGEMACHT (vom Zuschnitt bis zum fertigen St\u00fcck) und von hochwertiger Qualit\u00e4t und Ausf\u00fchrung. Ich n\u00e4he vieles individuell nach Bestellung, daher sind Sonderw\u00fcnsche, wie zb. Personalisierungen auch kurzfristig m\u00f6glich. Die daf\u00fcr verarbeiteten Stoffe und Materialien sind von sehr guter Qualit\u00e4t (und entsprechen dem \u00d6ko- TEX Standard 100 Siegel, welches Schadstofffreiheit garantiert), falls ihr eure St\u00fccke gerne in eurem Lieblingsmotiv n\u00e4hen lassen m\u00f6chtet, findet ihr eine riesige Stoffauswahl (Motive und diverse Stoffarten) auf www.madebyju.at<\/p>\n\n    <\/section>","protected":false},"excerpt":{"rendered":"","protected":false},"author":1,"featured_media":0,"parent":0,"menu_order":0,"comment_status":"closed","ping_status":"closed","template":"","meta":{"_acf_changed":false,"footnotes":""},"class_list":["post-3","page","type-page","status-publish","hentry"],"acf":[],"_links":{"self":[{"href":"https:\/\/www.regionalis.shop\/madebyju\/wp-json\/wp\/v2\/pages\/3","targetHints":{"allow":["GET"]}}],"collection":[{"href":"https:\/\/www.regionalis.shop\/madebyju\/wp-json\/wp\/v2\/pages"}],"about":[{"href":"https:\/\/www.regionalis.shop\/madebyju\/wp-json\/wp\/v2\/types\/page"}],"author":[{"embeddable":true,"href":"https:\/\/www.regionalis.shop\/madebyju\/wp-json\/wp\/v2\/users\/1"}],"replies":[{"embeddable":true,"href":"https:\/\/www.regionalis.shop\/madebyju\/wp-json\/wp\/v2\/comments?post=3"}],"version-history":[{"count":4,"href":"https:\/\/www.regionalis.shop\/madebyju\/wp-json\/wp\/v2\/pages\/3\/revisions"}],"predecessor-version":[{"id":1047,"href":"https:\/\/www.regionalis.shop\/madebyju\/wp-json\/wp\/v2\/pages\/3\/revisions\/1047"}],"wp:attachment":[{"href":"https:\/\/www.regionalis.shop\/madebyju\/wp-json\/wp\/v2\/media?parent=3"}],"curies":[{"name":"wp","href":"https:\/\/api.w.org\/{rel}","templated":true}]}}