{"id":862,"date":"2025-05-24T13:44:06","date_gmt":"2025-05-24T11:44:06","guid":{"rendered":"https:\/\/starter.stage.shop-it.at\/?page_id=862"},"modified":"2025-10-23T15:21:37","modified_gmt":"2025-10-23T13:21:37","slug":"startseite","status":"publish","type":"page","link":"https:\/\/www.regionalis.shop\/madebyju\/","title":{"rendered":"Startseite"},"content":{"rendered":"<section>\n        <div class=\"header-image\">\n            <img decoding=\"async\" src=\"https:\/\/www.regionalis.shop\/app\/uploads\/sites\/370\/1910_2020_08_27_22_46_32_698967968.jpg\" alt=\"\">\n        <\/div>\n    \n    <\/section>\n    <section>\n    <div class=\"header-title\">\n        <h1 class=\"h2\">Willkommen bei madebyju<\/h1>\n    <\/div>\n            <h2 class=\"h3\">Handgemacht in M\u00f6dling<\/h2>\n                <p>Hier findet ihr bunte, individuelle, praktische Sachen f\u00fcr Baby, Kind und Erwachsene.<br \/>\nAlle Produkte sind zu 100% von mir pers\u00f6nlich HANDGEMACHT (vom Zuschnitt bis zum fertigen St\u00fcck) und von hochwertiger Qualit\u00e4t und Ausf\u00fchrung. Ich n\u00e4he vieles individuell nach Bestellung, daher sind Sonderw\u00fcnsche, wie zb. Personalisierungen auch kurzfristig m\u00f6glich. Die daf\u00fcr verarbeiteten Stoffe und Materialien sind von sehr guter Qualit\u00e4t (und entsprechen dem \u00d6ko- TEX Standard 100 Siegel, welches Schadstofffreiheit garantiert), falls ihr eure St\u00fccke gerne in eurem Lieblingsmotiv n\u00e4hen lassen m\u00f6chtet, findet ihr eine riesige Stoffauswahl (Motive und diverse Stoffarten) auf www.madebyju.at<\/p>\n\n    \n    <h3>Produkte<\/h3>\n\n    <div class=\"woocommerce columns-3 \"><ul class=\"products columns-3\">\n<li class=\"product type-product post-2813 status-publish first instock product_cat-nachhaltiger-haushalt product_cat-sonstiges-wohnen-deko product_cat-verpacken-verstauen product_cat-wohnen-deko has-post-thumbnail purchasable product-type-simple\">\n\t<a href=\"https:\/\/www.regionalis.shop\/madebyju\/shop\/bienenwachstuch-xxl-brottuch-sterne-petrol\/\" class=\"woocommerce-LoopProduct-link woocommerce-loop-product__link\"><div class=\"wc-block-grid__product-image\"><img loading=\"lazy\" decoding=\"async\" width=\"1024\" height=\"1024\" src=\"https:\/\/www.regionalis.shop\/app\/uploads\/sites\/370\/IMG_E3037-1024x1024.jpg\" class=\"attachment-large size-large\" alt=\"BIENENWACHSTUCH XXL - BROTTUCH - Sterne petrol\" srcset=\"https:\/\/www.regionalis.shop\/app\/uploads\/sites\/370\/IMG_E3037-1024x1024.jpg 1024w, https:\/\/www.regionalis.shop\/app\/uploads\/sites\/370\/IMG_E3037-300x300.jpg 300w, https:\/\/www.regionalis.shop\/app\/uploads\/sites\/370\/IMG_E3037-150x150.jpg 150w, https:\/\/www.regionalis.shop\/app\/uploads\/sites\/370\/IMG_E3037-768x769.jpg 768w, https:\/\/www.regionalis.shop\/app\/uploads\/sites\/370\/IMG_E3037-1534x1536.jpg 1534w, https:\/\/www.regionalis.shop\/app\/uploads\/sites\/370\/IMG_E3037-600x601.jpg 600w, https:\/\/www.regionalis.shop\/app\/uploads\/sites\/370\/IMG_E3037-100x100.jpg 100w\" sizes=\"auto, (max-width: 1024px) 100vw, 1024px\" \/><\/div><h2 class=\"woocommerce-loop-product__title\">BIENENWACHSTUCH XXL &#8211; BROTTUCH &#8211; Sterne petrol<\/h2>\n\t<span class=\"price\"><span class=\"woocommerce-Price-amount amount\"><bdi>19,00&nbsp;<span class=\"woocommerce-Price-currencySymbol\">&euro;<\/span><\/bdi><\/span><\/span>\n<\/a><\/li>\n<li class=\"product type-product post-1355 status-publish instock product_cat-baby-kinder product_cat-hauben-muetzen has-post-thumbnail purchasable product-type-variable\">\n\t<a href=\"https:\/\/www.regionalis.shop\/madebyju\/shop\/walk-faeustlinge-baby-gefuettert-farbe-und-groesse-waehlbar\/\" class=\"woocommerce-LoopProduct-link woocommerce-loop-product__link\"><div class=\"wc-block-grid__product-image\"><img loading=\"lazy\" decoding=\"async\" width=\"420\" height=\"420\" src=\"https:\/\/www.regionalis.shop\/app\/uploads\/sites\/370\/1910_2022_08_10_17_28_46_410850033.jpg\" class=\"attachment-large size-large\" alt=\"WALK- F\u00c4USTLINGE BABY GEF\u00dcTTERT - Farbe w\u00e4hlbar\" srcset=\"https:\/\/www.regionalis.shop\/app\/uploads\/sites\/370\/1910_2022_08_10_17_28_46_410850033.jpg 420w, https:\/\/www.regionalis.shop\/app\/uploads\/sites\/370\/1910_2022_08_10_17_28_46_410850033-300x300.jpg 300w, https:\/\/www.regionalis.shop\/app\/uploads\/sites\/370\/1910_2022_08_10_17_28_46_410850033-150x150.jpg 150w, https:\/\/www.regionalis.shop\/app\/uploads\/sites\/370\/1910_2022_08_10_17_28_46_410850033-100x100.jpg 100w\" sizes=\"auto, (max-width: 420px) 100vw, 420px\" \/><\/div><h2 class=\"woocommerce-loop-product__title\">WALK- F\u00c4USTLINGE BABY GEF\u00dcTTERT &#8211; Farbe w\u00e4hlbar<\/h2>\n\t<span class=\"price\"><span class=\"woocommerce-Price-amount amount\"><bdi>22,00&nbsp;<span class=\"woocommerce-Price-currencySymbol\">&euro;<\/span><\/bdi><\/span><\/span>\n<\/a><\/li>\n<li class=\"product type-product post-2734 status-publish last instock product_cat-baby-kinder product_cat-kinderzimmer has-post-thumbnail purchasable product-type-variable\">\n\t<a href=\"https:\/\/www.regionalis.shop\/madebyju\/shop\/kuschelkissen-abziehbar-bunte-elefanten-mint-personalisierbar\/\" class=\"woocommerce-LoopProduct-link woocommerce-loop-product__link\"><div class=\"wc-block-grid__product-image\"><img loading=\"lazy\" decoding=\"async\" width=\"1024\" height=\"1022\" src=\"https:\/\/www.regionalis.shop\/app\/uploads\/sites\/370\/DSC8744-removebg-preview-2-1024x1022.png\" class=\"attachment-large size-large\" alt=\"KUSCHELKISSEN ABZIEHBAR &quot;bunte Elefanten mint&quot; personalisierbar\" srcset=\"https:\/\/www.regionalis.shop\/app\/uploads\/sites\/370\/DSC8744-removebg-preview-2-1024x1022.png 1024w, https:\/\/www.regionalis.shop\/app\/uploads\/sites\/370\/DSC8744-removebg-preview-2-300x300.png 300w, https:\/\/www.regionalis.shop\/app\/uploads\/sites\/370\/DSC8744-removebg-preview-2-150x150.png 150w, https:\/\/www.regionalis.shop\/app\/uploads\/sites\/370\/DSC8744-removebg-preview-2-768x766.png 768w, https:\/\/www.regionalis.shop\/app\/uploads\/sites\/370\/DSC8744-removebg-preview-2-1536x1533.png 1536w, https:\/\/www.regionalis.shop\/app\/uploads\/sites\/370\/DSC8744-removebg-preview-2-600x599.png 600w, https:\/\/www.regionalis.shop\/app\/uploads\/sites\/370\/DSC8744-removebg-preview-2-100x100.png 100w, https:\/\/www.regionalis.shop\/app\/uploads\/sites\/370\/DSC8744-removebg-preview-2.png 2000w\" sizes=\"auto, (max-width: 1024px) 100vw, 1024px\" \/><\/div><h2 class=\"woocommerce-loop-product__title\">KUSCHELKISSEN ABZIEHBAR &#8222;bunte Elefanten mint&#8220; personalisierbar<\/h2>\n\t<span class=\"price\"><span class=\"woocommerce-Price-amount amount\" aria-hidden=\"true\"><bdi>27,00&nbsp;<span class=\"woocommerce-Price-currencySymbol\">&euro;<\/span><\/bdi><\/span> <span aria-hidden=\"true\">&ndash;<\/span> <span class=\"woocommerce-Price-amount amount\" aria-hidden=\"true\"><bdi>39,00&nbsp;<span class=\"woocommerce-Price-currencySymbol\">&euro;<\/span><\/bdi><\/span><span class=\"screen-reader-text\">Price range: 27,00&nbsp;&euro; through 39,00&nbsp;&euro;<\/span><\/span>\n<\/a><\/li>\n<\/ul>\n<\/div>\n    <p>\n        <a href=\"https:\/\/www.regionalis.shop\/madebyju\/shop\/\" class=\"btn btn-primary btn-icon-right\">\n            Alle Produkte <i class=\"bi bi-arrow-right-short\"><\/i>\n        <\/a>\n    <\/p>\n<\/section>\n\n<div data-block-name=\"woocommerce\/store-notices\" class=\"wc-block-store-notices woocommerce alignwide alignwide wp-block-woocommerce-store-notices\"><div class=\"woocommerce-notices-wrapper\"><\/div><\/div>","protected":false},"excerpt":{"rendered":"","protected":false},"author":1,"featured_media":0,"parent":0,"menu_order":0,"comment_status":"closed","ping_status":"closed","template":"template-home.blade.php","meta":{"_acf_changed":false,"footnotes":""},"class_list":["post-862","page","type-page","status-publish","hentry"],"acf":[],"_links":{"self":[{"href":"https:\/\/www.regionalis.shop\/madebyju\/wp-json\/wp\/v2\/pages\/862","targetHints":{"allow":["GET"]}}],"collection":[{"href":"https:\/\/www.regionalis.shop\/madebyju\/wp-json\/wp\/v2\/pages"}],"about":[{"href":"https:\/\/www.regionalis.shop\/madebyju\/wp-json\/wp\/v2\/types\/page"}],"author":[{"embeddable":true,"href":"https:\/\/www.regionalis.shop\/madebyju\/wp-json\/wp\/v2\/users\/1"}],"replies":[{"embeddable":true,"href":"https:\/\/www.regionalis.shop\/madebyju\/wp-json\/wp\/v2\/comments?post=862"}],"version-history":[{"count":28,"href":"https:\/\/www.regionalis.shop\/madebyju\/wp-json\/wp\/v2\/pages\/862\/revisions"}],"predecessor-version":[{"id":1041,"href":"https:\/\/www.regionalis.shop\/madebyju\/wp-json\/wp\/v2\/pages\/862\/revisions\/1041"}],"wp:attachment":[{"href":"https:\/\/www.regionalis.shop\/madebyju\/wp-json\/wp\/v2\/media?parent=862"}],"curies":[{"name":"wp","href":"https:\/\/api.w.org\/{rel}","templated":true}]}}