{"id":1073,"date":"2025-04-18T08:56:14","date_gmt":"2025-04-18T06:56:14","guid":{"rendered":"https:\/\/www.regionalis.shop\/madebyju\/product\/geschenkbox-baby-68-74-maedchen\/"},"modified":"2025-11-30T16:41:13","modified_gmt":"2025-11-30T15:41:13","slug":"geschenkbox-baby-68-74-maedchen","status":"publish","type":"product","link":"https:\/\/www.regionalis.shop\/madebyju\/shop\/geschenkbox-baby-68-74-maedchen\/","title":{"rendered":"GESCHENK- SET Baby 68\/74 &#8211; M\u00e4dchen &#8222;Herzst\u00fcck&#8220;"},"content":{"rendered":"","protected":false},"excerpt":{"rendered":"<p><strong>3- teiliges Baby- Set in Gr\u00f6\u00dfe 68\/74<\/strong><\/p>\n<p><strong>Langarmshirt<\/strong> Gr\u00f6\u00dfe 68\/74<br \/>\n<strong>Hose<\/strong> Gr\u00f6\u00dfe 68\/74, Wohlf\u00fchlhose mit Gummizug aus robustem Jacquardjersey<br \/>\n<strong>Rassel<\/strong> <strong>&#8222;Knut&#8220;\u00a0<\/strong><\/p>\n<p>Material:<br \/>\nShirt: Baumwolljersey (95% BW, 5% EL)<br \/>\nHose: Jacquardjersey (95% BW, 5% EL)<br \/>\nRassel Knut: 100% Baumwolle (\u00d6koTex100 Standard)<\/p>\n<p>Liebevoll verpackt in einem sch\u00f6nen Karton!<\/p>\n","protected":false},"featured_media":1074,"template":"","meta":{"_acf_changed":false},"product_brand":[],"product_cat":[107,38],"product_tag":[],"class_list":{"0":"post-1073","1":"product","2":"type-product","3":"status-publish","4":"has-post-thumbnail","6":"product_cat-accessoires-baby-kinder","7":"product_cat-baby-kinder","9":"first","10":"instock","11":"purchasable","12":"product-type-simple"},"acf":[],"_links":{"self":[{"href":"https:\/\/www.regionalis.shop\/madebyju\/wp-json\/wp\/v2\/product\/1073","targetHints":{"allow":["GET"]}}],"collection":[{"href":"https:\/\/www.regionalis.shop\/madebyju\/wp-json\/wp\/v2\/product"}],"about":[{"href":"https:\/\/www.regionalis.shop\/madebyju\/wp-json\/wp\/v2\/types\/product"}],"wp:featuredmedia":[{"embeddable":true,"href":"https:\/\/www.regionalis.shop\/madebyju\/wp-json\/wp\/v2\/media\/1074"}],"wp:attachment":[{"href":"https:\/\/www.regionalis.shop\/madebyju\/wp-json\/wp\/v2\/media?parent=1073"}],"wp:term":[{"taxonomy":"product_brand","embeddable":true,"href":"https:\/\/www.regionalis.shop\/madebyju\/wp-json\/wp\/v2\/product_brand?post=1073"},{"taxonomy":"product_cat","embeddable":true,"href":"https:\/\/www.regionalis.shop\/madebyju\/wp-json\/wp\/v2\/product_cat?post=1073"},{"taxonomy":"product_tag","embeddable":true,"href":"https:\/\/www.regionalis.shop\/madebyju\/wp-json\/wp\/v2\/product_tag?post=1073"}],"curies":[{"name":"wp","href":"https:\/\/api.w.org\/{rel}","templated":true}]}}