{"id":1258,"date":"2025-11-29T07:38:01","date_gmt":"2025-11-29T06:38:01","guid":{"rendered":"https:\/\/www.regionalis.shop\/madebyju\/product\/set-winter-haube-loopschal-punkte-rosa-groesse-waehlbar\/"},"modified":"2025-11-30T17:43:34","modified_gmt":"2025-11-30T16:43:34","slug":"set-winter-haube-loopschal-punkte-rosa-groesse-waehlbar","status":"publish","type":"product","link":"https:\/\/www.regionalis.shop\/madebyju\/shop\/set-winter-haube-loopschal-punkte-rosa-groesse-waehlbar\/","title":{"rendered":"SET WINTER- HAUBE + LOOPSCHAL  &#8211; PUNKTE ROSA (Gr\u00f6\u00dfe w\u00e4hlbar)"},"content":{"rendered":"","protected":false},"excerpt":{"rendered":"<p><strong>Mit Fleece gef\u00fctterte<\/strong> warme <strong>OHREN- HAUBE<\/strong> mit passendem <strong>LOOPSCHAL<\/strong><\/p>\n<p>Material:<br \/>\nHaube: au\u00dfen 95% Baumwolle, 5% Elasthan, innen weiches Fleece<br \/>\nLoop: au\u00dfen 95% Baumwolle, 5% Elasthan, innen weiches Fleece<\/p>\n<p>bis 40 Grad in der Waschmaschine schonend waschbar!<\/p>\n<p><strong>BITTE DIE GEW\u00dcNSCHTE GR\u00d6SSE AUSW\u00c4HLEN<\/strong><br \/>\nam besten messen Sie bitte den aktuellen Kopfumfang ab (an der breitesten Stelle um die Ohren) und w\u00e4hlen dann anhand der Tabelle die passende Gr\u00f6\u00dfe aus<\/p>\n<p>Wichtiger Hinweis: Die Farbe der Innenfleeces wird immer passend zum Aussenstoff ausgesucht! Die Anordnung des Musters kann je nach Stoffzuschnitt geringf\u00fcgig variieren!<\/p>\n<p>Viele weitere Designs und Muster findest du auf <strong>www.madebyju.at<\/strong><\/p>\n<p>&nbsp;<\/p>\n","protected":false},"featured_media":2600,"template":"","meta":{"_acf_changed":false},"product_brand":[],"product_cat":[38,47],"product_tag":[],"class_list":{"0":"post-1258","1":"product","2":"type-product","3":"status-publish","4":"has-post-thumbnail","6":"product_cat-baby-kinder","7":"product_cat-hauben-muetzen","9":"first","10":"instock","11":"purchasable","12":"product-type-variable"},"acf":[],"_links":{"self":[{"href":"https:\/\/www.regionalis.shop\/madebyju\/wp-json\/wp\/v2\/product\/1258","targetHints":{"allow":["GET"]}}],"collection":[{"href":"https:\/\/www.regionalis.shop\/madebyju\/wp-json\/wp\/v2\/product"}],"about":[{"href":"https:\/\/www.regionalis.shop\/madebyju\/wp-json\/wp\/v2\/types\/product"}],"wp:featuredmedia":[{"embeddable":true,"href":"https:\/\/www.regionalis.shop\/madebyju\/wp-json\/wp\/v2\/media\/2600"}],"wp:attachment":[{"href":"https:\/\/www.regionalis.shop\/madebyju\/wp-json\/wp\/v2\/media?parent=1258"}],"wp:term":[{"taxonomy":"product_brand","embeddable":true,"href":"https:\/\/www.regionalis.shop\/madebyju\/wp-json\/wp\/v2\/product_brand?post=1258"},{"taxonomy":"product_cat","embeddable":true,"href":"https:\/\/www.regionalis.shop\/madebyju\/wp-json\/wp\/v2\/product_cat?post=1258"},{"taxonomy":"product_tag","embeddable":true,"href":"https:\/\/www.regionalis.shop\/madebyju\/wp-json\/wp\/v2\/product_tag?post=1258"}],"curies":[{"name":"wp","href":"https:\/\/api.w.org\/{rel}","templated":true}]}}