{"id":1355,"date":"2025-11-30T05:10:04","date_gmt":"2025-11-30T04:10:04","guid":{"rendered":"https:\/\/www.regionalis.shop\/madebyju\/product\/walk-faeustlinge-baby-gefuettert-farbe-und-groesse-waehlbar\/"},"modified":"2025-11-29T15:11:10","modified_gmt":"2025-11-29T14:11:10","slug":"walk-faeustlinge-baby-gefuettert-farbe-und-groesse-waehlbar","status":"publish","type":"product","link":"https:\/\/www.regionalis.shop\/madebyju\/shop\/walk-faeustlinge-baby-gefuettert-farbe-und-groesse-waehlbar\/","title":{"rendered":"WALK- F\u00c4USTLINGE BABY GEF\u00dcTTERT &#8211; Farbe w\u00e4hlbar"},"content":{"rendered":"","protected":false},"excerpt":{"rendered":"<p>inkl. Aufh\u00e4ngekordel<br \/>\ninnen gef\u00fcttert mit weichem, kuscheligen Sweat aus dehnbarer Baumwolle.<br \/>\nOHNE DAUMEN<\/p>\n<p>Material: aussen 100% Schurwolle (Woolwalk), innen Sweat<\/p>\n<p>L\u00e4nge (gemessen ab der Handwurzel, sprich ohne B\u00fcndchen) ca. 9,5 cm<\/p>\n<p>Wichtiger Hinweis: Die \u00a0Farbe des B\u00fcndchens und der Kordel suchen wir individuell aus, passen aber immer zur gew\u00e4hlten Farbe<\/p>\n<p>Pflege: Handw\u00e4sche 30 Grad, oder schonender Wollwaschgang 30 Grad<\/p>\n<p>Die dazu passende Haube ist separat bestellbar<\/p>\n","protected":false},"featured_media":1356,"template":"","meta":{"_acf_changed":false},"product_brand":[],"product_cat":[38,47],"product_tag":[],"class_list":{"0":"post-1355","1":"product","2":"type-product","3":"status-publish","4":"has-post-thumbnail","6":"product_cat-baby-kinder","7":"product_cat-hauben-muetzen","9":"first","10":"instock","11":"purchasable","12":"product-type-variable"},"acf":[],"_links":{"self":[{"href":"https:\/\/www.regionalis.shop\/madebyju\/wp-json\/wp\/v2\/product\/1355","targetHints":{"allow":["GET"]}}],"collection":[{"href":"https:\/\/www.regionalis.shop\/madebyju\/wp-json\/wp\/v2\/product"}],"about":[{"href":"https:\/\/www.regionalis.shop\/madebyju\/wp-json\/wp\/v2\/types\/product"}],"wp:featuredmedia":[{"embeddable":true,"href":"https:\/\/www.regionalis.shop\/madebyju\/wp-json\/wp\/v2\/media\/1356"}],"wp:attachment":[{"href":"https:\/\/www.regionalis.shop\/madebyju\/wp-json\/wp\/v2\/media?parent=1355"}],"wp:term":[{"taxonomy":"product_brand","embeddable":true,"href":"https:\/\/www.regionalis.shop\/madebyju\/wp-json\/wp\/v2\/product_brand?post=1355"},{"taxonomy":"product_cat","embeddable":true,"href":"https:\/\/www.regionalis.shop\/madebyju\/wp-json\/wp\/v2\/product_cat?post=1355"},{"taxonomy":"product_tag","embeddable":true,"href":"https:\/\/www.regionalis.shop\/madebyju\/wp-json\/wp\/v2\/product_tag?post=1355"}],"curies":[{"name":"wp","href":"https:\/\/api.w.org\/{rel}","templated":true}]}}