{"id":1359,"date":"2025-11-29T05:10:04","date_gmt":"2025-11-29T04:10:04","guid":{"rendered":"https:\/\/www.regionalis.shop\/madebyju\/product\/walk-haube-gefuettert-farbe-und-groesse-waehlbar\/"},"modified":"2025-11-29T00:50:55","modified_gmt":"2025-11-28T23:50:55","slug":"walk-haube-gefuettert-farbe-und-groesse-waehlbar","status":"publish","type":"product","link":"https:\/\/www.regionalis.shop\/madebyju\/shop\/walk-haube-gefuettert-farbe-und-groesse-waehlbar\/","title":{"rendered":"WALK- HAUBE GEF\u00dcTTERT &#8211; Farbe und Gr\u00f6\u00dfe w\u00e4hlbar"},"content":{"rendered":"","protected":false},"excerpt":{"rendered":"<p>Eine <strong>warme Haube<\/strong> in PRAKTISCHEM SCHNITT, der die <strong>Ohren gut bedeckt.<\/strong><br \/>\ninnen gef\u00fcttert mit d\u00fcnnerem, kuschelig weichen Sweat aus dehnbarer Baumwolle.<\/p>\n<p>Material: aussen 100% Schurwolle (Woolwalk), innen 95% Baumwolle, 5% Elasthan<\/p>\n<p>Messen Sie den Kopfumfang (KU) ihres Kindes an der breitesten Stelle (um die Ohren herum)! Da Woolwalk von Natur aus nur begrenzt dehnbar ist, sollte die Haube gut auf die aktuelle Gr\u00f6\u00dfe abgestimmt sein!<\/p>\n<p>Handschuhe\/F\u00e4ustlinge sind ebenso farblich dazu passend bestellbar<\/p>\n","protected":false},"featured_media":1360,"template":"","meta":{"_acf_changed":false},"product_brand":[],"product_cat":[38,47],"product_tag":[],"class_list":{"0":"post-1359","1":"product","2":"type-product","3":"status-publish","4":"has-post-thumbnail","6":"product_cat-baby-kinder","7":"product_cat-hauben-muetzen","9":"first","10":"instock","11":"purchasable","12":"product-type-variable"},"acf":[],"_links":{"self":[{"href":"https:\/\/www.regionalis.shop\/madebyju\/wp-json\/wp\/v2\/product\/1359","targetHints":{"allow":["GET"]}}],"collection":[{"href":"https:\/\/www.regionalis.shop\/madebyju\/wp-json\/wp\/v2\/product"}],"about":[{"href":"https:\/\/www.regionalis.shop\/madebyju\/wp-json\/wp\/v2\/types\/product"}],"wp:featuredmedia":[{"embeddable":true,"href":"https:\/\/www.regionalis.shop\/madebyju\/wp-json\/wp\/v2\/media\/1360"}],"wp:attachment":[{"href":"https:\/\/www.regionalis.shop\/madebyju\/wp-json\/wp\/v2\/media?parent=1359"}],"wp:term":[{"taxonomy":"product_brand","embeddable":true,"href":"https:\/\/www.regionalis.shop\/madebyju\/wp-json\/wp\/v2\/product_brand?post=1359"},{"taxonomy":"product_cat","embeddable":true,"href":"https:\/\/www.regionalis.shop\/madebyju\/wp-json\/wp\/v2\/product_cat?post=1359"},{"taxonomy":"product_tag","embeddable":true,"href":"https:\/\/www.regionalis.shop\/madebyju\/wp-json\/wp\/v2\/product_tag?post=1359"}],"curies":[{"name":"wp","href":"https:\/\/api.w.org\/{rel}","templated":true}]}}