{"id":1364,"date":"2025-04-18T04:59:13","date_gmt":"2025-04-18T02:59:13","guid":{"rendered":"https:\/\/www.regionalis.shop\/madebyju\/product\/walk-faeustlinge-gefuettert-aubergine-groesse-waehlbar\/"},"modified":"2025-11-29T15:24:12","modified_gmt":"2025-11-29T14:24:12","slug":"walk-faeustlinge-gefuettert-aubergine-groesse-waehlbar","status":"publish","type":"product","link":"https:\/\/www.regionalis.shop\/madebyju\/shop\/walk-faeustlinge-gefuettert-aubergine-groesse-waehlbar\/","title":{"rendered":"WALK F\u00c4USTLINGE KINDER GEF\u00dcTTERT &#8211; AUBERGINE &#8211; Gr\u00f6\u00dfe w\u00e4hlbar"},"content":{"rendered":"","protected":false},"excerpt":{"rendered":"<p><strong>2- lagig<\/strong>, f\u00fcr warme H\u00e4nde, innen vollst\u00e4ndig mit kuscheligem Sweat gef\u00fcttert<br \/>\nATMUNGSAKTIV und WEICH, nicht winddurchl\u00e4ssig<\/p>\n<p>WICHTIGE HINWEISE:<br \/>\n1. Bis 3 Jahre ist die abnehmbare Kordel dabei, wenn sie diese auch bei den gr\u00f6\u00dferen Gr\u00f6\u00dfen m\u00f6chten, bitte gerne einfach bei der Bestellung dazu schreiben!!!<br \/>\n2. Die <strong>Babygr\u00f6\u00dfe<\/strong> ist aus praktischen Gr\u00fcnden <strong>ohne Daumen<\/strong> gen\u00e4ht<\/p>\n<p>L\u00e4nge gemessen von der HANDWURZEL bis FINGERSPITZE<br \/>\n0-1,5 Jahre (L\u00e4nge ca. 8,5-9cm) INKL. JACKENAUFH\u00c4NGUNG OHNE DAUMEN!<br \/>\n2-3 Jahre (L\u00e4nge ca. 10cm) INKL. JACKENAUFH\u00c4NGUNG<br \/>\n4-5 Jahre (L\u00e4nge ca. 11,5cm)<br \/>\n6-7 Jahre (L\u00e4nge ca. 13cm)<br \/>\n8-10 Jahre (L\u00e4nge ca. 14cm)<br \/>\n11-13 Jahre (L\u00e4nge ca. 15,5cm)<br \/>\njede Kinderhand ist anders, deshalb sind die angegebenen Ma\u00dfe nur Richtwerte!<\/p>\n<p>Material:<br \/>\nAussen: <strong>100% Schurwolle (Woolwalk)<\/strong><br \/>\nInnen: Sweat<\/p>\n<p>HANDW\u00c4SCHE bei 30 Grad<\/p>\n","protected":false},"featured_media":1365,"template":"","meta":{"_acf_changed":false},"product_brand":[],"product_cat":[37,38,44,47],"product_tag":[],"class_list":{"0":"post-1364","1":"product","2":"type-product","3":"status-publish","4":"has-post-thumbnail","6":"product_cat-accessoires","7":"product_cat-baby-kinder","8":"product_cat-handschuhe","9":"product_cat-hauben-muetzen","11":"first","12":"instock","13":"purchasable","14":"product-type-variable"},"acf":[],"_links":{"self":[{"href":"https:\/\/www.regionalis.shop\/madebyju\/wp-json\/wp\/v2\/product\/1364","targetHints":{"allow":["GET"]}}],"collection":[{"href":"https:\/\/www.regionalis.shop\/madebyju\/wp-json\/wp\/v2\/product"}],"about":[{"href":"https:\/\/www.regionalis.shop\/madebyju\/wp-json\/wp\/v2\/types\/product"}],"wp:featuredmedia":[{"embeddable":true,"href":"https:\/\/www.regionalis.shop\/madebyju\/wp-json\/wp\/v2\/media\/1365"}],"wp:attachment":[{"href":"https:\/\/www.regionalis.shop\/madebyju\/wp-json\/wp\/v2\/media?parent=1364"}],"wp:term":[{"taxonomy":"product_brand","embeddable":true,"href":"https:\/\/www.regionalis.shop\/madebyju\/wp-json\/wp\/v2\/product_brand?post=1364"},{"taxonomy":"product_cat","embeddable":true,"href":"https:\/\/www.regionalis.shop\/madebyju\/wp-json\/wp\/v2\/product_cat?post=1364"},{"taxonomy":"product_tag","embeddable":true,"href":"https:\/\/www.regionalis.shop\/madebyju\/wp-json\/wp\/v2\/product_tag?post=1364"}],"curies":[{"name":"wp","href":"https:\/\/api.w.org\/{rel}","templated":true}]}}