{"id":1676,"date":"2025-04-18T01:09:59","date_gmt":"2025-04-17T23:09:59","guid":{"rendered":"https:\/\/www.regionalis.shop\/madebyju\/product\/xxl-brottuch-bienenwachstuch-tulpen-im-kreis-grau\/"},"modified":"2025-11-30T22:21:53","modified_gmt":"2025-11-30T21:21:53","slug":"xxl-brottuch-bienenwachstuch-tulpen-im-kreis-grau","status":"publish","type":"product","link":"https:\/\/www.regionalis.shop\/madebyju\/shop\/xxl-brottuch-bienenwachstuch-tulpen-im-kreis-grau\/","title":{"rendered":"BIENENWACHSTUCH XXL &#8211; BROTTUCH &#8211; Tulpen im Kreis grau"},"content":{"rendered":"","protected":false},"excerpt":{"rendered":"<p><strong>RIESENGROSS, WIEDERVERWENDBAR, ABWASCHBAR, NACHHALTIG<\/strong><br \/>\n<strong>ca. 46x53cm<\/strong>, passend f\u00fcr alle Brotgr\u00f6\u00dfen, auch als Abdeckung f\u00fcr gro\u00dfe Backblech, Sch\u00fcsseln, Pfannen usw.<\/p>\n<p>als Lebensmittel- Kontaktgegenstand von unabh\u00e4ngiger Stelle GEPR\u00dcFT<br \/>\nDie nachhaltige Alternative zu Alufolie oder Frischhaltefolie<br \/>\n<strong>ausschlie\u00dflich in \u00d6sterreich f\u00fcr Lebensmittelkontakt zugelassene Inhaltsstoffe<\/strong><\/p>\n<p>Nat\u00fcrlich erhalten Sie dazu eine ausf\u00fchrliche <strong>ANLEITUNG<\/strong> wie Sie unsere Wachst\u00fccher richtig verwenden.<\/p>\n<p>&nbsp;<\/p>\n","protected":false},"featured_media":2810,"template":"","meta":{"_acf_changed":false},"product_brand":[],"product_cat":[160,103],"product_tag":[],"class_list":{"0":"post-1676","1":"product","2":"type-product","3":"status-publish","4":"has-post-thumbnail","6":"product_cat-nachhaltiger-haushalt","7":"product_cat-wohnen-deko","9":"first","10":"instock","11":"purchasable","12":"product-type-simple"},"acf":[],"_links":{"self":[{"href":"https:\/\/www.regionalis.shop\/madebyju\/wp-json\/wp\/v2\/product\/1676","targetHints":{"allow":["GET"]}}],"collection":[{"href":"https:\/\/www.regionalis.shop\/madebyju\/wp-json\/wp\/v2\/product"}],"about":[{"href":"https:\/\/www.regionalis.shop\/madebyju\/wp-json\/wp\/v2\/types\/product"}],"wp:featuredmedia":[{"embeddable":true,"href":"https:\/\/www.regionalis.shop\/madebyju\/wp-json\/wp\/v2\/media\/2810"}],"wp:attachment":[{"href":"https:\/\/www.regionalis.shop\/madebyju\/wp-json\/wp\/v2\/media?parent=1676"}],"wp:term":[{"taxonomy":"product_brand","embeddable":true,"href":"https:\/\/www.regionalis.shop\/madebyju\/wp-json\/wp\/v2\/product_brand?post=1676"},{"taxonomy":"product_cat","embeddable":true,"href":"https:\/\/www.regionalis.shop\/madebyju\/wp-json\/wp\/v2\/product_cat?post=1676"},{"taxonomy":"product_tag","embeddable":true,"href":"https:\/\/www.regionalis.shop\/madebyju\/wp-json\/wp\/v2\/product_tag?post=1676"}],"curies":[{"name":"wp","href":"https:\/\/api.w.org\/{rel}","templated":true}]}}