{"id":1724,"date":"2025-04-18T00:33:01","date_gmt":"2025-04-17T22:33:01","guid":{"rendered":"https:\/\/www.regionalis.shop\/madebyju\/product\/walk-faeustlinge-gefuettert-petrol-groesse-waehlbar\/"},"modified":"2025-04-18T00:33:01","modified_gmt":"2025-04-17T22:33:01","slug":"walk-faeustlinge-gefuettert-petrol-groesse-waehlbar","status":"publish","type":"product","link":"https:\/\/www.regionalis.shop\/madebyju\/shop\/walk-faeustlinge-gefuettert-petrol-groesse-waehlbar\/","title":{"rendered":"WALK F\u00c4USTLINGE GEF\u00dcTTERT &#8211; PETROL &#8211; Gr\u00f6\u00dfe w\u00e4hlbar"},"content":{"rendered":"<p>&#8211;2- lagig, f\u00fcr warme H\u00e4nde, innen vollst\u00e4ndig mit kuscheligem Sweat gef\u00fcttert&#8211;<br \/>\n&#8211;ATMUNGSAKTIV und WEICH, durch die doppelte Lage nicht winddurchl\u00e4ssig&#8211;<\/p>\n<p>&#8211;WICHTIGE HINWEISE:&#8211;<br \/>\n&#8211;1. Bis 3 Jahre ist die abnehmbare Kordel dabei, wenn sie diese auch bei den gr\u00f6\u00dferen Gr\u00f6\u00dfen m\u00f6chten, bitte gerne einfach bei der Bestellung dazu schreiben!!!&#8211;<br \/>\n&#8211;2. Die Babygr\u00f6\u00dfe ist aus praktischen Gr\u00fcnden ohne Daumen gen\u00e4ht&#8211;<\/p>\n<p>&#8211;L\u00e4nge gemessen von der HANDWURZEL bis FINGERSPITZE&#8211;<br \/>\n&#8211;0-1,5 Jahre&#8211; (L\u00e4nge ca. 8,5-9cm) INKL. JACKENAUFH\u00c4NGUNG OHNE DAUMEN!<br \/>\n&#8211;2-3 Jahre&#8211; (L\u00e4nge ca. 10cm) INKL. JACKENAUFH\u00c4NGUNG<br \/>\n&#8211;4-5 Jahre&#8211; (L\u00e4nge ca. 11,5cm)<br \/>\n&#8211;6-7 Jahre&#8211; (L\u00e4nge ca. 13cm)<br \/>\n&#8211;8-10 Jahre&#8211; (L\u00e4nge ca. 14cm)<br \/>\n&#8211;11-13 Jahre&#8211; (L\u00e4nge ca. 15,5cm)<br \/>\n&#8211;JEDE KINDERHAND IST ANDERS, DAHER SIND DIE ANGEGEBENEN ALTERSSTUFEN NUR RICHTWERTE&#8211;<\/p>\n<p>Wolle ist ein Alles- K\u00f6nner, vor allem im Winter h\u00e4lt sie wirklich warm und ist obendrein als reine Naturfaser sehr gut hautvertr\u00e4glich.<\/p>\n<p>Material:<br \/>\nAussen: &#8211;100% Schurwolle (Woolwalk)&#8211;<br \/>\nInnen:   Sweat 95% Baumwolle, 5% Elasthan<\/p>\n<p>&#8211;HANDW\u00c4SCHE bei 30 Grad&#8211;<\/p>\n","protected":false},"excerpt":{"rendered":"<p>&#8211;2- lagig, f\u00fcr warme H\u00e4nde, innen vollst\u00e4ndig mit kuscheligem Sweat gef\u00fcttert&#8211; &#8211;ATMUNGSAKTIV und WEICH, durch die doppelte Lage nicht winddurchl\u00e4ssig&#8211; &#8211;WICHTIGE HINWEISE:&#8211; &#8211;1. Bis 3 Jahre ist die abnehmbare Kordel dabei, wenn sie diese auch bei den gr\u00f6\u00dferen Gr\u00f6\u00dfen m\u00f6chten, bitte gerne einfach bei der Bestellung dazu schreiben!!!&#8211; &#8211;2. Die Babygr\u00f6\u00dfe ist aus praktischen Gr\u00fcnden &hellip; <a href=\"https:\/\/www.regionalis.shop\/madebyju\/shop\/walk-faeustlinge-gefuettert-petrol-groesse-waehlbar\/\">Continued<\/a><\/p>\n","protected":false},"featured_media":1725,"template":"","meta":{"_acf_changed":false},"product_brand":[],"product_cat":[38,47],"product_tag":[],"class_list":{"0":"post-1724","1":"product","2":"type-product","3":"status-publish","4":"has-post-thumbnail","6":"product_cat-baby-kinder","7":"product_cat-hauben-muetzen","9":"first","10":"instock","11":"purchasable","12":"product-type-simple"},"acf":[],"_links":{"self":[{"href":"https:\/\/www.regionalis.shop\/madebyju\/wp-json\/wp\/v2\/product\/1724","targetHints":{"allow":["GET"]}}],"collection":[{"href":"https:\/\/www.regionalis.shop\/madebyju\/wp-json\/wp\/v2\/product"}],"about":[{"href":"https:\/\/www.regionalis.shop\/madebyju\/wp-json\/wp\/v2\/types\/product"}],"wp:featuredmedia":[{"embeddable":true,"href":"https:\/\/www.regionalis.shop\/madebyju\/wp-json\/wp\/v2\/media\/1725"}],"wp:attachment":[{"href":"https:\/\/www.regionalis.shop\/madebyju\/wp-json\/wp\/v2\/media?parent=1724"}],"wp:term":[{"taxonomy":"product_brand","embeddable":true,"href":"https:\/\/www.regionalis.shop\/madebyju\/wp-json\/wp\/v2\/product_brand?post=1724"},{"taxonomy":"product_cat","embeddable":true,"href":"https:\/\/www.regionalis.shop\/madebyju\/wp-json\/wp\/v2\/product_cat?post=1724"},{"taxonomy":"product_tag","embeddable":true,"href":"https:\/\/www.regionalis.shop\/madebyju\/wp-json\/wp\/v2\/product_tag?post=1724"}],"curies":[{"name":"wp","href":"https:\/\/api.w.org\/{rel}","templated":true}]}}