{"id":1769,"date":"2025-04-18T00:18:37","date_gmt":"2025-04-17T22:18:37","guid":{"rendered":"https:\/\/www.regionalis.shop\/madebyju\/product\/damen-walk-faeustlinge-gefuettert-rost\/"},"modified":"2025-11-27T11:14:18","modified_gmt":"2025-11-27T10:14:18","slug":"damen-walk-faeustlinge-gefuettert-rost","status":"publish","type":"product","link":"https:\/\/www.regionalis.shop\/madebyju\/shop\/damen-walk-faeustlinge-gefuettert-rost\/","title":{"rendered":"WOOLWALK- F\u00c4USTLINGE DAMEN gef\u00fcttert &#8211; ROST"},"content":{"rendered":"","protected":false},"excerpt":{"rendered":"<p><strong>WARM, bequem, doppellagig<\/strong><\/p>\n<p>vollst\u00e4ndig <strong>gef\u00fcttert<\/strong> mit kuscheligem Sweat, dadurch <strong>ATMUNGSAKTIV und WEICH<\/strong><\/p>\n<p>Ein tolles <strong>Geschenk<\/strong> f\u00fcr eine Freundin\/Mutter\/Tochter oder einfach f\u00fcr sich selber!<\/p>\n<p>Wolle ist ein Alles- K\u00f6nner, vor allem jetzt im Winter h\u00e4lt sie warm, eine reine Naturfaser und sehr gut hautvertr\u00e4glich.<\/p>\n<p><strong>Material:<\/strong><br \/>\nAussen: 100% Schurwolle (Woolwalk)<br \/>\nInnen: Sweat 95% Baumwolle, 5% Elasthan<\/p>\n","protected":false},"featured_media":1770,"template":"","meta":{"_acf_changed":false},"product_brand":[],"product_cat":[37,44],"product_tag":[],"class_list":{"0":"post-1769","1":"product","2":"type-product","3":"status-publish","4":"has-post-thumbnail","6":"product_cat-accessoires","7":"product_cat-handschuhe","9":"first","10":"instock","11":"purchasable","12":"product-type-simple"},"acf":[],"_links":{"self":[{"href":"https:\/\/www.regionalis.shop\/madebyju\/wp-json\/wp\/v2\/product\/1769","targetHints":{"allow":["GET"]}}],"collection":[{"href":"https:\/\/www.regionalis.shop\/madebyju\/wp-json\/wp\/v2\/product"}],"about":[{"href":"https:\/\/www.regionalis.shop\/madebyju\/wp-json\/wp\/v2\/types\/product"}],"wp:featuredmedia":[{"embeddable":true,"href":"https:\/\/www.regionalis.shop\/madebyju\/wp-json\/wp\/v2\/media\/1770"}],"wp:attachment":[{"href":"https:\/\/www.regionalis.shop\/madebyju\/wp-json\/wp\/v2\/media?parent=1769"}],"wp:term":[{"taxonomy":"product_brand","embeddable":true,"href":"https:\/\/www.regionalis.shop\/madebyju\/wp-json\/wp\/v2\/product_brand?post=1769"},{"taxonomy":"product_cat","embeddable":true,"href":"https:\/\/www.regionalis.shop\/madebyju\/wp-json\/wp\/v2\/product_cat?post=1769"},{"taxonomy":"product_tag","embeddable":true,"href":"https:\/\/www.regionalis.shop\/madebyju\/wp-json\/wp\/v2\/product_tag?post=1769"}],"curies":[{"name":"wp","href":"https:\/\/api.w.org\/{rel}","templated":true}]}}