{"id":1789,"date":"2025-04-18T00:11:45","date_gmt":"2025-04-17T22:11:45","guid":{"rendered":"https:\/\/www.regionalis.shop\/madebyju\/product\/gefuetterte-damen-walk-faeustlinge-freie-farbwahl-superwarm\/"},"modified":"2025-11-27T09:17:28","modified_gmt":"2025-11-27T08:17:28","slug":"gefuetterte-damen-walk-faeustlinge-freie-farbwahl-superwarm","status":"publish","type":"product","link":"https:\/\/www.regionalis.shop\/madebyju\/shop\/gefuetterte-damen-walk-faeustlinge-freie-farbwahl-superwarm\/","title":{"rendered":"DAMEN WOOLWALK- F\u00c4USTLINGE gef\u00fcttert -FREIE FARBWAHL"},"content":{"rendered":"<p>Diese F\u00e4ustlinge sind sehr &#8211;bequem und sehr warm&#8211;, da sie &#8211;doppellagig&#8211; sind, innen &#8211;vollst\u00e4ndig gef\u00fcttert&#8211; mit kuscheligem Sweat, dadurch auch &#8211;ATMUNGSAKTIV und WEICH&#8211;<\/p>\n<p>Ein &#8211;tolles Geschenk&#8211; f\u00fcr eine Freundin\/Mutter\/Tochter oder einfach f\u00fcr sich selber!<\/p>\n<p>Wolle ist ein Alles- K\u00f6nner, vor allem jetzt im Winter h\u00e4lt sie wirklich warm und ist obendrein eine reine Naturfaser und sehr gut hautvertr\u00e4glich.<\/p>\n<p>&#8211;BITTE EINFACH DIE GEW\u00dcNSCHTE FARBE AUSW\u00c4HLEN!&#8211;<\/p>\n<p>Material:<br \/>\nAussen: &#8211;100% Schurwolle (Woolwalk)&#8211;<br \/>\nInnen: Sweat 95% Baumwolle, 5% Elasthan<\/p>\n","protected":false},"excerpt":{"rendered":"<p>Diese F\u00e4ustlinge sind sehr &#8211;bequem und sehr warm&#8211;, da sie &#8211;doppellagig&#8211; sind, innen &#8211;vollst\u00e4ndig gef\u00fcttert&#8211; mit kuscheligem Sweat, dadurch auch &#8211;ATMUNGSAKTIV und WEICH&#8211; Ein &#8211;tolles Geschenk&#8211; f\u00fcr eine Freundin\/Mutter\/Tochter oder einfach f\u00fcr sich selber! Wolle ist ein Alles- K\u00f6nner, vor allem jetzt im Winter h\u00e4lt sie wirklich warm und ist obendrein eine reine Naturfaser und &hellip; <a href=\"https:\/\/www.regionalis.shop\/madebyju\/shop\/gefuetterte-damen-walk-faeustlinge-freie-farbwahl-superwarm\/\">Continued<\/a><\/p>\n","protected":false},"featured_media":1790,"template":"","meta":{"_acf_changed":false},"product_brand":[],"product_cat":[37,44,60],"product_tag":[],"class_list":{"0":"post-1789","1":"product","2":"type-product","3":"status-publish","4":"has-post-thumbnail","6":"product_cat-accessoires","7":"product_cat-handschuhe","8":"product_cat-muetzen-kappen","10":"first","11":"instock","12":"purchasable","13":"product-type-variable"},"acf":[],"_links":{"self":[{"href":"https:\/\/www.regionalis.shop\/madebyju\/wp-json\/wp\/v2\/product\/1789","targetHints":{"allow":["GET"]}}],"collection":[{"href":"https:\/\/www.regionalis.shop\/madebyju\/wp-json\/wp\/v2\/product"}],"about":[{"href":"https:\/\/www.regionalis.shop\/madebyju\/wp-json\/wp\/v2\/types\/product"}],"wp:featuredmedia":[{"embeddable":true,"href":"https:\/\/www.regionalis.shop\/madebyju\/wp-json\/wp\/v2\/media\/1790"}],"wp:attachment":[{"href":"https:\/\/www.regionalis.shop\/madebyju\/wp-json\/wp\/v2\/media?parent=1789"}],"wp:term":[{"taxonomy":"product_brand","embeddable":true,"href":"https:\/\/www.regionalis.shop\/madebyju\/wp-json\/wp\/v2\/product_brand?post=1789"},{"taxonomy":"product_cat","embeddable":true,"href":"https:\/\/www.regionalis.shop\/madebyju\/wp-json\/wp\/v2\/product_cat?post=1789"},{"taxonomy":"product_tag","embeddable":true,"href":"https:\/\/www.regionalis.shop\/madebyju\/wp-json\/wp\/v2\/product_tag?post=1789"}],"curies":[{"name":"wp","href":"https:\/\/api.w.org\/{rel}","templated":true}]}}