{"id":1803,"date":"2025-04-18T00:02:26","date_gmt":"2025-04-17T22:02:26","guid":{"rendered":"https:\/\/www.regionalis.shop\/madebyju\/product\/dusch-handtuch-70x140cm-elefanten-bunt-magenta\/"},"modified":"2025-11-29T15:40:01","modified_gmt":"2025-11-29T14:40:01","slug":"dusch-handtuch-70x140cm-elefanten-bunt-magenta","status":"publish","type":"product","link":"https:\/\/www.regionalis.shop\/madebyju\/shop\/dusch-handtuch-70x140cm-elefanten-bunt-magenta\/","title":{"rendered":"DUSCH- HANDTUCH 70x140cm &#8211; Elefanten bunt\/magenta"},"content":{"rendered":"<p>1 Motiv- Seite, 1 Frottee- Seite<br \/>\nmit praktischer Schlaufe zum Aufh\u00e4ngen<\/p>\n<p>bis 60 Grad in der Waschmaschine waschbar und auch trocknergeeignet!&#8211;<\/p>\n<p>Material: 100% Baumwolle (\u00d6ko- Tex- 100 Standard)<br \/>\nMa\u00dfe: 70 x 140 cm<\/p>\n","protected":false},"excerpt":{"rendered":"<p>1 Motiv- Seite, 1 Frottee- Seite mit praktischer Schlaufe zum Aufh\u00e4ngen bis 60 Grad in der Waschmaschine waschbar und auch trocknergeeignet!&#8211; Material: 100% Baumwolle (\u00d6ko- Tex- 100 Standard) Ma\u00dfe: 70 x 140 cm<\/p>\n","protected":false},"featured_media":1804,"template":"","meta":{"_acf_changed":false},"product_brand":[],"product_cat":[38,98],"product_tag":[],"class_list":{"0":"post-1803","1":"product","2":"type-product","3":"status-publish","4":"has-post-thumbnail","6":"product_cat-baby-kinder","7":"product_cat-textilien","9":"first","10":"instock","11":"purchasable","12":"product-type-simple"},"acf":[],"_links":{"self":[{"href":"https:\/\/www.regionalis.shop\/madebyju\/wp-json\/wp\/v2\/product\/1803","targetHints":{"allow":["GET"]}}],"collection":[{"href":"https:\/\/www.regionalis.shop\/madebyju\/wp-json\/wp\/v2\/product"}],"about":[{"href":"https:\/\/www.regionalis.shop\/madebyju\/wp-json\/wp\/v2\/types\/product"}],"wp:featuredmedia":[{"embeddable":true,"href":"https:\/\/www.regionalis.shop\/madebyju\/wp-json\/wp\/v2\/media\/1804"}],"wp:attachment":[{"href":"https:\/\/www.regionalis.shop\/madebyju\/wp-json\/wp\/v2\/media?parent=1803"}],"wp:term":[{"taxonomy":"product_brand","embeddable":true,"href":"https:\/\/www.regionalis.shop\/madebyju\/wp-json\/wp\/v2\/product_brand?post=1803"},{"taxonomy":"product_cat","embeddable":true,"href":"https:\/\/www.regionalis.shop\/madebyju\/wp-json\/wp\/v2\/product_cat?post=1803"},{"taxonomy":"product_tag","embeddable":true,"href":"https:\/\/www.regionalis.shop\/madebyju\/wp-json\/wp\/v2\/product_tag?post=1803"}],"curies":[{"name":"wp","href":"https:\/\/api.w.org\/{rel}","templated":true}]}}