{"id":1830,"date":"2025-04-17T23:56:33","date_gmt":"2025-04-17T21:56:33","guid":{"rendered":"https:\/\/www.regionalis.shop\/madebyju\/product\/kosmetiktasche-necessaire-london\/"},"modified":"2025-11-29T15:40:54","modified_gmt":"2025-11-29T14:40:54","slug":"kosmetiktasche-necessaire-london","status":"publish","type":"product","link":"https:\/\/www.regionalis.shop\/madebyju\/shop\/kosmetiktasche-necessaire-london\/","title":{"rendered":"KOSMETIKTASCHE\/NECESSAIRE &#8211; LONDON"},"content":{"rendered":"<p>Gro\u00dfe, bunte Kosmetiktasche<br \/>\n&#8211;auf Wunsch mit Namen personalisierbar&#8211; (Aufpreis 5,-)<br \/>\nStandfest wattiert, doppel-lagige Baumwolle, mit Reissverschluss und praktischer Aufh\u00e4ngeschlaufe,<br \/>\nnat\u00fcrlich schonend in der Waschmaschine waschbar bei bis zu 60 Grad<\/p>\n<p>100% reine Baumwolle (\u00d6ko- Tex 100 Standard)<\/p>\n<p>Produktma\u00dfe: ca. 30 x 15 (Breite x H\u00f6he)<\/p>\n","protected":false},"excerpt":{"rendered":"<p>Gro\u00dfe, bunte Kosmetiktasche &#8211;auf Wunsch mit Namen personalisierbar&#8211; (Aufpreis 5,-) Standfest wattiert, doppel-lagige Baumwolle, mit Reissverschluss und praktischer Aufh\u00e4ngeschlaufe, nat\u00fcrlich schonend in der Waschmaschine waschbar bei bis zu 60 Grad 100% reine Baumwolle (\u00d6ko- Tex 100 Standard) Produktma\u00dfe: ca. 30 x 15 (Breite x H\u00f6he)<\/p>\n","protected":false},"featured_media":1831,"template":"","meta":{"_acf_changed":false},"product_brand":[],"product_cat":[155,95],"product_tag":[],"class_list":{"0":"post-1830","1":"product","2":"type-product","3":"status-publish","4":"has-post-thumbnail","6":"product_cat-kosmetiktaschen","7":"product_cat-taschen","9":"first","10":"instock","11":"purchasable","12":"product-type-simple"},"acf":[],"_links":{"self":[{"href":"https:\/\/www.regionalis.shop\/madebyju\/wp-json\/wp\/v2\/product\/1830","targetHints":{"allow":["GET"]}}],"collection":[{"href":"https:\/\/www.regionalis.shop\/madebyju\/wp-json\/wp\/v2\/product"}],"about":[{"href":"https:\/\/www.regionalis.shop\/madebyju\/wp-json\/wp\/v2\/types\/product"}],"wp:featuredmedia":[{"embeddable":true,"href":"https:\/\/www.regionalis.shop\/madebyju\/wp-json\/wp\/v2\/media\/1831"}],"wp:attachment":[{"href":"https:\/\/www.regionalis.shop\/madebyju\/wp-json\/wp\/v2\/media?parent=1830"}],"wp:term":[{"taxonomy":"product_brand","embeddable":true,"href":"https:\/\/www.regionalis.shop\/madebyju\/wp-json\/wp\/v2\/product_brand?post=1830"},{"taxonomy":"product_cat","embeddable":true,"href":"https:\/\/www.regionalis.shop\/madebyju\/wp-json\/wp\/v2\/product_cat?post=1830"},{"taxonomy":"product_tag","embeddable":true,"href":"https:\/\/www.regionalis.shop\/madebyju\/wp-json\/wp\/v2\/product_tag?post=1830"}],"curies":[{"name":"wp","href":"https:\/\/api.w.org\/{rel}","templated":true}]}}