{"id":2001,"date":"2025-04-17T23:37:16","date_gmt":"2025-04-17T21:37:16","guid":{"rendered":"https:\/\/www.regionalis.shop\/madebyju\/product\/spieltuch-mit-knisterteil-und-vielen-etiketten-blumen-retro\/"},"modified":"2025-04-17T23:37:16","modified_gmt":"2025-04-17T21:37:16","slug":"spieltuch-mit-knisterteil-und-vielen-etiketten-blumen-retro","status":"publish","type":"product","link":"https:\/\/www.regionalis.shop\/madebyju\/shop\/spieltuch-mit-knisterteil-und-vielen-etiketten-blumen-retro\/","title":{"rendered":"SPIELTUCH (mit KNISTERTEIL und vielen ETIKETTEN) &#8211; Blumen retro"},"content":{"rendered":"<p>Babys lieben Etiketten zum Spielen und Kauen!<br \/>\nAuf dieses bunte Spieltuch habe ich rundherum B\u00e4ndern und Etiketten fest eingen\u00e4ht, in einer Ecke ist eine Knisterfolie eingen\u00e4ht, damit wird es noch interessanter zum Spielen und Besch\u00e4ftigen!<\/p>\n<p>Vorder- und R\u00fcckseite sind jeweils farblich abgestimmt und aus Baumwolljersey (95% Baumwolle, 5% Elasthan, \u00d6koTex 100 Standard) mit einem weichen, d\u00fcnnen Vlies verst\u00e4rkt.<\/p>\n<p>Ma\u00dfe: 21x21cm (quadratisch)<\/p>\n<p>Ein perfektes kleines Geschenk an frisch gebackene Eltern!<\/p>\n","protected":false},"excerpt":{"rendered":"<p>Babys lieben Etiketten zum Spielen und Kauen! Auf dieses bunte Spieltuch habe ich rundherum B\u00e4ndern und Etiketten fest eingen\u00e4ht, in einer Ecke ist eine Knisterfolie eingen\u00e4ht, damit wird es noch interessanter zum Spielen und Besch\u00e4ftigen! Vorder- und R\u00fcckseite sind jeweils farblich abgestimmt und aus Baumwolljersey (95% Baumwolle, 5% Elasthan, \u00d6koTex 100 Standard) mit einem weichen, &hellip; <a href=\"https:\/\/www.regionalis.shop\/madebyju\/shop\/spieltuch-mit-knisterteil-und-vielen-etiketten-blumen-retro\/\">Continued<\/a><\/p>\n","protected":false},"featured_media":2002,"template":"","meta":{"_acf_changed":false},"product_brand":[],"product_cat":[38,88],"product_tag":[],"class_list":{"0":"post-2001","1":"product","2":"type-product","3":"status-publish","4":"has-post-thumbnail","6":"product_cat-baby-kinder","7":"product_cat-spielzeug","9":"first","10":"instock","11":"purchasable","12":"product-type-simple"},"acf":[],"_links":{"self":[{"href":"https:\/\/www.regionalis.shop\/madebyju\/wp-json\/wp\/v2\/product\/2001","targetHints":{"allow":["GET"]}}],"collection":[{"href":"https:\/\/www.regionalis.shop\/madebyju\/wp-json\/wp\/v2\/product"}],"about":[{"href":"https:\/\/www.regionalis.shop\/madebyju\/wp-json\/wp\/v2\/types\/product"}],"wp:featuredmedia":[{"embeddable":true,"href":"https:\/\/www.regionalis.shop\/madebyju\/wp-json\/wp\/v2\/media\/2002"}],"wp:attachment":[{"href":"https:\/\/www.regionalis.shop\/madebyju\/wp-json\/wp\/v2\/media?parent=2001"}],"wp:term":[{"taxonomy":"product_brand","embeddable":true,"href":"https:\/\/www.regionalis.shop\/madebyju\/wp-json\/wp\/v2\/product_brand?post=2001"},{"taxonomy":"product_cat","embeddable":true,"href":"https:\/\/www.regionalis.shop\/madebyju\/wp-json\/wp\/v2\/product_cat?post=2001"},{"taxonomy":"product_tag","embeddable":true,"href":"https:\/\/www.regionalis.shop\/madebyju\/wp-json\/wp\/v2\/product_tag?post=2001"}],"curies":[{"name":"wp","href":"https:\/\/api.w.org\/{rel}","templated":true}]}}